{"id":448,"date":"2018-09-03T16:40:53","date_gmt":"2018-09-03T16:40:53","guid":{"rendered":"https:\/\/demo.gloriathemes.com\/luxe\/demo\/?page_id=448"},"modified":"2018-09-03T16:40:53","modified_gmt":"2018-09-03T16:40:53","slug":"project-list-12","status":"publish","type":"page","link":"https:\/\/sanatyapi.com.tr\/en\/project-list-12\/","title":{"rendered":"Project List 12 \u2013 Narrow Creative Grid"},"content":{"rendered":"<div class=\"wpb-content-wrapper\"><div class=\"vc_row wpb_row vc_row-fluid gt-background-position-initial gt-background-attachment-initial gt-text-default\"><div class=\"wpb_column vc_column_container vc_col-sm-12\"><div class=\"vc_column-inner\"><div class=\"wpb_wrapper\"><div class=\"gt-project-list gt-style-5 gt-columns gt-column-3 gt-opacity-effect-true\"><div class=\"gt-item gt-col\"><div class=\"gt-img\"><a href=\"https:\/\/sanatyapi.com.tr\/en\/project\/turkcell-office-park\/\"><img loading=\"lazy\" decoding=\"async\" width=\"750\" height=\"750\" src=\"data:image\/svg+xml,%3Csvg%20xmlns%3D%27https:\/\/www.w3.org\/2000\/svg%27%20viewBox%3D%270%200%203%202%27%3E%3C\/svg%3E\" class=\"attachment-luxe-project-2 size-luxe-project-2 gt-lazy-load wp-post-image\" alt=\"\" data-src=\"https:\/\/sanatyapi.com.tr\/wp-content\/uploads\/2018\/09\/food-5-750x750.webp\" data-srcset=\"https:\/\/sanatyapi.com.tr\/wp-content\/uploads\/2018\/09\/food-5-750x750.webp 750w, https:\/\/sanatyapi.com.tr\/wp-content\/uploads\/2018\/09\/food-5-150x150.webp 150w, https:\/\/sanatyapi.com.tr\/wp-content\/uploads\/2018\/09\/food-5-555x555.webp 555w, https:\/\/sanatyapi.com.tr\/wp-content\/uploads\/2018\/09\/food-5-540x540.webp 540w, https:\/\/sanatyapi.com.tr\/wp-content\/uploads\/2018\/09\/food-5-800x800.webp 800w, https:\/\/sanatyapi.com.tr\/wp-content\/uploads\/2018\/09\/food-5-65x65.webp 65w, https:\/\/sanatyapi.com.tr\/wp-content\/uploads\/2018\/09\/food-5-350x350.webp 350w, https:\/\/sanatyapi.com.tr\/wp-content\/uploads\/2018\/09\/food-5-650x650.webp 650w\" data-sizes=\"(max-width: 750px) 100vw, 750px\" \/><\/a><div class=\"gt-overlay\"><a href=\"https:\/\/sanatyapi.com.tr\/en\/project\/turkcell-office-park\/\"><div class=\"gt-overlay-color\"><\/div><\/a><div class=\"gt-content\"><div class=\"gt-line\"><\/div><ul class=\"gt-date\"><li>2015<\/li><\/ul><h3 class=\"gt-title\">TURKCELL Office Park<\/h3><ul class=\"gt-location\"><li>Istanbul<\/li><\/ul><ul class=\"gt-cat\"><li>Business Centers \/ Offices<\/li><\/ul><\/div><\/div><\/div><\/div><div class=\"gt-item gt-col\"><div class=\"gt-img\"><a href=\"https:\/\/sanatyapi.com.tr\/en\/project\/ziraat-genel-mudurlugu-executive-katlar\/\"><img loading=\"lazy\" decoding=\"async\" width=\"750\" height=\"750\" src=\"data:image\/svg+xml,%3Csvg%20xmlns%3D%27https:\/\/www.w3.org\/2000\/svg%27%20viewBox%3D%270%200%203%202%27%3E%3C\/svg%3E\" class=\"attachment-luxe-project-2 size-luxe-project-2 gt-lazy-load wp-post-image\" alt=\"\" data-src=\"https:\/\/sanatyapi.com.tr\/wp-content\/uploads\/2024\/11\/Sanatyapi_ziraat-5-1-750x750.jpg\" data-srcset=\"https:\/\/sanatyapi.com.tr\/wp-content\/uploads\/2024\/11\/Sanatyapi_ziraat-5-1-750x750.jpg 750w, https:\/\/sanatyapi.com.tr\/wp-content\/uploads\/2024\/11\/Sanatyapi_ziraat-5-1-150x150.jpg 150w, https:\/\/sanatyapi.com.tr\/wp-content\/uploads\/2024\/11\/Sanatyapi_ziraat-5-1-555x555.jpg 555w, https:\/\/sanatyapi.com.tr\/wp-content\/uploads\/2024\/11\/Sanatyapi_ziraat-5-1-540x540.jpg 540w, https:\/\/sanatyapi.com.tr\/wp-content\/uploads\/2024\/11\/Sanatyapi_ziraat-5-1-800x800.jpg 800w, https:\/\/sanatyapi.com.tr\/wp-content\/uploads\/2024\/11\/Sanatyapi_ziraat-5-1-65x65.jpg 65w, https:\/\/sanatyapi.com.tr\/wp-content\/uploads\/2024\/11\/Sanatyapi_ziraat-5-1-350x350.jpg 350w, https:\/\/sanatyapi.com.tr\/wp-content\/uploads\/2024\/11\/Sanatyapi_ziraat-5-1-650x650.jpg 650w\" data-sizes=\"(max-width: 750px) 100vw, 750px\" \/><\/a><div class=\"gt-overlay\"><a href=\"https:\/\/sanatyapi.com.tr\/en\/project\/ziraat-genel-mudurlugu-executive-katlar\/\"><div class=\"gt-overlay-color\"><\/div><\/a><div class=\"gt-content\"><div class=\"gt-line\"><\/div><ul class=\"gt-date\"><li>2024<\/li><\/ul><h3 class=\"gt-title\">GENERAL DIRECTORATE OF AGRICULTURE EXECUTIVE FLOORS<\/h3><ul class=\"gt-location\"><li>Istanbul<\/li><\/ul><ul class=\"gt-cat\"><li>Business Centers \/ Offices<\/li><\/ul><\/div><\/div><\/div><\/div><div class=\"gt-item gt-col\"><div class=\"gt-img\"><a href=\"https:\/\/sanatyapi.com.tr\/en\/project\/primemall\/\"><img loading=\"lazy\" decoding=\"async\" width=\"750\" height=\"750\" src=\"data:image\/svg+xml,%3Csvg%20xmlns%3D%27https:\/\/www.w3.org\/2000\/svg%27%20viewBox%3D%270%200%203%202%27%3E%3C\/svg%3E\" class=\"attachment-luxe-project-2 size-luxe-project-2 gt-lazy-load wp-post-image\" alt=\"\" data-src=\"https:\/\/sanatyapi.com.tr\/wp-content\/uploads\/2024\/06\/DSC_6859-750x750.jpg\" data-srcset=\"https:\/\/sanatyapi.com.tr\/wp-content\/uploads\/2024\/06\/DSC_6859-750x750.jpg 750w, https:\/\/sanatyapi.com.tr\/wp-content\/uploads\/2024\/06\/DSC_6859-150x150.jpg 150w, https:\/\/sanatyapi.com.tr\/wp-content\/uploads\/2024\/06\/DSC_6859-555x555.jpg 555w, https:\/\/sanatyapi.com.tr\/wp-content\/uploads\/2024\/06\/DSC_6859-540x540.jpg 540w, https:\/\/sanatyapi.com.tr\/wp-content\/uploads\/2024\/06\/DSC_6859-800x800.jpg 800w, https:\/\/sanatyapi.com.tr\/wp-content\/uploads\/2024\/06\/DSC_6859-65x65.jpg 65w, https:\/\/sanatyapi.com.tr\/wp-content\/uploads\/2024\/06\/DSC_6859-350x350.jpg 350w, https:\/\/sanatyapi.com.tr\/wp-content\/uploads\/2024\/06\/DSC_6859-650x650.jpg 650w, https:\/\/sanatyapi.com.tr\/wp-content\/uploads\/2024\/06\/DSC_6859-1200x1200.jpg 1200w\" data-sizes=\"(max-width: 750px) 100vw, 750px\" \/><\/a><div class=\"gt-overlay\"><a href=\"https:\/\/sanatyapi.com.tr\/en\/project\/primemall\/\"><div class=\"gt-overlay-color\"><\/div><\/a><div class=\"gt-content\"><div class=\"gt-line\"><\/div><ul class=\"gt-date\"><li>2016<\/li><\/ul><h3 class=\"gt-title\">PRIMEMALL<\/h3><ul class=\"gt-location\"><li>Sivas<\/li><\/ul><ul class=\"gt-cat\"><li>Shopping Malls<\/li><\/ul><\/div><\/div><\/div><\/div><div class=\"gt-item gt-col\"><div class=\"gt-img\"><a href=\"https:\/\/sanatyapi.com.tr\/en\/project\/unifree\/\"><img loading=\"lazy\" decoding=\"async\" width=\"750\" height=\"750\" src=\"data:image\/svg+xml,%3Csvg%20xmlns%3D%27https:\/\/www.w3.org\/2000\/svg%27%20viewBox%3D%270%200%203%202%27%3E%3C\/svg%3E\" class=\"attachment-luxe-project-2 size-luxe-project-2 gt-lazy-load wp-post-image\" alt=\"\" data-src=\"https:\/\/sanatyapi.com.tr\/wp-content\/uploads\/2024\/06\/IMG_0319-750x750.webp\" data-srcset=\"https:\/\/sanatyapi.com.tr\/wp-content\/uploads\/2024\/06\/IMG_0319-750x750.webp 750w, https:\/\/sanatyapi.com.tr\/wp-content\/uploads\/2024\/06\/IMG_0319-150x150.webp 150w, https:\/\/sanatyapi.com.tr\/wp-content\/uploads\/2024\/06\/IMG_0319-555x555.webp 555w, https:\/\/sanatyapi.com.tr\/wp-content\/uploads\/2024\/06\/IMG_0319-540x540.webp 540w, https:\/\/sanatyapi.com.tr\/wp-content\/uploads\/2024\/06\/IMG_0319-800x800.webp 800w, https:\/\/sanatyapi.com.tr\/wp-content\/uploads\/2024\/06\/IMG_0319-65x65.webp 65w, https:\/\/sanatyapi.com.tr\/wp-content\/uploads\/2024\/06\/IMG_0319-350x350.webp 350w, https:\/\/sanatyapi.com.tr\/wp-content\/uploads\/2024\/06\/IMG_0319-650x650.webp 650w\" data-sizes=\"(max-width: 750px) 100vw, 750px\" \/><\/a><div class=\"gt-overlay\"><a href=\"https:\/\/sanatyapi.com.tr\/en\/project\/unifree\/\"><div class=\"gt-overlay-color\"><\/div><\/a><div class=\"gt-content\"><div class=\"gt-line\"><\/div><ul class=\"gt-date\"><li>2018<\/li><\/ul><h3 class=\"gt-title\">UNIFREE INTERNATIONAL DEPARTURE<\/h3><ul class=\"gt-location\"><li>Istanbul<\/li><\/ul><ul class=\"gt-cat\"><li>Business Centers \/ Offices<\/li><\/ul><\/div><\/div><\/div><\/div><div class=\"gt-item gt-col\"><div class=\"gt-img\"><a href=\"https:\/\/sanatyapi.com.tr\/en\/project\/metropol-avm\/\"><img loading=\"lazy\" decoding=\"async\" width=\"750\" height=\"750\" src=\"data:image\/svg+xml,%3Csvg%20xmlns%3D%27https:\/\/www.w3.org\/2000\/svg%27%20viewBox%3D%270%200%203%202%27%3E%3C\/svg%3E\" class=\"attachment-luxe-project-2 size-luxe-project-2 gt-lazy-load wp-post-image\" alt=\"\" data-src=\"https:\/\/sanatyapi.com.tr\/wp-content\/uploads\/2024\/06\/2-750x750.webp\" data-srcset=\"https:\/\/sanatyapi.com.tr\/wp-content\/uploads\/2024\/06\/2-750x750.webp 750w, https:\/\/sanatyapi.com.tr\/wp-content\/uploads\/2024\/06\/2-150x150.webp 150w, https:\/\/sanatyapi.com.tr\/wp-content\/uploads\/2024\/06\/2-555x555.webp 555w, https:\/\/sanatyapi.com.tr\/wp-content\/uploads\/2024\/06\/2-540x540.webp 540w, https:\/\/sanatyapi.com.tr\/wp-content\/uploads\/2024\/06\/2-800x800.webp 800w, https:\/\/sanatyapi.com.tr\/wp-content\/uploads\/2024\/06\/2-65x65.webp 65w, https:\/\/sanatyapi.com.tr\/wp-content\/uploads\/2024\/06\/2-350x350.webp 350w, https:\/\/sanatyapi.com.tr\/wp-content\/uploads\/2024\/06\/2-650x650.webp 650w\" data-sizes=\"(max-width: 750px) 100vw, 750px\" \/><\/a><div class=\"gt-overlay\"><a href=\"https:\/\/sanatyapi.com.tr\/en\/project\/metropol-avm\/\"><div class=\"gt-overlay-color\"><\/div><\/a><div class=\"gt-content\"><div class=\"gt-line\"><\/div><ul class=\"gt-date\"><li>2018<\/li><li>2019<\/li><\/ul><h3 class=\"gt-title\">METROPOLITAN SHOPPING CENTER<\/h3><ul class=\"gt-location\"><li>Istanbul<\/li><\/ul><ul class=\"gt-cat\"><li>Shopping Malls<\/li><\/ul><\/div><\/div><\/div><\/div><div class=\"gt-item gt-col\"><div class=\"gt-img\"><a href=\"https:\/\/sanatyapi.com.tr\/en\/project\/protel\/\"><img loading=\"lazy\" decoding=\"async\" width=\"750\" height=\"750\" src=\"data:image\/svg+xml,%3Csvg%20xmlns%3D%27https:\/\/www.w3.org\/2000\/svg%27%20viewBox%3D%270%200%203%202%27%3E%3C\/svg%3E\" class=\"attachment-luxe-project-2 size-luxe-project-2 gt-lazy-load wp-post-image\" alt=\"\" data-src=\"https:\/\/sanatyapi.com.tr\/wp-content\/uploads\/2024\/07\/protel-1-750x750.jpg\" data-srcset=\"https:\/\/sanatyapi.com.tr\/wp-content\/uploads\/2024\/07\/protel-1-750x750.jpg 750w, https:\/\/sanatyapi.com.tr\/wp-content\/uploads\/2024\/07\/protel-1-150x150.jpg 150w, https:\/\/sanatyapi.com.tr\/wp-content\/uploads\/2024\/07\/protel-1-555x555.jpg 555w, https:\/\/sanatyapi.com.tr\/wp-content\/uploads\/2024\/07\/protel-1-540x540.jpg 540w, https:\/\/sanatyapi.com.tr\/wp-content\/uploads\/2024\/07\/protel-1-800x800.jpg 800w, https:\/\/sanatyapi.com.tr\/wp-content\/uploads\/2024\/07\/protel-1-65x65.jpg 65w, https:\/\/sanatyapi.com.tr\/wp-content\/uploads\/2024\/07\/protel-1-350x350.jpg 350w, https:\/\/sanatyapi.com.tr\/wp-content\/uploads\/2024\/07\/protel-1-650x650.jpg 650w, https:\/\/sanatyapi.com.tr\/wp-content\/uploads\/2024\/07\/protel-1-1200x1200.jpg 1200w\" data-sizes=\"(max-width: 750px) 100vw, 750px\" \/><\/a><div class=\"gt-overlay\"><a href=\"https:\/\/sanatyapi.com.tr\/en\/project\/protel\/\"><div class=\"gt-overlay-color\"><\/div><\/a><div class=\"gt-content\"><div class=\"gt-line\"><\/div><ul class=\"gt-date\"><li>2014<\/li><\/ul><h3 class=\"gt-title\">PROTEL<\/h3><ul class=\"gt-location\"><li>Istanbul<\/li><\/ul><ul class=\"gt-cat\"><li>Business Centers \/ Offices<\/li><\/ul><\/div><\/div><\/div><\/div><div class=\"gt-item gt-col\"><div class=\"gt-img\"><a href=\"https:\/\/sanatyapi.com.tr\/en\/project\/istanbul-finans-merkezi-ziraat-kuleleri\/\"><img loading=\"lazy\" decoding=\"async\" width=\"750\" height=\"750\" src=\"data:image\/svg+xml,%3Csvg%20xmlns%3D%27https:\/\/www.w3.org\/2000\/svg%27%20viewBox%3D%270%200%203%202%27%3E%3C\/svg%3E\" class=\"attachment-luxe-project-2 size-luxe-project-2 gt-lazy-load wp-post-image\" alt=\"\" data-src=\"https:\/\/sanatyapi.com.tr\/wp-content\/uploads\/2024\/11\/IMG-20230919-WA0007-750x750.jpg\" data-srcset=\"https:\/\/sanatyapi.com.tr\/wp-content\/uploads\/2024\/11\/IMG-20230919-WA0007-750x750.jpg 750w, https:\/\/sanatyapi.com.tr\/wp-content\/uploads\/2024\/11\/IMG-20230919-WA0007-150x150.jpg 150w, https:\/\/sanatyapi.com.tr\/wp-content\/uploads\/2024\/11\/IMG-20230919-WA0007-555x555.jpg 555w, https:\/\/sanatyapi.com.tr\/wp-content\/uploads\/2024\/11\/IMG-20230919-WA0007-540x540.jpg 540w, https:\/\/sanatyapi.com.tr\/wp-content\/uploads\/2024\/11\/IMG-20230919-WA0007-800x800.jpg 800w, https:\/\/sanatyapi.com.tr\/wp-content\/uploads\/2024\/11\/IMG-20230919-WA0007-65x65.jpg 65w, https:\/\/sanatyapi.com.tr\/wp-content\/uploads\/2024\/11\/IMG-20230919-WA0007-350x350.jpg 350w, https:\/\/sanatyapi.com.tr\/wp-content\/uploads\/2024\/11\/IMG-20230919-WA0007-650x650.jpg 650w, https:\/\/sanatyapi.com.tr\/wp-content\/uploads\/2024\/11\/IMG-20230919-WA0007-1200x1200.jpg 1200w\" data-sizes=\"(max-width: 750px) 100vw, 750px\" \/><\/a><div class=\"gt-overlay\"><a href=\"https:\/\/sanatyapi.com.tr\/en\/project\/istanbul-finans-merkezi-ziraat-kuleleri\/\"><div class=\"gt-overlay-color\"><\/div><\/a><div class=\"gt-content\"><div class=\"gt-line\"><\/div><ul class=\"gt-date\"><li>2024<\/li><\/ul><h3 class=\"gt-title\">ISTANBUL FINANCE CENTER ZIRAAT TOWERS<\/h3><ul class=\"gt-location\"><li>Istanbul<\/li><\/ul><ul class=\"gt-cat\"><li>Business Centers \/ Offices<\/li><\/ul><\/div><\/div><\/div><\/div><div class=\"gt-item gt-col\"><div class=\"gt-img\"><a href=\"https:\/\/sanatyapi.com.tr\/en\/project\/fmv-isik-okullari\/\"><img loading=\"lazy\" decoding=\"async\" width=\"576\" height=\"576\" src=\"data:image\/svg+xml,%3Csvg%20xmlns%3D%27https:\/\/www.w3.org\/2000\/svg%27%20viewBox%3D%270%200%203%202%27%3E%3C\/svg%3E\" class=\"attachment-luxe-project-2 size-luxe-project-2 gt-lazy-load wp-post-image\" alt=\"\" data-src=\"https:\/\/sanatyapi.com.tr\/wp-content\/uploads\/2024\/11\/WhatsApp-Image-2023-02-01-at-12.45.31.jpeg\" data-srcset=\"https:\/\/sanatyapi.com.tr\/wp-content\/uploads\/2024\/11\/WhatsApp-Image-2023-02-01-at-12.45.31.jpeg 576w, https:\/\/sanatyapi.com.tr\/wp-content\/uploads\/2024\/11\/WhatsApp-Image-2023-02-01-at-12.45.31-300x300.jpeg 300w, https:\/\/sanatyapi.com.tr\/wp-content\/uploads\/2024\/11\/WhatsApp-Image-2023-02-01-at-12.45.31-150x150.jpeg 150w, https:\/\/sanatyapi.com.tr\/wp-content\/uploads\/2024\/11\/WhatsApp-Image-2023-02-01-at-12.45.31-555x555.jpeg 555w, https:\/\/sanatyapi.com.tr\/wp-content\/uploads\/2024\/11\/WhatsApp-Image-2023-02-01-at-12.45.31-540x540.jpeg 540w, https:\/\/sanatyapi.com.tr\/wp-content\/uploads\/2024\/11\/WhatsApp-Image-2023-02-01-at-12.45.31-65x65.jpeg 65w, https:\/\/sanatyapi.com.tr\/wp-content\/uploads\/2024\/11\/WhatsApp-Image-2023-02-01-at-12.45.31-350x350.jpeg 350w\" data-sizes=\"(max-width: 576px) 100vw, 576px\" \/><\/a><div class=\"gt-overlay\"><a href=\"https:\/\/sanatyapi.com.tr\/en\/project\/fmv-isik-okullari\/\"><div class=\"gt-overlay-color\"><\/div><\/a><div class=\"gt-content\"><div class=\"gt-line\"><\/div><ul class=\"gt-date\"><li>2022<\/li><\/ul><h3 class=\"gt-title\">FMV I\u015eIK SCHOOLS<\/h3><ul class=\"gt-location\"><li>Istanbul<\/li><\/ul><ul class=\"gt-cat\"><li>Business Centers \/ Offices<\/li><\/ul><\/div><\/div><\/div><\/div><div class=\"gt-item gt-col\"><div class=\"gt-img\"><a href=\"https:\/\/sanatyapi.com.tr\/en\/project\/intercity-piazza-ofis-binasi\/\"><img loading=\"lazy\" decoding=\"async\" width=\"750\" height=\"750\" src=\"data:image\/svg+xml,%3Csvg%20xmlns%3D%27https:\/\/www.w3.org\/2000\/svg%27%20viewBox%3D%270%200%203%202%27%3E%3C\/svg%3E\" class=\"attachment-luxe-project-2 size-luxe-project-2 gt-lazy-load wp-post-image\" alt=\"\" data-src=\"https:\/\/sanatyapi.com.tr\/wp-content\/uploads\/2024\/12\/DSC02252-750x750.jpg\" data-srcset=\"https:\/\/sanatyapi.com.tr\/wp-content\/uploads\/2024\/12\/DSC02252-750x750.jpg 750w, https:\/\/sanatyapi.com.tr\/wp-content\/uploads\/2024\/12\/DSC02252-150x150.jpg 150w, https:\/\/sanatyapi.com.tr\/wp-content\/uploads\/2024\/12\/DSC02252-555x555.jpg 555w, https:\/\/sanatyapi.com.tr\/wp-content\/uploads\/2024\/12\/DSC02252-540x540.jpg 540w, https:\/\/sanatyapi.com.tr\/wp-content\/uploads\/2024\/12\/DSC02252-800x800.jpg 800w, https:\/\/sanatyapi.com.tr\/wp-content\/uploads\/2024\/12\/DSC02252-65x65.jpg 65w, https:\/\/sanatyapi.com.tr\/wp-content\/uploads\/2024\/12\/DSC02252-350x350.jpg 350w, https:\/\/sanatyapi.com.tr\/wp-content\/uploads\/2024\/12\/DSC02252-650x650.jpg 650w\" data-sizes=\"(max-width: 750px) 100vw, 750px\" \/><\/a><div class=\"gt-overlay\"><a href=\"https:\/\/sanatyapi.com.tr\/en\/project\/intercity-piazza-ofis-binasi\/\"><div class=\"gt-overlay-color\"><\/div><\/a><div class=\"gt-content\"><div class=\"gt-line\"><\/div><ul class=\"gt-date\"><li>2024<\/li><\/ul><h3 class=\"gt-title\">INTERCITY PIAZZA OFFICE BUILDING<\/h3><ul class=\"gt-location\"><li>Istanbul<\/li><\/ul><ul class=\"gt-cat\"><li>Business Centers \/ Offices<\/li><\/ul><\/div><\/div><\/div><\/div><div class=\"gt-item gt-col\"><div class=\"gt-img\"><a href=\"https:\/\/sanatyapi.com.tr\/en\/project\/yolbulan-metal\/\"><img loading=\"lazy\" decoding=\"async\" width=\"750\" height=\"750\" src=\"data:image\/svg+xml,%3Csvg%20xmlns%3D%27https:\/\/www.w3.org\/2000\/svg%27%20viewBox%3D%270%200%203%202%27%3E%3C\/svg%3E\" class=\"attachment-luxe-project-2 size-luxe-project-2 gt-lazy-load wp-post-image\" alt=\"\" data-src=\"https:\/\/sanatyapi.com.tr\/wp-content\/uploads\/2024\/06\/IMG_1271-750x750.jpg\" data-srcset=\"https:\/\/sanatyapi.com.tr\/wp-content\/uploads\/2024\/06\/IMG_1271-750x750.jpg 750w, https:\/\/sanatyapi.com.tr\/wp-content\/uploads\/2024\/06\/IMG_1271-150x150.jpg 150w, https:\/\/sanatyapi.com.tr\/wp-content\/uploads\/2024\/06\/IMG_1271-555x555.jpg 555w, https:\/\/sanatyapi.com.tr\/wp-content\/uploads\/2024\/06\/IMG_1271-540x540.jpg 540w, https:\/\/sanatyapi.com.tr\/wp-content\/uploads\/2024\/06\/IMG_1271-800x800.jpg 800w, https:\/\/sanatyapi.com.tr\/wp-content\/uploads\/2024\/06\/IMG_1271-65x65.jpg 65w, https:\/\/sanatyapi.com.tr\/wp-content\/uploads\/2024\/06\/IMG_1271-350x350.jpg 350w, https:\/\/sanatyapi.com.tr\/wp-content\/uploads\/2024\/06\/IMG_1271-650x650.jpg 650w, https:\/\/sanatyapi.com.tr\/wp-content\/uploads\/2024\/06\/IMG_1271-1200x1200.jpg 1200w\" data-sizes=\"(max-width: 750px) 100vw, 750px\" \/><\/a><div class=\"gt-overlay\"><a href=\"https:\/\/sanatyapi.com.tr\/en\/project\/yolbulan-metal\/\"><div class=\"gt-overlay-color\"><\/div><\/a><div class=\"gt-content\"><div class=\"gt-line\"><\/div><ul class=\"gt-date\"><li>2009<\/li><\/ul><h3 class=\"gt-title\">YOLBULAN METAL<\/h3><ul class=\"gt-location\"><li>Istanbul<\/li><\/ul><ul class=\"gt-cat\"><li>Business Centers \/ Offices<\/li><\/ul><\/div><\/div><\/div><\/div><div class=\"gt-item gt-col\"><div class=\"gt-img\"><a href=\"https:\/\/sanatyapi.com.tr\/en\/project\/migros-miget\/\"><img loading=\"lazy\" decoding=\"async\" width=\"750\" height=\"750\" src=\"data:image\/svg+xml,%3Csvg%20xmlns%3D%27https:\/\/www.w3.org\/2000\/svg%27%20viewBox%3D%270%200%203%202%27%3E%3C\/svg%3E\" class=\"attachment-luxe-project-2 size-luxe-project-2 gt-lazy-load wp-post-image\" alt=\"\" data-src=\"https:\/\/sanatyapi.com.tr\/wp-content\/uploads\/2024\/11\/image00005-750x750.jpg\" data-srcset=\"https:\/\/sanatyapi.com.tr\/wp-content\/uploads\/2024\/11\/image00005-750x750.jpg 750w, https:\/\/sanatyapi.com.tr\/wp-content\/uploads\/2024\/11\/image00005-300x300.jpg 300w, https:\/\/sanatyapi.com.tr\/wp-content\/uploads\/2024\/11\/image00005-1024x1024.jpg 1024w, https:\/\/sanatyapi.com.tr\/wp-content\/uploads\/2024\/11\/image00005-150x150.jpg 150w, https:\/\/sanatyapi.com.tr\/wp-content\/uploads\/2024\/11\/image00005-768x768.jpg 768w, https:\/\/sanatyapi.com.tr\/wp-content\/uploads\/2024\/11\/image00005-555x555.jpg 555w, https:\/\/sanatyapi.com.tr\/wp-content\/uploads\/2024\/11\/image00005-540x540.jpg 540w, https:\/\/sanatyapi.com.tr\/wp-content\/uploads\/2024\/11\/image00005-800x800.jpg 800w, https:\/\/sanatyapi.com.tr\/wp-content\/uploads\/2024\/11\/image00005-65x65.jpg 65w, https:\/\/sanatyapi.com.tr\/wp-content\/uploads\/2024\/11\/image00005-350x350.jpg 350w, https:\/\/sanatyapi.com.tr\/wp-content\/uploads\/2024\/11\/image00005-650x650.jpg 650w, https:\/\/sanatyapi.com.tr\/wp-content\/uploads\/2024\/11\/image00005-1200x1200.jpg 1200w, https:\/\/sanatyapi.com.tr\/wp-content\/uploads\/2024\/11\/image00005.jpg 1500w\" data-sizes=\"(max-width: 750px) 100vw, 750px\" \/><\/a><div class=\"gt-overlay\"><a href=\"https:\/\/sanatyapi.com.tr\/en\/project\/migros-miget\/\"><div class=\"gt-overlay-color\"><\/div><\/a><div class=\"gt-content\"><div class=\"gt-line\"><\/div><ul class=\"gt-date\"><li>2021<\/li><\/ul><h3 class=\"gt-title\">M\u0130GROS M\u0130GET<\/h3><ul class=\"gt-location\"><li>Izmir<\/li><\/ul><ul class=\"gt-cat\"><li>Industrial Facilities<\/li><\/ul><\/div><\/div><\/div><\/div><div class=\"gt-item gt-col\"><div class=\"gt-img\"><a href=\"https:\/\/sanatyapi.com.tr\/en\/project\/altinay-modifikasyon-merkezi\/\"><img loading=\"lazy\" decoding=\"async\" width=\"635\" height=\"635\" src=\"data:image\/svg+xml,%3Csvg%20xmlns%3D%27https:\/\/www.w3.org\/2000\/svg%27%20viewBox%3D%270%200%203%202%27%3E%3C\/svg%3E\" class=\"attachment-luxe-project-2 size-luxe-project-2 gt-lazy-load wp-post-image\" alt=\"\" data-src=\"https:\/\/sanatyapi.com.tr\/wp-content\/uploads\/2024\/11\/Ekran-Goruntusu-82-copy.jpg\" data-srcset=\"https:\/\/sanatyapi.com.tr\/wp-content\/uploads\/2024\/11\/Ekran-Goruntusu-82-copy.jpg 635w, https:\/\/sanatyapi.com.tr\/wp-content\/uploads\/2024\/11\/Ekran-Goruntusu-82-copy-300x300.jpg 300w, https:\/\/sanatyapi.com.tr\/wp-content\/uploads\/2024\/11\/Ekran-Goruntusu-82-copy-150x150.jpg 150w, https:\/\/sanatyapi.com.tr\/wp-content\/uploads\/2024\/11\/Ekran-Goruntusu-82-copy-555x555.jpg 555w, https:\/\/sanatyapi.com.tr\/wp-content\/uploads\/2024\/11\/Ekran-Goruntusu-82-copy-540x540.jpg 540w, https:\/\/sanatyapi.com.tr\/wp-content\/uploads\/2024\/11\/Ekran-Goruntusu-82-copy-65x65.jpg 65w, https:\/\/sanatyapi.com.tr\/wp-content\/uploads\/2024\/11\/Ekran-Goruntusu-82-copy-350x350.jpg 350w\" data-sizes=\"(max-width: 635px) 100vw, 635px\" \/><\/a><div class=\"gt-overlay\"><a href=\"https:\/\/sanatyapi.com.tr\/en\/project\/altinay-modifikasyon-merkezi\/\"><div class=\"gt-overlay-color\"><\/div><\/a><div class=\"gt-content\"><div class=\"gt-line\"><\/div><ul class=\"gt-date\"><li>2021<\/li><\/ul><h3 class=\"gt-title\">ALTINAY MODIFICATION CENTER<\/h3><ul class=\"gt-location\"><li>Kocaeli<\/li><\/ul><ul class=\"gt-cat\"><li>Industrial Facilities<\/li><\/ul><\/div><\/div><\/div><\/div><\/div><div class=\"gt-pagination gt-gt-dark\"><ul class='page-numbers'>\n\t<li><span aria-current=\"page\" class=\"page-numbers current\">1<\/span><\/li>\n\t<li><a class=\"page-numbers\" href=\"https:\/\/sanatyapi.com.tr\/en\/wp-json\/wp\/v2\/pages\/448\/page\/2\/\">2<\/a><\/li>\n\t<li><a class=\"page-numbers\" href=\"https:\/\/sanatyapi.com.tr\/en\/wp-json\/wp\/v2\/pages\/448\/page\/3\/\">3<\/a><\/li>\n\t<li><span class=\"page-numbers dots\">&hellip;<\/span><\/li>\n\t<li><a class=\"page-numbers\" href=\"https:\/\/sanatyapi.com.tr\/en\/wp-json\/wp\/v2\/pages\/448\/page\/5\/\">5<\/a><\/li>\n\t<li><a class=\"next page-numbers\" href=\"https:\/\/sanatyapi.com.tr\/en\/wp-json\/wp\/v2\/pages\/448\/page\/2\/\">Next<\/a><\/li>\n<\/ul>\n<\/div><\/div><\/div><\/div><\/div>\n<\/div>","protected":false},"excerpt":{"rendered":"FabrikaALTINAY MOD\u0130F\u0130KASYON MERKEZ\u0130T\u00fcr\u00fcFabrikaYap\u0131lan \u0130\u015fKaba \u0130n\u015faat \u0130\u015fleri, Cephe, \u0130nce \u0130\u015fler, Elektrik ve Mekanik \u0130\u015flerY\u0131l2021KonumKocaeli\u0130n\u015faat Alan\u0131-- m\u00b2\u0130n\u015faat S\u00fcresi-- AyTamamland\u0131","protected":false},"author":1,"featured_media":0,"parent":0,"menu_order":0,"comment_status":"closed","ping_status":"closed","template":"","meta":{"om_disable_all_campaigns":false,"inline_featured_image":false,"footnotes":""},"class_list":["post-448","page","type-page","status-publish","hentry"],"aioseo_notices":[],"_links":{"self":[{"href":"https:\/\/sanatyapi.com.tr\/en\/wp-json\/wp\/v2\/pages\/448","targetHints":{"allow":["GET"]}}],"collection":[{"href":"https:\/\/sanatyapi.com.tr\/en\/wp-json\/wp\/v2\/pages"}],"about":[{"href":"https:\/\/sanatyapi.com.tr\/en\/wp-json\/wp\/v2\/types\/page"}],"author":[{"embeddable":true,"href":"https:\/\/sanatyapi.com.tr\/en\/wp-json\/wp\/v2\/users\/1"}],"replies":[{"embeddable":true,"href":"https:\/\/sanatyapi.com.tr\/en\/wp-json\/wp\/v2\/comments?post=448"}],"version-history":[{"count":0,"href":"https:\/\/sanatyapi.com.tr\/en\/wp-json\/wp\/v2\/pages\/448\/revisions"}],"wp:attachment":[{"href":"https:\/\/sanatyapi.com.tr\/en\/wp-json\/wp\/v2\/media?parent=448"}],"curies":[{"name":"wp","href":"https:\/\/api.w.org\/{rel}","templated":true}]}}