{"id":3765,"date":"2024-12-13T14:32:12","date_gmt":"2024-12-13T14:32:12","guid":{"rendered":"https:\/\/sanatyapi.com.tr\/?page_id=3765"},"modified":"2024-12-13T14:34:09","modified_gmt":"2024-12-13T14:34:09","slug":"devam-eden-projeler","status":"publish","type":"page","link":"https:\/\/sanatyapi.com.tr\/en\/devam-eden-projeler\/","title":{"rendered":"Ongoing Projects"},"content":{"rendered":"<div class=\"wpb-content-wrapper\"><div class=\"vc_row wpb_row vc_row-fluid gt-background-position-initial gt-background-attachment-initial gt-text-default\"><div class=\"wpb_column vc_column_container vc_col-sm-12\"><div class=\"vc_column-inner\"><div class=\"wpb_wrapper\"><div class=\"gt-project-list gt-style-1 gt-columns gt-column-3 gt-opacity-effect-false\"><div class=\"gt-item gt-col\"><div class=\"gt-img\"><a href=\"https:\/\/sanatyapi.com.tr\/en\/project\/qnb-bank-as-veri-merkezi\/\"><img loading=\"lazy\" decoding=\"async\" width=\"800\" height=\"800\" src=\"data:image\/svg+xml,%3Csvg%20xmlns%3D%27https:\/\/www.w3.org\/2000\/svg%27%20viewBox%3D%270%200%203%202%27%3E%3C\/svg%3E\" class=\"attachment-luxe-project-1 size-luxe-project-1 gt-lazy-load wp-post-image\" alt=\"\" data-src=\"https:\/\/sanatyapi.com.tr\/wp-content\/uploads\/2026\/04\/CleanShot-2026-04-22-at-23.44.49-800x800.jpg\" data-srcset=\"https:\/\/sanatyapi.com.tr\/wp-content\/uploads\/2026\/04\/CleanShot-2026-04-22-at-23.44.49-800x800.jpg 800w, https:\/\/sanatyapi.com.tr\/wp-content\/uploads\/2026\/04\/CleanShot-2026-04-22-at-23.44.49-150x150.jpg 150w, https:\/\/sanatyapi.com.tr\/wp-content\/uploads\/2026\/04\/CleanShot-2026-04-22-at-23.44.49-555x555.jpg 555w, https:\/\/sanatyapi.com.tr\/wp-content\/uploads\/2026\/04\/CleanShot-2026-04-22-at-23.44.49-540x540.jpg 540w, https:\/\/sanatyapi.com.tr\/wp-content\/uploads\/2026\/04\/CleanShot-2026-04-22-at-23.44.49-750x750.jpg 750w, https:\/\/sanatyapi.com.tr\/wp-content\/uploads\/2026\/04\/CleanShot-2026-04-22-at-23.44.49-65x65.jpg 65w, https:\/\/sanatyapi.com.tr\/wp-content\/uploads\/2026\/04\/CleanShot-2026-04-22-at-23.44.49-350x350.jpg 350w, https:\/\/sanatyapi.com.tr\/wp-content\/uploads\/2026\/04\/CleanShot-2026-04-22-at-23.44.49-650x650.jpg 650w, https:\/\/sanatyapi.com.tr\/wp-content\/uploads\/2026\/04\/CleanShot-2026-04-22-at-23.44.49-1200x1200.jpg 1200w\" data-sizes=\"(max-width: 800px) 100vw, 800px\" \/><div class=\"gt-overlay\"><div class=\"gt-overlay-color\"><\/div><div class=\"gt-overlay-icon\"><svg xmlns=\"https:\/\/www.w3.org\/2000\/svg\" width=\"24\" height=\"24\" viewbox=\"0 0 24 24\" fill=\"none\" stroke=\"currentColor\" stroke-width=\"1\" stroke-linecap=\"round\" stroke-linejoin=\"round\" class=\"feather feather-arrow-right\"><line x1=\"5\" y1=\"12\" x2=\"19\" y2=\"12\"><\/line><polyline points=\"12 5 19 12 12 19\"><\/polyline><\/svg><\/div><\/div><\/a><\/div><div class=\"gt-content\"><div class=\"gt-line\"><\/div><h3 class=\"gt-title\"><a href=\"https:\/\/sanatyapi.com.tr\/en\/project\/qnb-bank-as-veri-merkezi\/\">QNB BANK A.\u015e. DATA CENTER<\/a><\/h3><ul class=\"gt-location\"><li><a href=\"https:\/\/sanatyapi.com.tr\/en\/project-location\/ankara\/\">Ankara<\/a><\/li><\/ul><ul class=\"gt-cat\"><li><a href=\"https:\/\/sanatyapi.com.tr\/en\/project-category\/is-merkezleri-ofisler\/\">Business Centers \/ Offices<\/a><\/li><\/ul><\/div><\/div><div class=\"gt-item gt-col\"><div class=\"gt-content\"><div class=\"gt-line\"><\/div><h3 class=\"gt-title\"><a href=\"https:\/\/sanatyapi.com.tr\/en\/project\/cevahir-avm-renovasyonu\/\">CEVAH\u0130R AVM RENOVASYONU<\/a><\/h3><ul class=\"gt-location\"><li><a href=\"https:\/\/sanatyapi.com.tr\/en\/project-location\/istanbul\/\">Istanbul<\/a><\/li><\/ul><ul class=\"gt-cat\"><li><a href=\"https:\/\/sanatyapi.com.tr\/en\/project-category\/alisveris-merkezleri\/\">Shopping Malls<\/a><\/li><\/ul><\/div><\/div><div class=\"gt-item gt-col\"><div class=\"gt-content\"><div class=\"gt-line\"><\/div><h3 class=\"gt-title\"><a href=\"https:\/\/sanatyapi.com.tr\/en\/project\/darussafaka-cemiyeti-okul-kompleksi\/\">DAR\u00dc\u015e\u015eAFAKA CEM\u0130YET\u0130 OKUL KOMPLEKS\u0130<\/a><\/h3><ul class=\"gt-location\"><li><a href=\"https:\/\/sanatyapi.com.tr\/en\/project-location\/istanbul\/\">Istanbul<\/a><\/li><\/ul><\/div><\/div><div class=\"gt-item gt-col\"><div class=\"gt-img\"><a href=\"https:\/\/sanatyapi.com.tr\/en\/project\/bodrum-hillside-hotel-projesi\/\"><img loading=\"lazy\" decoding=\"async\" width=\"540\" height=\"540\" src=\"data:image\/svg+xml,%3Csvg%20xmlns%3D%27https:\/\/www.w3.org\/2000\/svg%27%20viewBox%3D%270%200%203%202%27%3E%3C\/svg%3E\" class=\"attachment-luxe-project-1 size-luxe-project-1 gt-lazy-load wp-post-image\" alt=\"\" data-src=\"https:\/\/sanatyapi.com.tr\/wp-content\/uploads\/2024\/12\/alark.webp\" data-srcset=\"https:\/\/sanatyapi.com.tr\/wp-content\/uploads\/2024\/12\/alark.webp 540w, https:\/\/sanatyapi.com.tr\/wp-content\/uploads\/2024\/12\/alark-300x300.webp 300w, https:\/\/sanatyapi.com.tr\/wp-content\/uploads\/2024\/12\/alark-150x150.webp 150w, https:\/\/sanatyapi.com.tr\/wp-content\/uploads\/2024\/12\/alark-65x65.webp 65w, https:\/\/sanatyapi.com.tr\/wp-content\/uploads\/2024\/12\/alark-350x350.webp 350w\" data-sizes=\"(max-width: 540px) 100vw, 540px\" \/><div class=\"gt-overlay\"><div class=\"gt-overlay-color\"><\/div><div class=\"gt-overlay-icon\"><svg xmlns=\"https:\/\/www.w3.org\/2000\/svg\" width=\"24\" height=\"24\" viewbox=\"0 0 24 24\" fill=\"none\" stroke=\"currentColor\" stroke-width=\"1\" stroke-linecap=\"round\" stroke-linejoin=\"round\" class=\"feather feather-arrow-right\"><line x1=\"5\" y1=\"12\" x2=\"19\" y2=\"12\"><\/line><polyline points=\"12 5 19 12 12 19\"><\/polyline><\/svg><\/div><\/div><\/a><\/div><div class=\"gt-content\"><div class=\"gt-line\"><\/div><h3 class=\"gt-title\"><a href=\"https:\/\/sanatyapi.com.tr\/en\/project\/bodrum-hillside-hotel-projesi\/\">BODRUM HILLSIDE HOTEL PROJECT<\/a><\/h3><ul class=\"gt-location\"><li><a href=\"https:\/\/sanatyapi.com.tr\/en\/project-location\/bodrum\/\">Basement<\/a><\/li><\/ul><ul class=\"gt-cat\"><li><a href=\"https:\/\/sanatyapi.com.tr\/en\/project-category\/turizm-tesisleri\/\">Tourism Facilities<\/a><\/li><\/ul><\/div><\/div><div class=\"gt-item gt-col\"><div class=\"gt-img\"><a href=\"https:\/\/sanatyapi.com.tr\/en\/project\/go-klips-is-merkezi-projesi\/\"><img loading=\"lazy\" decoding=\"async\" width=\"540\" height=\"540\" src=\"data:image\/svg+xml,%3Csvg%20xmlns%3D%27https:\/\/www.w3.org\/2000\/svg%27%20viewBox%3D%270%200%203%202%27%3E%3C\/svg%3E\" class=\"attachment-luxe-project-1 size-luxe-project-1 gt-lazy-load wp-post-image\" alt=\"\" data-src=\"https:\/\/sanatyapi.com.tr\/wp-content\/uploads\/2024\/11\/goklips.jpg\" data-srcset=\"https:\/\/sanatyapi.com.tr\/wp-content\/uploads\/2024\/11\/goklips.jpg 540w, https:\/\/sanatyapi.com.tr\/wp-content\/uploads\/2024\/11\/goklips-300x300.jpg 300w, https:\/\/sanatyapi.com.tr\/wp-content\/uploads\/2024\/11\/goklips-150x150.jpg 150w, https:\/\/sanatyapi.com.tr\/wp-content\/uploads\/2024\/11\/goklips-65x65.jpg 65w, https:\/\/sanatyapi.com.tr\/wp-content\/uploads\/2024\/11\/goklips-350x350.jpg 350w\" data-sizes=\"(max-width: 540px) 100vw, 540px\" \/><div class=\"gt-overlay\"><div class=\"gt-overlay-color\"><\/div><div class=\"gt-overlay-icon\"><svg xmlns=\"https:\/\/www.w3.org\/2000\/svg\" width=\"24\" height=\"24\" viewbox=\"0 0 24 24\" fill=\"none\" stroke=\"currentColor\" stroke-width=\"1\" stroke-linecap=\"round\" stroke-linejoin=\"round\" class=\"feather feather-arrow-right\"><line x1=\"5\" y1=\"12\" x2=\"19\" y2=\"12\"><\/line><polyline points=\"12 5 19 12 12 19\"><\/polyline><\/svg><\/div><\/div><\/a><\/div><div class=\"gt-content\"><div class=\"gt-line\"><\/div><h3 class=\"gt-title\"><a href=\"https:\/\/sanatyapi.com.tr\/en\/project\/go-klips-is-merkezi-projesi\/\">GO KLIPS BUSINESS CENTER PROJECT<\/a><\/h3><ul class=\"gt-location\"><li><a href=\"https:\/\/sanatyapi.com.tr\/en\/project-location\/istanbul\/\">Istanbul<\/a><\/li><\/ul><ul class=\"gt-cat\"><li><a href=\"https:\/\/sanatyapi.com.tr\/en\/project-category\/is-merkezleri-ofisler\/\">Business Centers \/ Offices<\/a><\/li><\/ul><\/div><\/div><\/div><\/div><\/div><\/div><\/div>\n<\/div>","protected":false},"excerpt":{"rendered":"Office Building GO KLIPS BUSINESS CENTER PROJECT Type Office Building Work Rough Construction Works, Finishing Works, Electrical and Mechanical Works Year Ongoing Location Istanbul Construction Area 3,300 m\u00b2 Construction Duration 12 Months Ongoing","protected":false},"author":1,"featured_media":0,"parent":0,"menu_order":0,"comment_status":"closed","ping_status":"closed","template":"","meta":{"om_disable_all_campaigns":false,"inline_featured_image":false,"footnotes":""},"class_list":["post-3765","page","type-page","status-publish","hentry"],"aioseo_notices":[],"_links":{"self":[{"href":"https:\/\/sanatyapi.com.tr\/en\/wp-json\/wp\/v2\/pages\/3765","targetHints":{"allow":["GET"]}}],"collection":[{"href":"https:\/\/sanatyapi.com.tr\/en\/wp-json\/wp\/v2\/pages"}],"about":[{"href":"https:\/\/sanatyapi.com.tr\/en\/wp-json\/wp\/v2\/types\/page"}],"author":[{"embeddable":true,"href":"https:\/\/sanatyapi.com.tr\/en\/wp-json\/wp\/v2\/users\/1"}],"replies":[{"embeddable":true,"href":"https:\/\/sanatyapi.com.tr\/en\/wp-json\/wp\/v2\/comments?post=3765"}],"version-history":[{"count":1,"href":"https:\/\/sanatyapi.com.tr\/en\/wp-json\/wp\/v2\/pages\/3765\/revisions"}],"predecessor-version":[{"id":3766,"href":"https:\/\/sanatyapi.com.tr\/en\/wp-json\/wp\/v2\/pages\/3765\/revisions\/3766"}],"wp:attachment":[{"href":"https:\/\/sanatyapi.com.tr\/en\/wp-json\/wp\/v2\/media?parent=3765"}],"curies":[{"name":"wp","href":"https:\/\/api.w.org\/{rel}","templated":true}]}}