{"id":345,"date":"2018-09-03T13:02:48","date_gmt":"2018-09-03T13:02:48","guid":{"rendered":"https:\/\/demo.gloriathemes.com\/luxe\/demo\/?page_id=345"},"modified":"2024-11-27T08:57:55","modified_gmt":"2024-11-27T08:57:55","slug":"ekibimiz","status":"publish","type":"page","link":"https:\/\/sanatyapi.com.tr\/en\/ekibimiz\/","title":{"rendered":"Our Team"},"content":{"rendered":"<div class=\"wpb-content-wrapper\"><div class=\"vc_row wpb_row vc_row-fluid ekibimiz gt-background-position-initial gt-background-attachment-initial gt-text-default\"><div class=\"wpb_column vc_column_container vc_col-sm-12 vc_col-lg-1\/5 vc_col-md-1\/5 vc_hidden-sm vc_hidden-xs\"><div class=\"vc_column-inner\"><div class=\"wpb_wrapper\"><\/div><\/div><\/div><div class=\"wpb_column vc_column_container vc_col-sm-12 vc_col-lg-3\/5 vc_col-md-3\/5\"><div class=\"vc_column-inner\"><div class=\"wpb_wrapper\"><div class=\"gt-page-heading gt-dark gt-center\"><div class=\"gt-line\"><\/div><h1>OUR TEAM<\/h1><\/div><div class=\"vc_empty_space\"   style=\"height: 85px\"><span class=\"vc_empty_space_inner\"><\/span><\/div><\/div><\/div><\/div><div class=\"wpb_column vc_column_container vc_col-sm-12 vc_col-lg-1\/5 vc_col-md-1\/5 vc_hidden-sm vc_hidden-xs\"><div class=\"vc_column-inner\"><div class=\"wpb_wrapper\"><\/div><\/div><\/div><\/div><div class=\"vc_row wpb_row vc_row-fluid ekip gt-background-position-initial gt-background-attachment-initial gt-text-default\"><div class=\"wpb_column vc_column_container vc_col-sm-3\"><div class=\"vc_column-inner\"><div class=\"wpb_wrapper\"><\/div><\/div><\/div><div class=\"wpb_column vc_column_container vc_col-sm-6\"><div class=\"vc_column-inner\"><div class=\"wpb_wrapper\">\n\t<div  class=\"wpb_single_image wpb_content_element vc_align_center\">\n\t\t\n\t\t<figure class=\"wpb_wrapper vc_figure\">\n\t\t\t<div class=\"vc_single_image-wrapper   vc_box_border_grey\"><img loading=\"lazy\" decoding=\"async\" width=\"2000\" height=\"1126\" src=\"data:image\/svg+xml,%3Csvg%20xmlns%3D%27https:\/\/www.w3.org\/2000\/svg%27%20viewBox%3D%270%200%203%202%27%3E%3C\/svg%3E\" class=\"vc_single_image-img attachment-full gt-lazy-load\" alt=\"\" title=\"DSC00691 copy\" data-src=\"https:\/\/sanatyapi.com.tr\/wp-content\/uploads\/2024\/11\/DSC00691-copy.webp\" data-srcset=\"https:\/\/sanatyapi.com.tr\/wp-content\/uploads\/2024\/11\/DSC00691-copy.webp 2000w, https:\/\/sanatyapi.com.tr\/wp-content\/uploads\/2024\/11\/DSC00691-copy-300x169.webp 300w, https:\/\/sanatyapi.com.tr\/wp-content\/uploads\/2024\/11\/DSC00691-copy-1024x577.webp 1024w, https:\/\/sanatyapi.com.tr\/wp-content\/uploads\/2024\/11\/DSC00691-copy-768x432.webp 768w, https:\/\/sanatyapi.com.tr\/wp-content\/uploads\/2024\/11\/DSC00691-copy-1536x865.webp 1536w\" data-sizes=\"(max-width: 2000px) 100vw, 2000px\" \/><\/div>\n\t\t<\/figure>\n\t<\/div>\n<div class=\"vc_empty_space\"   style=\"height: 15px\"><span class=\"vc_empty_space_inner\"><\/span><\/div>\n\t<div class=\"wpb_text_column wpb_content_element\" >\n\t\t<div class=\"wpb_wrapper\">\n\t\t\t<h3 style=\"text-align: center;\">Saltuk Orkun ERIBOL<\/h3>\n<p style=\"text-align: center;\">General Manager<\/p>\n\n\t\t<\/div>\n\t<\/div>\n<div class=\"vc_empty_space\"   style=\"height: 30px\"><span class=\"vc_empty_space_inner\"><\/span><\/div><\/div><\/div><\/div><div class=\"wpb_column vc_column_container vc_col-sm-3\"><div class=\"vc_column-inner\"><div class=\"wpb_wrapper\"><\/div><\/div><\/div><\/div><div class=\"vc_row wpb_row vc_row-fluid ekip gt-background-position-initial gt-background-attachment-initial gt-text-default\"><div class=\"wpb_column vc_column_container vc_col-sm-3\"><div class=\"vc_column-inner\"><div class=\"wpb_wrapper\">\n\t<div  class=\"wpb_single_image wpb_content_element vc_align_center\">\n\t\t\n\t\t<figure class=\"wpb_wrapper vc_figure\">\n\t\t\t<div class=\"vc_single_image-wrapper   vc_box_border_grey\"><img loading=\"lazy\" decoding=\"async\" width=\"400\" height=\"500\" src=\"data:image\/svg+xml,%3Csvg%20xmlns%3D%27https:\/\/www.w3.org\/2000\/svg%27%20viewBox%3D%270%200%203%202%27%3E%3C\/svg%3E\" class=\"vc_single_image-img attachment-full gt-lazy-load\" alt=\"\" title=\"Cem\" data-src=\"https:\/\/sanatyapi.com.tr\/wp-content\/uploads\/2024\/08\/cem-1.webp\" data-srcset=\"https:\/\/sanatyapi.com.tr\/wp-content\/uploads\/2024\/08\/cem-1.webp 400w, https:\/\/sanatyapi.com.tr\/wp-content\/uploads\/2024\/08\/cem-1-240x300.webp 240w\" data-sizes=\"(max-width: 400px) 100vw, 400px\" \/><\/div>\n\t\t<\/figure>\n\t<\/div>\n<div class=\"vc_empty_space\"   style=\"height: 15px\"><span class=\"vc_empty_space_inner\"><\/span><\/div>\n\t<div class=\"wpb_text_column wpb_content_element\" >\n\t\t<div class=\"wpb_wrapper\">\n\t\t\t<h3>Cem Balam<\/h3>\n<p>Deputy General Manager<\/p>\n\n\t\t<\/div>\n\t<\/div>\n<div class=\"vc_empty_space\"   style=\"height: 30px\"><span class=\"vc_empty_space_inner\"><\/span><\/div><\/div><\/div><\/div><div class=\"wpb_column vc_column_container vc_col-sm-3\"><div class=\"vc_column-inner\"><div class=\"wpb_wrapper\">\n\t<div  class=\"wpb_single_image wpb_content_element vc_align_center\">\n\t\t\n\t\t<figure class=\"wpb_wrapper vc_figure\">\n\t\t\t<div class=\"vc_single_image-wrapper   vc_box_border_grey\"><img loading=\"lazy\" decoding=\"async\" width=\"400\" height=\"500\" src=\"data:image\/svg+xml,%3Csvg%20xmlns%3D%27https:\/\/www.w3.org\/2000\/svg%27%20viewBox%3D%270%200%203%202%27%3E%3C\/svg%3E\" class=\"vc_single_image-img attachment-full gt-lazy-load\" alt=\"\" title=\"inspiration\" data-src=\"https:\/\/sanatyapi.com.tr\/wp-content\/uploads\/2024\/08\/ilhami-1.webp\" data-srcset=\"https:\/\/sanatyapi.com.tr\/wp-content\/uploads\/2024\/08\/ilhami-1.webp 400w, https:\/\/sanatyapi.com.tr\/wp-content\/uploads\/2024\/08\/ilhami-1-240x300.webp 240w\" data-sizes=\"(max-width: 400px) 100vw, 400px\" \/><\/div>\n\t\t<\/figure>\n\t<\/div>\n<div class=\"vc_empty_space\"   style=\"height: 15px\"><span class=\"vc_empty_space_inner\"><\/span><\/div>\n\t<div class=\"wpb_text_column wpb_content_element\" >\n\t\t<div class=\"wpb_wrapper\">\n\t\t\t<h3>Ilhami Erkan DA\u015eKIN<\/h3>\n<p>General Coordinator of the Architectural Group<\/p>\n\n\t\t<\/div>\n\t<\/div>\n<div class=\"vc_empty_space\"   style=\"height: 30px\"><span class=\"vc_empty_space_inner\"><\/span><\/div><\/div><\/div><\/div><div class=\"wpb_column vc_column_container vc_col-sm-3\"><div class=\"vc_column-inner\"><div class=\"wpb_wrapper\">\n\t<div  class=\"wpb_single_image wpb_content_element vc_align_center\">\n\t\t\n\t\t<figure class=\"wpb_wrapper vc_figure\">\n\t\t\t<div class=\"vc_single_image-wrapper   vc_box_border_grey\"><img loading=\"lazy\" decoding=\"async\" width=\"400\" height=\"500\" src=\"data:image\/svg+xml,%3Csvg%20xmlns%3D%27https:\/\/www.w3.org\/2000\/svg%27%20viewBox%3D%270%200%203%202%27%3E%3C\/svg%3E\" class=\"vc_single_image-img attachment-full gt-lazy-load\" alt=\"\" title=\"sprout\" data-src=\"https:\/\/sanatyapi.com.tr\/wp-content\/uploads\/2024\/08\/filiz-1.webp\" data-srcset=\"https:\/\/sanatyapi.com.tr\/wp-content\/uploads\/2024\/08\/filiz-1.webp 400w, https:\/\/sanatyapi.com.tr\/wp-content\/uploads\/2024\/08\/filiz-1-240x300.webp 240w\" data-sizes=\"(max-width: 400px) 100vw, 400px\" \/><\/div>\n\t\t<\/figure>\n\t<\/div>\n<div class=\"vc_empty_space\"   style=\"height: 15px\"><span class=\"vc_empty_space_inner\"><\/span><\/div>\n\t<div class=\"wpb_text_column wpb_content_element\" >\n\t\t<div class=\"wpb_wrapper\">\n\t\t\t<h3>Filiz GUNGOR<\/h3>\n<p>Technical Office Coordinator<\/p>\n\n\t\t<\/div>\n\t<\/div>\n<div class=\"vc_empty_space\"   style=\"height: 30px\"><span class=\"vc_empty_space_inner\"><\/span><\/div><\/div><\/div><\/div><div class=\"wpb_column vc_column_container vc_col-sm-3\"><div class=\"vc_column-inner\"><div class=\"wpb_wrapper\">\n\t<div  class=\"wpb_single_image wpb_content_element vc_align_center\">\n\t\t\n\t\t<figure class=\"wpb_wrapper vc_figure\">\n\t\t\t<div class=\"vc_single_image-wrapper   vc_box_border_grey\"><img loading=\"lazy\" decoding=\"async\" width=\"400\" height=\"500\" src=\"data:image\/svg+xml,%3Csvg%20xmlns%3D%27https:\/\/www.w3.org\/2000\/svg%27%20viewBox%3D%270%200%203%202%27%3E%3C\/svg%3E\" class=\"vc_single_image-img attachment-full gt-lazy-load\" alt=\"\" title=\"happy\" data-src=\"https:\/\/sanatyapi.com.tr\/wp-content\/uploads\/2024\/08\/mesut-1.webp\" data-srcset=\"https:\/\/sanatyapi.com.tr\/wp-content\/uploads\/2024\/08\/mesut-1.webp 400w, https:\/\/sanatyapi.com.tr\/wp-content\/uploads\/2024\/08\/mesut-1-240x300.webp 240w\" data-sizes=\"(max-width: 400px) 100vw, 400px\" \/><\/div>\n\t\t<\/figure>\n\t<\/div>\n<div class=\"vc_empty_space\"   style=\"height: 15px\"><span class=\"vc_empty_space_inner\"><\/span><\/div>\n\t<div class=\"wpb_text_column wpb_content_element\" >\n\t\t<div class=\"wpb_wrapper\">\n\t\t\t<h3>Mesut Aksoy<\/h3>\n<p>Budget Planning Coordinator<\/p>\n\n\t\t<\/div>\n\t<\/div>\n<div class=\"vc_empty_space\"   style=\"height: 30px\"><span class=\"vc_empty_space_inner\"><\/span><\/div><\/div><\/div><\/div><\/div><div class=\"vc_row wpb_row vc_row-fluid ekip gt-background-position-initial gt-background-attachment-initial gt-text-default\"><div class=\"wpb_column vc_column_container vc_col-sm-3\"><div class=\"vc_column-inner\"><div class=\"wpb_wrapper\">\n\t<div  class=\"wpb_single_image wpb_content_element vc_align_center\">\n\t\t\n\t\t<figure class=\"wpb_wrapper vc_figure\">\n\t\t\t<div class=\"vc_single_image-wrapper   vc_box_border_grey\"><img loading=\"lazy\" decoding=\"async\" width=\"400\" height=\"500\" src=\"data:image\/svg+xml,%3Csvg%20xmlns%3D%27https:\/\/www.w3.org\/2000\/svg%27%20viewBox%3D%270%200%203%202%27%3E%3C\/svg%3E\" class=\"vc_single_image-img attachment-full gt-lazy-load\" alt=\"\" title=\"Nermin\" data-src=\"https:\/\/sanatyapi.com.tr\/wp-content\/uploads\/2024\/08\/nermin-1.webp\" data-srcset=\"https:\/\/sanatyapi.com.tr\/wp-content\/uploads\/2024\/08\/nermin-1.webp 400w, https:\/\/sanatyapi.com.tr\/wp-content\/uploads\/2024\/08\/nermin-1-240x300.webp 240w\" data-sizes=\"(max-width: 400px) 100vw, 400px\" \/><\/div>\n\t\t<\/figure>\n\t<\/div>\n<div class=\"vc_empty_space\"   style=\"height: 15px\"><span class=\"vc_empty_space_inner\"><\/span><\/div>\n\t<div class=\"wpb_text_column wpb_content_element\" >\n\t\t<div class=\"wpb_wrapper\">\n\t\t\t<h3>Nermin ERGUN<\/h3>\n<p>Accounting Manager<\/p>\n\n\t\t<\/div>\n\t<\/div>\n<div class=\"vc_empty_space\"   style=\"height: 30px\"><span class=\"vc_empty_space_inner\"><\/span><\/div><\/div><\/div><\/div><div class=\"wpb_column vc_column_container vc_col-sm-3\"><div class=\"vc_column-inner\"><div class=\"wpb_wrapper\">\n\t<div  class=\"wpb_single_image wpb_content_element vc_align_center\">\n\t\t\n\t\t<figure class=\"wpb_wrapper vc_figure\">\n\t\t\t<div class=\"vc_single_image-wrapper   vc_box_border_grey\"><img loading=\"lazy\" decoding=\"async\" width=\"400\" height=\"500\" src=\"data:image\/svg+xml,%3Csvg%20xmlns%3D%27https:\/\/www.w3.org\/2000\/svg%27%20viewBox%3D%270%200%203%202%27%3E%3C\/svg%3E\" class=\"vc_single_image-img attachment-full gt-lazy-load\" alt=\"\" title=\"serkan\" data-src=\"https:\/\/sanatyapi.com.tr\/wp-content\/uploads\/2024\/08\/serkan-1.webp\" data-srcset=\"https:\/\/sanatyapi.com.tr\/wp-content\/uploads\/2024\/08\/serkan-1.webp 400w, https:\/\/sanatyapi.com.tr\/wp-content\/uploads\/2024\/08\/serkan-1-240x300.webp 240w\" data-sizes=\"(max-width: 400px) 100vw, 400px\" \/><\/div>\n\t\t<\/figure>\n\t<\/div>\n<div class=\"vc_empty_space\"   style=\"height: 15px\"><span class=\"vc_empty_space_inner\"><\/span><\/div>\n\t<div class=\"wpb_text_column wpb_content_element\" >\n\t\t<div class=\"wpb_wrapper\">\n\t\t\t<h3>Serkan CELIKKOL<\/h3>\n<p>Finance Manager<\/p>\n\n\t\t<\/div>\n\t<\/div>\n<div class=\"vc_empty_space\"   style=\"height: 30px\"><span class=\"vc_empty_space_inner\"><\/span><\/div><\/div><\/div><\/div><div class=\"wpb_column vc_column_container vc_col-sm-3\"><div class=\"vc_column-inner\"><div class=\"wpb_wrapper\">\n\t<div  class=\"wpb_single_image wpb_content_element vc_align_center\">\n\t\t\n\t\t<figure class=\"wpb_wrapper vc_figure\">\n\t\t\t<div class=\"vc_single_image-wrapper   vc_box_border_grey\"><img loading=\"lazy\" decoding=\"async\" width=\"400\" height=\"500\" src=\"data:image\/svg+xml,%3Csvg%20xmlns%3D%27https:\/\/www.w3.org\/2000\/svg%27%20viewBox%3D%270%200%203%202%27%3E%3C\/svg%3E\" class=\"vc_single_image-img attachment-full gt-lazy-load\" alt=\"\" title=\"The Most Gracious\" data-src=\"https:\/\/sanatyapi.com.tr\/wp-content\/uploads\/2024\/08\/mukremin-1.webp\" data-srcset=\"https:\/\/sanatyapi.com.tr\/wp-content\/uploads\/2024\/08\/mukremin-1.webp 400w, https:\/\/sanatyapi.com.tr\/wp-content\/uploads\/2024\/08\/mukremin-1-240x300.webp 240w\" data-sizes=\"(max-width: 400px) 100vw, 400px\" \/><\/div>\n\t\t<\/figure>\n\t<\/div>\n<div class=\"vc_empty_space\"   style=\"height: 15px\"><span class=\"vc_empty_space_inner\"><\/span><\/div>\n\t<div class=\"wpb_text_column wpb_content_element\" >\n\t\t<div class=\"wpb_wrapper\">\n\t\t\t<h3>Mukremin USTUN<\/h3>\n<p>Purchasing Manager<\/p>\n\n\t\t<\/div>\n\t<\/div>\n<div class=\"vc_empty_space\"   style=\"height: 30px\"><span class=\"vc_empty_space_inner\"><\/span><\/div><\/div><\/div><\/div><div class=\"wpb_column vc_column_container vc_col-sm-3\"><div class=\"vc_column-inner\"><div class=\"wpb_wrapper\">\n\t<div  class=\"wpb_single_image wpb_content_element vc_align_center\">\n\t\t\n\t\t<figure class=\"wpb_wrapper vc_figure\">\n\t\t\t<div class=\"vc_single_image-wrapper   vc_box_border_grey\"><img loading=\"lazy\" decoding=\"async\" width=\"400\" height=\"500\" src=\"data:image\/svg+xml,%3Csvg%20xmlns%3D%27https:\/\/www.w3.org\/2000\/svg%27%20viewBox%3D%270%200%203%202%27%3E%3C\/svg%3E\" class=\"vc_single_image-img attachment-full gt-lazy-load\" alt=\"\" title=\"Mehmet\" data-src=\"https:\/\/sanatyapi.com.tr\/wp-content\/uploads\/2024\/08\/mehmet-1.webp\" data-srcset=\"https:\/\/sanatyapi.com.tr\/wp-content\/uploads\/2024\/08\/mehmet-1.webp 400w, https:\/\/sanatyapi.com.tr\/wp-content\/uploads\/2024\/08\/mehmet-1-240x300.webp 240w\" data-sizes=\"(max-width: 400px) 100vw, 400px\" \/><\/div>\n\t\t<\/figure>\n\t<\/div>\n<div class=\"vc_empty_space\"   style=\"height: 15px\"><span class=\"vc_empty_space_inner\"><\/span><\/div>\n\t<div class=\"wpb_text_column wpb_content_element\" >\n\t\t<div class=\"wpb_wrapper\">\n\t\t\t<h3>Mehmet BOZOK<\/h3>\n<p>Project Coordinator<\/p>\n\n\t\t<\/div>\n\t<\/div>\n<div class=\"vc_empty_space\"   style=\"height: 30px\"><span class=\"vc_empty_space_inner\"><\/span><\/div><\/div><\/div><\/div><\/div><div class=\"vc_row wpb_row vc_row-fluid ekip gt-background-position-initial gt-background-attachment-initial gt-text-default\"><div class=\"wpb_column vc_column_container vc_col-sm-3\"><div class=\"vc_column-inner\"><div class=\"wpb_wrapper\">\n\t<div  class=\"wpb_single_image wpb_content_element vc_align_center\">\n\t\t\n\t\t<figure class=\"wpb_wrapper vc_figure\">\n\t\t\t<div class=\"vc_single_image-wrapper   vc_box_border_grey\"><img loading=\"lazy\" decoding=\"async\" width=\"400\" height=\"500\" src=\"data:image\/svg+xml,%3Csvg%20xmlns%3D%27https:\/\/www.w3.org\/2000\/svg%27%20viewBox%3D%270%200%203%202%27%3E%3C\/svg%3E\" class=\"vc_single_image-img attachment-full gt-lazy-load\" alt=\"\" title=\"Ayhan\" data-src=\"https:\/\/sanatyapi.com.tr\/wp-content\/uploads\/2024\/08\/ayhan-1.webp\" data-srcset=\"https:\/\/sanatyapi.com.tr\/wp-content\/uploads\/2024\/08\/ayhan-1.webp 400w, https:\/\/sanatyapi.com.tr\/wp-content\/uploads\/2024\/08\/ayhan-1-240x300.webp 240w\" data-sizes=\"(max-width: 400px) 100vw, 400px\" \/><\/div>\n\t\t<\/figure>\n\t<\/div>\n<div class=\"vc_empty_space\"   style=\"height: 15px\"><span class=\"vc_empty_space_inner\"><\/span><\/div>\n\t<div class=\"wpb_text_column wpb_content_element\" >\n\t\t<div class=\"wpb_wrapper\">\n\t\t\t<h3>Ayhan YALCI<\/h3>\n<p>MEP Coordinator<\/p>\n\n\t\t<\/div>\n\t<\/div>\n<div class=\"vc_empty_space\"   style=\"height: 30px\"><span class=\"vc_empty_space_inner\"><\/span><\/div><\/div><\/div><\/div><div class=\"wpb_column vc_column_container vc_col-sm-3\"><div class=\"vc_column-inner\"><div class=\"wpb_wrapper\">\n\t<div  class=\"wpb_single_image wpb_content_element vc_align_center\">\n\t\t\n\t\t<figure class=\"wpb_wrapper vc_figure\">\n\t\t\t<div class=\"vc_single_image-wrapper   vc_box_border_grey\"><img loading=\"lazy\" decoding=\"async\" width=\"400\" height=\"500\" src=\"data:image\/svg+xml,%3Csvg%20xmlns%3D%27https:\/\/www.w3.org\/2000\/svg%27%20viewBox%3D%270%200%203%202%27%3E%3C\/svg%3E\" class=\"vc_single_image-img attachment-full gt-lazy-load\" alt=\"\" title=\"Aysan\" data-src=\"https:\/\/sanatyapi.com.tr\/wp-content\/uploads\/2024\/08\/aysan-1.webp\" data-srcset=\"https:\/\/sanatyapi.com.tr\/wp-content\/uploads\/2024\/08\/aysan-1.webp 400w, https:\/\/sanatyapi.com.tr\/wp-content\/uploads\/2024\/08\/aysan-1-240x300.webp 240w\" data-sizes=\"(max-width: 400px) 100vw, 400px\" \/><\/div>\n\t\t<\/figure>\n\t<\/div>\n<div class=\"vc_empty_space\"   style=\"height: 15px\"><span class=\"vc_empty_space_inner\"><\/span><\/div>\n\t<div class=\"wpb_text_column wpb_content_element\" >\n\t\t<div class=\"wpb_wrapper\">\n\t\t\t<h3>Aysan ILGAZ<\/h3>\n<p>MEP Department<\/p>\n\n\t\t<\/div>\n\t<\/div>\n<div class=\"vc_empty_space\"   style=\"height: 30px\"><span class=\"vc_empty_space_inner\"><\/span><\/div><\/div><\/div><\/div><div class=\"wpb_column vc_column_container vc_col-sm-3\"><div class=\"vc_column-inner\"><div class=\"wpb_wrapper\">\n\t<div  class=\"wpb_single_image wpb_content_element vc_align_center\">\n\t\t\n\t\t<figure class=\"wpb_wrapper vc_figure\">\n\t\t\t<div class=\"vc_single_image-wrapper   vc_box_border_grey\"><img loading=\"lazy\" decoding=\"async\" width=\"400\" height=\"500\" src=\"data:image\/svg+xml,%3Csvg%20xmlns%3D%27https:\/\/www.w3.org\/2000\/svg%27%20viewBox%3D%270%200%203%202%27%3E%3C\/svg%3E\" class=\"vc_single_image-img attachment-full gt-lazy-load\" alt=\"\" title=\"lawyer\" data-src=\"https:\/\/sanatyapi.com.tr\/wp-content\/uploads\/2024\/08\/avukat.webp\" data-srcset=\"https:\/\/sanatyapi.com.tr\/wp-content\/uploads\/2024\/08\/avukat.webp 400w, https:\/\/sanatyapi.com.tr\/wp-content\/uploads\/2024\/08\/avukat-240x300.webp 240w\" data-sizes=\"(max-width: 400px) 100vw, 400px\" \/><\/div>\n\t\t<\/figure>\n\t<\/div>\n<div class=\"vc_empty_space\"   style=\"height: 15px\"><span class=\"vc_empty_space_inner\"><\/span><\/div>\n\t<div class=\"wpb_text_column wpb_content_element\" >\n\t\t<div class=\"wpb_wrapper\">\n\t\t\t<h3>Yesim Eribol<\/h3>\n<p>Legal Advisor<\/p>\n\n\t\t<\/div>\n\t<\/div>\n<div class=\"vc_empty_space\"   style=\"height: 30px\"><span class=\"vc_empty_space_inner\"><\/span><\/div><\/div><\/div><\/div><div class=\"wpb_column vc_column_container vc_col-sm-3\"><div class=\"vc_column-inner\"><div class=\"wpb_wrapper\"><\/div><\/div><\/div><\/div>\n<\/div>","protected":false},"excerpt":{"rendered":"OUR TEAM Saltuk Orkun ER\u0130BOL General Manager Cem BALAM Deputy General Manager \u0130lhami Erkan DA\u015eKIN Architectural Group General Coordinator Filiz \u011e\u00dcNG\u00d6R Technical Office Coordinator Mesut AKSOY Budget Planning Coordinator Nermin ERG\u00dcN...","protected":false},"author":1,"featured_media":0,"parent":0,"menu_order":0,"comment_status":"closed","ping_status":"closed","template":"","meta":{"om_disable_all_campaigns":false,"inline_featured_image":false,"footnotes":""},"class_list":["post-345","page","type-page","status-publish","hentry"],"aioseo_notices":[],"_links":{"self":[{"href":"https:\/\/sanatyapi.com.tr\/en\/wp-json\/wp\/v2\/pages\/345","targetHints":{"allow":["GET"]}}],"collection":[{"href":"https:\/\/sanatyapi.com.tr\/en\/wp-json\/wp\/v2\/pages"}],"about":[{"href":"https:\/\/sanatyapi.com.tr\/en\/wp-json\/wp\/v2\/types\/page"}],"author":[{"embeddable":true,"href":"https:\/\/sanatyapi.com.tr\/en\/wp-json\/wp\/v2\/users\/1"}],"replies":[{"embeddable":true,"href":"https:\/\/sanatyapi.com.tr\/en\/wp-json\/wp\/v2\/comments?post=345"}],"version-history":[{"count":52,"href":"https:\/\/sanatyapi.com.tr\/en\/wp-json\/wp\/v2\/pages\/345\/revisions"}],"predecessor-version":[{"id":3520,"href":"https:\/\/sanatyapi.com.tr\/en\/wp-json\/wp\/v2\/pages\/345\/revisions\/3520"}],"wp:attachment":[{"href":"https:\/\/sanatyapi.com.tr\/en\/wp-json\/wp\/v2\/media?parent=345"}],"curies":[{"name":"wp","href":"https:\/\/api.w.org\/{rel}","templated":true}]}}