{"id":3348,"date":"2024-11-12T19:07:22","date_gmt":"2024-11-12T19:07:22","guid":{"rendered":"http:\/\/wmatest.com\/sanatyapi\/?page_id=3348"},"modified":"2024-11-12T19:08:40","modified_gmt":"2024-11-12T19:08:40","slug":"turizm-tesisleri","status":"publish","type":"page","link":"https:\/\/sanatyapi.com.tr\/en\/turizm-tesisleri\/","title":{"rendered":"TOURISM FACILITIES"},"content":{"rendered":"<div class=\"wpb-content-wrapper\"><div id=\"projeler\" class=\"vc_row wpb_row vc_row-fluid gt-background-position-initial gt-background-attachment-initial gt-text-default\"><div class=\"wpb_column vc_column_container vc_col-sm-6\"><div class=\"vc_column-inner\"><div class=\"wpb_wrapper\"><div class=\"vc_btn3-container  anchor vc_btn3-center\" ><a onmouseleave=\"this.style.borderColor='#666666'; this.style.backgroundColor='transparent'; this.style.color='#666666'\" onmouseenter=\"this.style.borderColor='#f36d25'; this.style.backgroundColor='#f36d25'; this.style.color='#ffffff';\" style=\"border-color:#666666; color:#666666;\" class=\"vc_general vc_btn3 vc_btn3-size-md vc_btn3-shape-rounded vc_btn3-style-outline-custom vc_btn3-block\" href=\"https:\/\/sanatyapi.com.tr\/en\/turizm-tesisleri\/?category=115&#038;location=&#038;status=47&#038;client=&#038;project-year=&#038;project-filtering=true\" title=\"\" onclick=\"scrollWin()\">ONGOING PROJECTS<\/a><\/div><\/div><\/div><\/div><div class=\"wpb_column vc_column_container vc_col-sm-6\"><div class=\"vc_column-inner\"><div class=\"wpb_wrapper\"><div class=\"vc_btn3-container  anchor vc_btn3-center\" ><a onmouseleave=\"this.style.borderColor='#666666'; this.style.backgroundColor='transparent'; this.style.color='#666666'\" onmouseenter=\"this.style.borderColor='#f36d25'; this.style.backgroundColor='#f36d25'; this.style.color='#ffffff';\" style=\"border-color:#666666; color:#666666;\" class=\"vc_general vc_btn3 vc_btn3-size-md vc_btn3-shape-rounded vc_btn3-style-outline-custom vc_btn3-block\" href=\"https:\/\/sanatyapi.com.tr\/en\/turizm-tesisleri\/?category=115&#038;location=&#038;status=36&#038;client=&#038;project-year=&#038;project-filtering=true\" title=\"\" onclick=\"scrollWin()\">COMPLETED PROJECTS<\/a><\/div><\/div><\/div><\/div><\/div><div class=\"vc_row wpb_row vc_row-fluid gt-background-position-initial gt-background-attachment-initial gt-text-default\"><div class=\"wpb_column vc_column_container vc_col-sm-12\"><div class=\"vc_column-inner\"><div class=\"wpb_wrapper\"><div class=\"gt-project-list gt-style-1 gt-columns gt-column-3 gt-opacity-effect-false\"><div class=\"gt-item gt-col\"><div class=\"gt-img\"><a href=\"https:\/\/sanatyapi.com.tr\/en\/project\/cesme-oteli-renovayonu\/\"><img loading=\"lazy\" decoding=\"async\" width=\"540\" height=\"540\" src=\"data:image\/svg+xml,%3Csvg%20xmlns%3D%27https:\/\/www.w3.org\/2000\/svg%27%20viewBox%3D%270%200%203%202%27%3E%3C\/svg%3E\" class=\"attachment-luxe-project-1 size-luxe-project-1 gt-lazy-load wp-post-image\" alt=\"\" data-src=\"https:\/\/sanatyapi.com.tr\/wp-content\/uploads\/2024\/12\/raddison.jpg\" data-srcset=\"https:\/\/sanatyapi.com.tr\/wp-content\/uploads\/2024\/12\/raddison.jpg 540w, https:\/\/sanatyapi.com.tr\/wp-content\/uploads\/2024\/12\/raddison-300x300.jpg 300w, https:\/\/sanatyapi.com.tr\/wp-content\/uploads\/2024\/12\/raddison-150x150.jpg 150w, https:\/\/sanatyapi.com.tr\/wp-content\/uploads\/2024\/12\/raddison-65x65.jpg 65w, https:\/\/sanatyapi.com.tr\/wp-content\/uploads\/2024\/12\/raddison-350x350.jpg 350w\" data-sizes=\"(max-width: 540px) 100vw, 540px\" \/><div class=\"gt-overlay\"><div class=\"gt-overlay-color\"><\/div><div class=\"gt-overlay-icon\"><svg xmlns=\"https:\/\/www.w3.org\/2000\/svg\" width=\"24\" height=\"24\" viewbox=\"0 0 24 24\" fill=\"none\" stroke=\"currentColor\" stroke-width=\"1\" stroke-linecap=\"round\" stroke-linejoin=\"round\" class=\"feather feather-arrow-right\"><line x1=\"5\" y1=\"12\" x2=\"19\" y2=\"12\"><\/line><polyline points=\"12 5 19 12 12 19\"><\/polyline><\/svg><\/div><\/div><\/a><\/div><div class=\"gt-content\"><div class=\"gt-line\"><\/div><h3 class=\"gt-title\"><a href=\"https:\/\/sanatyapi.com.tr\/en\/project\/cesme-oteli-renovayonu\/\">CESME HOTEL RENOVATION<\/a><\/h3><ul class=\"gt-location\"><li><a href=\"https:\/\/sanatyapi.com.tr\/en\/project-location\/izmir\/\">Izmir<\/a><\/li><\/ul><ul class=\"gt-cat\"><li><a href=\"https:\/\/sanatyapi.com.tr\/en\/project-category\/turizm-tesisleri\/\">Tourism Facilities<\/a><\/li><\/ul><\/div><\/div><div class=\"gt-item gt-col\"><div class=\"gt-img\"><a href=\"https:\/\/sanatyapi.com.tr\/en\/project\/bodrum-hillside-hotel-projesi\/\"><img loading=\"lazy\" decoding=\"async\" width=\"540\" height=\"540\" src=\"data:image\/svg+xml,%3Csvg%20xmlns%3D%27https:\/\/www.w3.org\/2000\/svg%27%20viewBox%3D%270%200%203%202%27%3E%3C\/svg%3E\" class=\"attachment-luxe-project-1 size-luxe-project-1 gt-lazy-load wp-post-image\" alt=\"\" data-src=\"https:\/\/sanatyapi.com.tr\/wp-content\/uploads\/2024\/12\/alark.webp\" data-srcset=\"https:\/\/sanatyapi.com.tr\/wp-content\/uploads\/2024\/12\/alark.webp 540w, https:\/\/sanatyapi.com.tr\/wp-content\/uploads\/2024\/12\/alark-300x300.webp 300w, https:\/\/sanatyapi.com.tr\/wp-content\/uploads\/2024\/12\/alark-150x150.webp 150w, https:\/\/sanatyapi.com.tr\/wp-content\/uploads\/2024\/12\/alark-65x65.webp 65w, https:\/\/sanatyapi.com.tr\/wp-content\/uploads\/2024\/12\/alark-350x350.webp 350w\" data-sizes=\"(max-width: 540px) 100vw, 540px\" \/><div class=\"gt-overlay\"><div class=\"gt-overlay-color\"><\/div><div class=\"gt-overlay-icon\"><svg xmlns=\"https:\/\/www.w3.org\/2000\/svg\" width=\"24\" height=\"24\" viewbox=\"0 0 24 24\" fill=\"none\" stroke=\"currentColor\" stroke-width=\"1\" stroke-linecap=\"round\" stroke-linejoin=\"round\" class=\"feather feather-arrow-right\"><line x1=\"5\" y1=\"12\" x2=\"19\" y2=\"12\"><\/line><polyline points=\"12 5 19 12 12 19\"><\/polyline><\/svg><\/div><\/div><\/a><\/div><div class=\"gt-content\"><div class=\"gt-line\"><\/div><h3 class=\"gt-title\"><a href=\"https:\/\/sanatyapi.com.tr\/en\/project\/bodrum-hillside-hotel-projesi\/\">BODRUM HILLSIDE HOTEL PROJECT<\/a><\/h3><ul class=\"gt-location\"><li><a href=\"https:\/\/sanatyapi.com.tr\/en\/project-location\/bodrum\/\">Basement<\/a><\/li><\/ul><ul class=\"gt-cat\"><li><a href=\"https:\/\/sanatyapi.com.tr\/en\/project-category\/turizm-tesisleri\/\">Tourism Facilities<\/a><\/li><\/ul><\/div><\/div><\/div><\/div><\/div><\/div><\/div>\n<\/div>","protected":false},"excerpt":{"rendered":"OtelBODRUM HILLSIDE HOTEL PROJES\u0130T\u00fcr\u00fcOtelYap\u0131lan \u0130\u015f\u0130n\u015fai \u0130\u015fler, G\u00fc\u00e7lendirme, Alt Yap\u0131 ve Di\u011fer M\u00fcteferrik \u0130\u015fler Temin ve Yap\u0131m \u0130\u015fiY\u0131lDevam EdiyorKonumBodrum\u0130n\u015faat Alan\u013170.000 m\u00b2\u0130n\u015faat S\u00fcresi15 AyDevam Ediyor","protected":false},"author":1,"featured_media":0,"parent":0,"menu_order":0,"comment_status":"closed","ping_status":"closed","template":"","meta":{"om_disable_all_campaigns":false,"inline_featured_image":false,"footnotes":""},"class_list":["post-3348","page","type-page","status-publish","hentry"],"aioseo_notices":[],"_links":{"self":[{"href":"https:\/\/sanatyapi.com.tr\/en\/wp-json\/wp\/v2\/pages\/3348","targetHints":{"allow":["GET"]}}],"collection":[{"href":"https:\/\/sanatyapi.com.tr\/en\/wp-json\/wp\/v2\/pages"}],"about":[{"href":"https:\/\/sanatyapi.com.tr\/en\/wp-json\/wp\/v2\/types\/page"}],"author":[{"embeddable":true,"href":"https:\/\/sanatyapi.com.tr\/en\/wp-json\/wp\/v2\/users\/1"}],"replies":[{"embeddable":true,"href":"https:\/\/sanatyapi.com.tr\/en\/wp-json\/wp\/v2\/comments?post=3348"}],"version-history":[{"count":3,"href":"https:\/\/sanatyapi.com.tr\/en\/wp-json\/wp\/v2\/pages\/3348\/revisions"}],"predecessor-version":[{"id":3351,"href":"https:\/\/sanatyapi.com.tr\/en\/wp-json\/wp\/v2\/pages\/3348\/revisions\/3351"}],"wp:attachment":[{"href":"https:\/\/sanatyapi.com.tr\/en\/wp-json\/wp\/v2\/media?parent=3348"}],"curies":[{"name":"wp","href":"https:\/\/api.w.org\/{rel}","templated":true}]}}