{"id":3319,"date":"2024-11-12T17:46:36","date_gmt":"2024-11-12T17:46:36","guid":{"rendered":"http:\/\/wmatest.com\/sanatyapi\/?page_id=3319"},"modified":"2024-11-12T18:51:45","modified_gmt":"2024-11-12T18:51:45","slug":"sanayi-tesisleri","status":"publish","type":"page","link":"https:\/\/sanatyapi.com.tr\/en\/sanayi-tesisleri\/","title":{"rendered":"INDUSTRIAL FACILITIES"},"content":{"rendered":"<div class=\"wpb-content-wrapper\"><div id=\"projeler\" class=\"vc_row wpb_row vc_row-fluid gt-background-position-initial gt-background-attachment-initial gt-text-default\"><div class=\"wpb_column vc_column_container vc_col-sm-6\"><div class=\"vc_column-inner\"><div class=\"wpb_wrapper\"><div class=\"vc_btn3-container  anchor vc_btn3-center\" ><a onmouseleave=\"this.style.borderColor='#666666'; this.style.backgroundColor='transparent'; this.style.color='#666666'\" onmouseenter=\"this.style.borderColor='#f36d25'; this.style.backgroundColor='#f36d25'; this.style.color='#ffffff';\" style=\"border-color:#666666; color:#666666;\" class=\"vc_general vc_btn3 vc_btn3-size-md vc_btn3-shape-rounded vc_btn3-style-outline-custom vc_btn3-block\" href=\"https:\/\/sanatyapi.com.tr\/en\/sanayi-tesisleri\/?category=19&#038;location=&#038;status=47&#038;client=&#038;project-year=&#038;project-filtering=true\" title=\"\" onclick=\"scrollWin()\">ONGOING PROJECTS<\/a><\/div><\/div><\/div><\/div><div class=\"wpb_column vc_column_container vc_col-sm-6\"><div class=\"vc_column-inner\"><div class=\"wpb_wrapper\"><div class=\"vc_btn3-container  anchor vc_btn3-center\" ><a onmouseleave=\"this.style.borderColor='#666666'; this.style.backgroundColor='transparent'; this.style.color='#666666'\" onmouseenter=\"this.style.borderColor='#f36d25'; this.style.backgroundColor='#f36d25'; this.style.color='#ffffff';\" style=\"border-color:#666666; color:#666666;\" class=\"vc_general vc_btn3 vc_btn3-size-md vc_btn3-shape-rounded vc_btn3-style-outline-custom vc_btn3-block\" href=\"https:\/\/sanatyapi.com.tr\/en\/sanayi-tesisleri\/?category=19&#038;location=&#038;status=36&#038;client=&#038;project-year=&#038;project-filtering=true\" title=\"\" onclick=\"scrollWin()\">COMPLETED PROJECTS<\/a><\/div><\/div><\/div><\/div><\/div><div class=\"vc_row wpb_row vc_row-fluid gt-background-position-initial gt-background-attachment-initial gt-text-default\"><div class=\"wpb_column vc_column_container vc_col-sm-12\"><div class=\"vc_column-inner\"><div class=\"wpb_wrapper\"><div class=\"gt-project-list gt-style-1 gt-columns gt-column-3 gt-opacity-effect-false\"><div class=\"gt-item gt-col\"><div class=\"gt-img\"><a href=\"https:\/\/sanatyapi.com.tr\/en\/project\/migros-miget\/\"><img loading=\"lazy\" decoding=\"async\" width=\"800\" height=\"800\" src=\"data:image\/svg+xml,%3Csvg%20xmlns%3D%27https:\/\/www.w3.org\/2000\/svg%27%20viewBox%3D%270%200%203%202%27%3E%3C\/svg%3E\" class=\"attachment-luxe-project-1 size-luxe-project-1 gt-lazy-load wp-post-image\" alt=\"\" data-src=\"https:\/\/sanatyapi.com.tr\/wp-content\/uploads\/2024\/11\/image00005-800x800.jpg\" data-srcset=\"https:\/\/sanatyapi.com.tr\/wp-content\/uploads\/2024\/11\/image00005-800x800.jpg 800w, https:\/\/sanatyapi.com.tr\/wp-content\/uploads\/2024\/11\/image00005-300x300.jpg 300w, https:\/\/sanatyapi.com.tr\/wp-content\/uploads\/2024\/11\/image00005-1024x1024.jpg 1024w, https:\/\/sanatyapi.com.tr\/wp-content\/uploads\/2024\/11\/image00005-150x150.jpg 150w, https:\/\/sanatyapi.com.tr\/wp-content\/uploads\/2024\/11\/image00005-768x768.jpg 768w, https:\/\/sanatyapi.com.tr\/wp-content\/uploads\/2024\/11\/image00005-555x555.jpg 555w, https:\/\/sanatyapi.com.tr\/wp-content\/uploads\/2024\/11\/image00005-540x540.jpg 540w, https:\/\/sanatyapi.com.tr\/wp-content\/uploads\/2024\/11\/image00005-750x750.jpg 750w, https:\/\/sanatyapi.com.tr\/wp-content\/uploads\/2024\/11\/image00005-65x65.jpg 65w, https:\/\/sanatyapi.com.tr\/wp-content\/uploads\/2024\/11\/image00005-350x350.jpg 350w, https:\/\/sanatyapi.com.tr\/wp-content\/uploads\/2024\/11\/image00005-650x650.jpg 650w, https:\/\/sanatyapi.com.tr\/wp-content\/uploads\/2024\/11\/image00005-1200x1200.jpg 1200w, https:\/\/sanatyapi.com.tr\/wp-content\/uploads\/2024\/11\/image00005.jpg 1500w\" data-sizes=\"(max-width: 800px) 100vw, 800px\" \/><div class=\"gt-overlay\"><div class=\"gt-overlay-color\"><\/div><div class=\"gt-overlay-icon\"><svg xmlns=\"https:\/\/www.w3.org\/2000\/svg\" width=\"24\" height=\"24\" viewbox=\"0 0 24 24\" fill=\"none\" stroke=\"currentColor\" stroke-width=\"1\" stroke-linecap=\"round\" stroke-linejoin=\"round\" class=\"feather feather-arrow-right\"><line x1=\"5\" y1=\"12\" x2=\"19\" y2=\"12\"><\/line><polyline points=\"12 5 19 12 12 19\"><\/polyline><\/svg><\/div><\/div><\/a><\/div><div class=\"gt-content\"><div class=\"gt-line\"><\/div><ul class=\"gt-date\"><li><a href=\"https:\/\/sanatyapi.com.tr\/en\/project-year\/2021\/\">2021<\/a><\/li><\/ul><h3 class=\"gt-title\"><a href=\"https:\/\/sanatyapi.com.tr\/en\/project\/migros-miget\/\">M\u0130GROS M\u0130GET<\/a><\/h3><ul class=\"gt-location\"><li><a href=\"https:\/\/sanatyapi.com.tr\/en\/project-location\/izmir\/\">Izmir<\/a><\/li><\/ul><ul class=\"gt-cat\"><li><a href=\"https:\/\/sanatyapi.com.tr\/en\/project-category\/sanayi-tesisleri\/\">Industrial Facilities<\/a><\/li><\/ul><\/div><\/div><div class=\"gt-item gt-col\"><div class=\"gt-img\"><a href=\"https:\/\/sanatyapi.com.tr\/en\/project\/altinay-modifikasyon-merkezi\/\"><img loading=\"lazy\" decoding=\"async\" width=\"635\" height=\"635\" src=\"data:image\/svg+xml,%3Csvg%20xmlns%3D%27https:\/\/www.w3.org\/2000\/svg%27%20viewBox%3D%270%200%203%202%27%3E%3C\/svg%3E\" class=\"attachment-luxe-project-1 size-luxe-project-1 gt-lazy-load wp-post-image\" alt=\"\" data-src=\"https:\/\/sanatyapi.com.tr\/wp-content\/uploads\/2024\/11\/Ekran-Goruntusu-82-copy.jpg\" data-srcset=\"https:\/\/sanatyapi.com.tr\/wp-content\/uploads\/2024\/11\/Ekran-Goruntusu-82-copy.jpg 635w, https:\/\/sanatyapi.com.tr\/wp-content\/uploads\/2024\/11\/Ekran-Goruntusu-82-copy-300x300.jpg 300w, https:\/\/sanatyapi.com.tr\/wp-content\/uploads\/2024\/11\/Ekran-Goruntusu-82-copy-150x150.jpg 150w, https:\/\/sanatyapi.com.tr\/wp-content\/uploads\/2024\/11\/Ekran-Goruntusu-82-copy-555x555.jpg 555w, https:\/\/sanatyapi.com.tr\/wp-content\/uploads\/2024\/11\/Ekran-Goruntusu-82-copy-540x540.jpg 540w, https:\/\/sanatyapi.com.tr\/wp-content\/uploads\/2024\/11\/Ekran-Goruntusu-82-copy-65x65.jpg 65w, https:\/\/sanatyapi.com.tr\/wp-content\/uploads\/2024\/11\/Ekran-Goruntusu-82-copy-350x350.jpg 350w\" data-sizes=\"(max-width: 635px) 100vw, 635px\" \/><div class=\"gt-overlay\"><div class=\"gt-overlay-color\"><\/div><div class=\"gt-overlay-icon\"><svg xmlns=\"https:\/\/www.w3.org\/2000\/svg\" width=\"24\" height=\"24\" viewbox=\"0 0 24 24\" fill=\"none\" stroke=\"currentColor\" stroke-width=\"1\" stroke-linecap=\"round\" stroke-linejoin=\"round\" class=\"feather feather-arrow-right\"><line x1=\"5\" y1=\"12\" x2=\"19\" y2=\"12\"><\/line><polyline points=\"12 5 19 12 12 19\"><\/polyline><\/svg><\/div><\/div><\/a><\/div><div class=\"gt-content\"><div class=\"gt-line\"><\/div><ul class=\"gt-date\"><li><a href=\"https:\/\/sanatyapi.com.tr\/en\/project-year\/2021\/\">2021<\/a><\/li><\/ul><h3 class=\"gt-title\"><a href=\"https:\/\/sanatyapi.com.tr\/en\/project\/altinay-modifikasyon-merkezi\/\">ALTINAY MODIFICATION CENTER<\/a><\/h3><ul class=\"gt-location\"><li><a href=\"https:\/\/sanatyapi.com.tr\/en\/project-location\/kocaeli\/\">Kocaeli<\/a><\/li><\/ul><ul class=\"gt-cat\"><li><a href=\"https:\/\/sanatyapi.com.tr\/en\/project-category\/sanayi-tesisleri\/\">Industrial Facilities<\/a><\/li><\/ul><\/div><\/div><div class=\"gt-item gt-col\"><div class=\"gt-img\"><a href=\"https:\/\/sanatyapi.com.tr\/en\/project\/taksim-yenikapi-metro-projesi-sishane-istasyonu\/\"><img loading=\"lazy\" decoding=\"async\" width=\"800\" height=\"800\" src=\"data:image\/svg+xml,%3Csvg%20xmlns%3D%27https:\/\/www.w3.org\/2000\/svg%27%20viewBox%3D%270%200%203%202%27%3E%3C\/svg%3E\" class=\"attachment-luxe-project-1 size-luxe-project-1 gt-lazy-load wp-post-image\" alt=\"\" data-src=\"https:\/\/sanatyapi.com.tr\/wp-content\/uploads\/2024\/11\/DSC_7017-800x800.jpg\" data-srcset=\"https:\/\/sanatyapi.com.tr\/wp-content\/uploads\/2024\/11\/DSC_7017-800x800.jpg 800w, https:\/\/sanatyapi.com.tr\/wp-content\/uploads\/2024\/11\/DSC_7017-150x150.jpg 150w, https:\/\/sanatyapi.com.tr\/wp-content\/uploads\/2024\/11\/DSC_7017-555x555.jpg 555w, https:\/\/sanatyapi.com.tr\/wp-content\/uploads\/2024\/11\/DSC_7017-540x540.jpg 540w, https:\/\/sanatyapi.com.tr\/wp-content\/uploads\/2024\/11\/DSC_7017-750x750.jpg 750w, https:\/\/sanatyapi.com.tr\/wp-content\/uploads\/2024\/11\/DSC_7017-65x65.jpg 65w, https:\/\/sanatyapi.com.tr\/wp-content\/uploads\/2024\/11\/DSC_7017-350x350.jpg 350w, https:\/\/sanatyapi.com.tr\/wp-content\/uploads\/2024\/11\/DSC_7017-650x650.jpg 650w, https:\/\/sanatyapi.com.tr\/wp-content\/uploads\/2024\/11\/DSC_7017-1200x1200.jpg 1200w\" data-sizes=\"(max-width: 800px) 100vw, 800px\" \/><div class=\"gt-overlay\"><div class=\"gt-overlay-color\"><\/div><div class=\"gt-overlay-icon\"><svg xmlns=\"https:\/\/www.w3.org\/2000\/svg\" width=\"24\" height=\"24\" viewbox=\"0 0 24 24\" fill=\"none\" stroke=\"currentColor\" stroke-width=\"1\" stroke-linecap=\"round\" stroke-linejoin=\"round\" class=\"feather feather-arrow-right\"><line x1=\"5\" y1=\"12\" x2=\"19\" y2=\"12\"><\/line><polyline points=\"12 5 19 12 12 19\"><\/polyline><\/svg><\/div><\/div><\/a><\/div><div class=\"gt-content\"><div class=\"gt-line\"><\/div><ul class=\"gt-date\"><li><a href=\"https:\/\/sanatyapi.com.tr\/en\/project-year\/2008\/\">2008<\/a><\/li><\/ul><h3 class=\"gt-title\"><a href=\"https:\/\/sanatyapi.com.tr\/en\/project\/taksim-yenikapi-metro-projesi-sishane-istasyonu\/\">TAKSIM \u2013 YEN\u0130KAPI METRO PROJECT \u015e\u0130\u015eHANE STATION<\/a><\/h3><ul class=\"gt-location\"><li><a href=\"https:\/\/sanatyapi.com.tr\/en\/project-location\/istanbul\/\">Istanbul<\/a><\/li><\/ul><ul class=\"gt-cat\"><li><a href=\"https:\/\/sanatyapi.com.tr\/en\/project-category\/sanayi-tesisleri\/\">Industrial Facilities<\/a><\/li><\/ul><\/div><\/div><div class=\"gt-item gt-col\"><div class=\"gt-img\"><a href=\"https:\/\/sanatyapi.com.tr\/en\/project\/ford-otosan\/\"><img loading=\"lazy\" decoding=\"async\" width=\"800\" height=\"800\" src=\"data:image\/svg+xml,%3Csvg%20xmlns%3D%27https:\/\/www.w3.org\/2000\/svg%27%20viewBox%3D%270%200%203%202%27%3E%3C\/svg%3E\" class=\"attachment-luxe-project-1 size-luxe-project-1 gt-lazy-load wp-post-image\" alt=\"\" data-src=\"https:\/\/sanatyapi.com.tr\/wp-content\/uploads\/2024\/11\/WhatsApp-Image-2023-09-14-at-14.19.50-800x800.jpeg\" data-srcset=\"https:\/\/sanatyapi.com.tr\/wp-content\/uploads\/2024\/11\/WhatsApp-Image-2023-09-14-at-14.19.50-800x800.jpeg 800w, https:\/\/sanatyapi.com.tr\/wp-content\/uploads\/2024\/11\/WhatsApp-Image-2023-09-14-at-14.19.50-150x150.jpeg 150w, https:\/\/sanatyapi.com.tr\/wp-content\/uploads\/2024\/11\/WhatsApp-Image-2023-09-14-at-14.19.50-555x555.jpeg 555w, https:\/\/sanatyapi.com.tr\/wp-content\/uploads\/2024\/11\/WhatsApp-Image-2023-09-14-at-14.19.50-540x540.jpeg 540w, https:\/\/sanatyapi.com.tr\/wp-content\/uploads\/2024\/11\/WhatsApp-Image-2023-09-14-at-14.19.50-750x750.jpeg 750w, https:\/\/sanatyapi.com.tr\/wp-content\/uploads\/2024\/11\/WhatsApp-Image-2023-09-14-at-14.19.50-65x65.jpeg 65w, https:\/\/sanatyapi.com.tr\/wp-content\/uploads\/2024\/11\/WhatsApp-Image-2023-09-14-at-14.19.50-350x350.jpeg 350w, https:\/\/sanatyapi.com.tr\/wp-content\/uploads\/2024\/11\/WhatsApp-Image-2023-09-14-at-14.19.50-650x650.jpeg 650w, https:\/\/sanatyapi.com.tr\/wp-content\/uploads\/2024\/11\/WhatsApp-Image-2023-09-14-at-14.19.50-1200x1200.jpeg 1200w\" data-sizes=\"(max-width: 800px) 100vw, 800px\" \/><div class=\"gt-overlay\"><div class=\"gt-overlay-color\"><\/div><div class=\"gt-overlay-icon\"><svg xmlns=\"https:\/\/www.w3.org\/2000\/svg\" width=\"24\" height=\"24\" viewbox=\"0 0 24 24\" fill=\"none\" stroke=\"currentColor\" stroke-width=\"1\" stroke-linecap=\"round\" stroke-linejoin=\"round\" class=\"feather feather-arrow-right\"><line x1=\"5\" y1=\"12\" x2=\"19\" y2=\"12\"><\/line><polyline points=\"12 5 19 12 12 19\"><\/polyline><\/svg><\/div><\/div><\/a><\/div><div class=\"gt-content\"><div class=\"gt-line\"><\/div><ul class=\"gt-date\"><li><a href=\"https:\/\/sanatyapi.com.tr\/en\/project-year\/2022\/\">2022<\/a><\/li><\/ul><h3 class=\"gt-title\"><a href=\"https:\/\/sanatyapi.com.tr\/en\/project\/ford-otosan\/\">FORD OTOSAN<\/a><\/h3><ul class=\"gt-location\"><li><a href=\"https:\/\/sanatyapi.com.tr\/en\/project-location\/eskisehir\/\">Eskisehir<\/a><\/li><\/ul><ul class=\"gt-cat\"><li><a href=\"https:\/\/sanatyapi.com.tr\/en\/project-category\/sanayi-tesisleri\/\">Industrial Facilities<\/a><\/li><\/ul><\/div><\/div><div class=\"gt-item gt-col\"><div class=\"gt-img\"><a href=\"https:\/\/sanatyapi.com.tr\/en\/project\/tupras\/\"><img loading=\"lazy\" decoding=\"async\" width=\"800\" height=\"800\" src=\"data:image\/svg+xml,%3Csvg%20xmlns%3D%27https:\/\/www.w3.org\/2000\/svg%27%20viewBox%3D%270%200%203%202%27%3E%3C\/svg%3E\" class=\"attachment-luxe-project-1 size-luxe-project-1 gt-lazy-load wp-post-image\" alt=\"\" data-src=\"https:\/\/sanatyapi.com.tr\/wp-content\/uploads\/2024\/11\/kirikkale017-800x800.jpg\" data-srcset=\"https:\/\/sanatyapi.com.tr\/wp-content\/uploads\/2024\/11\/kirikkale017-800x800.jpg 800w, https:\/\/sanatyapi.com.tr\/wp-content\/uploads\/2024\/11\/kirikkale017-150x150.jpg 150w, https:\/\/sanatyapi.com.tr\/wp-content\/uploads\/2024\/11\/kirikkale017-555x555.jpg 555w, https:\/\/sanatyapi.com.tr\/wp-content\/uploads\/2024\/11\/kirikkale017-540x540.jpg 540w, https:\/\/sanatyapi.com.tr\/wp-content\/uploads\/2024\/11\/kirikkale017-750x750.jpg 750w, https:\/\/sanatyapi.com.tr\/wp-content\/uploads\/2024\/11\/kirikkale017-65x65.jpg 65w, https:\/\/sanatyapi.com.tr\/wp-content\/uploads\/2024\/11\/kirikkale017-350x350.jpg 350w, https:\/\/sanatyapi.com.tr\/wp-content\/uploads\/2024\/11\/kirikkale017-650x650.jpg 650w\" data-sizes=\"(max-width: 800px) 100vw, 800px\" \/><div class=\"gt-overlay\"><div class=\"gt-overlay-color\"><\/div><div class=\"gt-overlay-icon\"><svg xmlns=\"https:\/\/www.w3.org\/2000\/svg\" width=\"24\" height=\"24\" viewbox=\"0 0 24 24\" fill=\"none\" stroke=\"currentColor\" stroke-width=\"1\" stroke-linecap=\"round\" stroke-linejoin=\"round\" class=\"feather feather-arrow-right\"><line x1=\"5\" y1=\"12\" x2=\"19\" y2=\"12\"><\/line><polyline points=\"12 5 19 12 12 19\"><\/polyline><\/svg><\/div><\/div><\/a><\/div><div class=\"gt-content\"><div class=\"gt-line\"><\/div><ul class=\"gt-date\"><li><a href=\"https:\/\/sanatyapi.com.tr\/en\/project-year\/2006\/\">2006<\/a><\/li><\/ul><h3 class=\"gt-title\"><a href=\"https:\/\/sanatyapi.com.tr\/en\/project\/tupras\/\">TUPRAS<\/a><\/h3><ul class=\"gt-location\"><li><a href=\"https:\/\/sanatyapi.com.tr\/en\/project-location\/kirikkale\/\">Kirikkale<\/a><\/li><\/ul><ul class=\"gt-cat\"><li><a href=\"https:\/\/sanatyapi.com.tr\/en\/project-category\/sanayi-tesisleri\/\">Industrial Facilities<\/a><\/li><\/ul><\/div><\/div><div class=\"gt-item gt-col\"><div class=\"gt-img\"><a href=\"https:\/\/sanatyapi.com.tr\/en\/project\/meyve-sebze-dagitim-merkezi-ve-muz-sarartma-tesisi\/\"><img loading=\"lazy\" decoding=\"async\" width=\"540\" height=\"540\" src=\"data:image\/svg+xml,%3Csvg%20xmlns%3D%27https:\/\/www.w3.org\/2000\/svg%27%20viewBox%3D%270%200%203%202%27%3E%3C\/svg%3E\" class=\"attachment-luxe-project-1 size-luxe-project-1 gt-lazy-load wp-post-image\" alt=\"\" data-src=\"https:\/\/sanatyapi.com.tr\/wp-content\/uploads\/2024\/10\/BIM.jpg\" data-srcset=\"https:\/\/sanatyapi.com.tr\/wp-content\/uploads\/2024\/10\/BIM.jpg 540w, https:\/\/sanatyapi.com.tr\/wp-content\/uploads\/2024\/10\/BIM-300x300.jpg 300w, https:\/\/sanatyapi.com.tr\/wp-content\/uploads\/2024\/10\/BIM-150x150.jpg 150w, https:\/\/sanatyapi.com.tr\/wp-content\/uploads\/2024\/10\/BIM-65x65.jpg 65w, https:\/\/sanatyapi.com.tr\/wp-content\/uploads\/2024\/10\/BIM-350x350.jpg 350w\" data-sizes=\"(max-width: 540px) 100vw, 540px\" \/><div class=\"gt-overlay\"><div class=\"gt-overlay-color\"><\/div><div class=\"gt-overlay-icon\"><svg xmlns=\"https:\/\/www.w3.org\/2000\/svg\" width=\"24\" height=\"24\" viewbox=\"0 0 24 24\" fill=\"none\" stroke=\"currentColor\" stroke-width=\"1\" stroke-linecap=\"round\" stroke-linejoin=\"round\" class=\"feather feather-arrow-right\"><line x1=\"5\" y1=\"12\" x2=\"19\" y2=\"12\"><\/line><polyline points=\"12 5 19 12 12 19\"><\/polyline><\/svg><\/div><\/div><\/a><\/div><div class=\"gt-content\"><div class=\"gt-line\"><\/div><h3 class=\"gt-title\"><a href=\"https:\/\/sanatyapi.com.tr\/en\/project\/meyve-sebze-dagitim-merkezi-ve-muz-sarartma-tesisi\/\">FRUIT AND VEGETABLE DISTRIBUTION CENTER AND BANANA DETERMINATION FACILITY<\/a><\/h3><ul class=\"gt-location\"><li><a href=\"https:\/\/sanatyapi.com.tr\/en\/project-location\/afyonkarahisar\/\">Afyonkarahisar<\/a><\/li><\/ul><ul class=\"gt-cat\"><li><a href=\"https:\/\/sanatyapi.com.tr\/en\/project-category\/sanayi-tesisleri\/\">Industrial Facilities<\/a><\/li><\/ul><\/div><\/div><div class=\"gt-item gt-col\"><div class=\"gt-img\"><a href=\"https:\/\/sanatyapi.com.tr\/en\/project\/ilac-uretim-tesisi-ve-depolama-unitesi\/\"><img loading=\"lazy\" decoding=\"async\" width=\"540\" height=\"540\" src=\"data:image\/svg+xml,%3Csvg%20xmlns%3D%27https:\/\/www.w3.org\/2000\/svg%27%20viewBox%3D%270%200%203%202%27%3E%3C\/svg%3E\" class=\"attachment-luxe-project-1 size-luxe-project-1 gt-lazy-load wp-post-image\" alt=\"\" data-src=\"https:\/\/sanatyapi.com.tr\/wp-content\/uploads\/2024\/10\/vemilac.jpg\" data-srcset=\"https:\/\/sanatyapi.com.tr\/wp-content\/uploads\/2024\/10\/vemilac.jpg 540w, https:\/\/sanatyapi.com.tr\/wp-content\/uploads\/2024\/10\/vemilac-300x300.jpg 300w, https:\/\/sanatyapi.com.tr\/wp-content\/uploads\/2024\/10\/vemilac-150x150.jpg 150w, https:\/\/sanatyapi.com.tr\/wp-content\/uploads\/2024\/10\/vemilac-65x65.jpg 65w, https:\/\/sanatyapi.com.tr\/wp-content\/uploads\/2024\/10\/vemilac-350x350.jpg 350w\" data-sizes=\"(max-width: 540px) 100vw, 540px\" \/><div class=\"gt-overlay\"><div class=\"gt-overlay-color\"><\/div><div class=\"gt-overlay-icon\"><svg xmlns=\"https:\/\/www.w3.org\/2000\/svg\" width=\"24\" height=\"24\" viewbox=\"0 0 24 24\" fill=\"none\" stroke=\"currentColor\" stroke-width=\"1\" stroke-linecap=\"round\" stroke-linejoin=\"round\" class=\"feather feather-arrow-right\"><line x1=\"5\" y1=\"12\" x2=\"19\" y2=\"12\"><\/line><polyline points=\"12 5 19 12 12 19\"><\/polyline><\/svg><\/div><\/div><\/a><\/div><div class=\"gt-content\"><div class=\"gt-line\"><\/div><h3 class=\"gt-title\"><a href=\"https:\/\/sanatyapi.com.tr\/en\/project\/ilac-uretim-tesisi-ve-depolama-unitesi\/\">DRUG PRODUCTION FACILITY AND STORAGE UNIT<\/a><\/h3><ul class=\"gt-location\"><li><a href=\"https:\/\/sanatyapi.com.tr\/en\/project-location\/kirklareli\/\">Kirklareli<\/a><\/li><\/ul><ul class=\"gt-cat\"><li><a href=\"https:\/\/sanatyapi.com.tr\/en\/project-category\/sanayi-tesisleri\/\">Industrial Facilities<\/a><\/li><\/ul><\/div><\/div><div class=\"gt-item gt-col\"><div class=\"gt-img\"><a href=\"https:\/\/sanatyapi.com.tr\/en\/project\/gulermak-dogus-adi-ortakligi\/\"><img loading=\"lazy\" decoding=\"async\" width=\"800\" height=\"800\" src=\"data:image\/svg+xml,%3Csvg%20xmlns%3D%27https:\/\/www.w3.org\/2000\/svg%27%20viewBox%3D%270%200%203%202%27%3E%3C\/svg%3E\" class=\"attachment-luxe-project-1 size-luxe-project-1 gt-lazy-load wp-post-image\" alt=\"\" data-src=\"https:\/\/sanatyapi.com.tr\/wp-content\/uploads\/2024\/07\/DSC_6976-800x800.jpg\" data-srcset=\"https:\/\/sanatyapi.com.tr\/wp-content\/uploads\/2024\/07\/DSC_6976-800x800.jpg 800w, https:\/\/sanatyapi.com.tr\/wp-content\/uploads\/2024\/07\/DSC_6976-150x150.jpg 150w, https:\/\/sanatyapi.com.tr\/wp-content\/uploads\/2024\/07\/DSC_6976-555x555.jpg 555w, https:\/\/sanatyapi.com.tr\/wp-content\/uploads\/2024\/07\/DSC_6976-540x540.jpg 540w, https:\/\/sanatyapi.com.tr\/wp-content\/uploads\/2024\/07\/DSC_6976-750x750.jpg 750w, https:\/\/sanatyapi.com.tr\/wp-content\/uploads\/2024\/07\/DSC_6976-65x65.jpg 65w, https:\/\/sanatyapi.com.tr\/wp-content\/uploads\/2024\/07\/DSC_6976-350x350.jpg 350w, https:\/\/sanatyapi.com.tr\/wp-content\/uploads\/2024\/07\/DSC_6976-650x650.jpg 650w\" data-sizes=\"(max-width: 800px) 100vw, 800px\" \/><div class=\"gt-overlay\"><div class=\"gt-overlay-color\"><\/div><div class=\"gt-overlay-icon\"><svg xmlns=\"https:\/\/www.w3.org\/2000\/svg\" width=\"24\" height=\"24\" viewbox=\"0 0 24 24\" fill=\"none\" stroke=\"currentColor\" stroke-width=\"1\" stroke-linecap=\"round\" stroke-linejoin=\"round\" class=\"feather feather-arrow-right\"><line x1=\"5\" y1=\"12\" x2=\"19\" y2=\"12\"><\/line><polyline points=\"12 5 19 12 12 19\"><\/polyline><\/svg><\/div><\/div><\/a><\/div><div class=\"gt-content\"><div class=\"gt-line\"><\/div><ul class=\"gt-date\"><li><a href=\"https:\/\/sanatyapi.com.tr\/en\/project-year\/2009\/\">2009<\/a><\/li><\/ul><h3 class=\"gt-title\"><a href=\"https:\/\/sanatyapi.com.tr\/en\/project\/gulermak-dogus-adi-ortakligi\/\">G\u00dcLERMAK \u2013 DO\u011eU\u015e JOINT VENTURE<\/a><\/h3><ul class=\"gt-location\"><li><a href=\"https:\/\/sanatyapi.com.tr\/en\/project-location\/istanbul\/\">Istanbul<\/a><\/li><\/ul><ul class=\"gt-cat\"><li><a href=\"https:\/\/sanatyapi.com.tr\/en\/project-category\/sanayi-tesisleri\/\">Industrial Facilities<\/a><\/li><\/ul><\/div><\/div><div class=\"gt-item gt-col\"><div class=\"gt-img\"><a href=\"https:\/\/sanatyapi.com.tr\/en\/project\/p-g-gebze-fabrika\/\"><img loading=\"lazy\" decoding=\"async\" width=\"540\" height=\"540\" src=\"data:image\/svg+xml,%3Csvg%20xmlns%3D%27https:\/\/www.w3.org\/2000\/svg%27%20viewBox%3D%270%200%203%202%27%3E%3C\/svg%3E\" class=\"attachment-luxe-project-1 size-luxe-project-1 gt-lazy-load wp-post-image\" alt=\"\" data-src=\"https:\/\/sanatyapi.com.tr\/wp-content\/uploads\/2024\/12\/png.webp\" data-srcset=\"https:\/\/sanatyapi.com.tr\/wp-content\/uploads\/2024\/12\/png.webp 540w, https:\/\/sanatyapi.com.tr\/wp-content\/uploads\/2024\/12\/png-300x300.webp 300w, https:\/\/sanatyapi.com.tr\/wp-content\/uploads\/2024\/12\/png-150x150.webp 150w, https:\/\/sanatyapi.com.tr\/wp-content\/uploads\/2024\/12\/png-65x65.webp 65w, https:\/\/sanatyapi.com.tr\/wp-content\/uploads\/2024\/12\/png-350x350.webp 350w\" data-sizes=\"(max-width: 540px) 100vw, 540px\" \/><div class=\"gt-overlay\"><div class=\"gt-overlay-color\"><\/div><div class=\"gt-overlay-icon\"><svg xmlns=\"https:\/\/www.w3.org\/2000\/svg\" width=\"24\" height=\"24\" viewbox=\"0 0 24 24\" fill=\"none\" stroke=\"currentColor\" stroke-width=\"1\" stroke-linecap=\"round\" stroke-linejoin=\"round\" class=\"feather feather-arrow-right\"><line x1=\"5\" y1=\"12\" x2=\"19\" y2=\"12\"><\/line><polyline points=\"12 5 19 12 12 19\"><\/polyline><\/svg><\/div><\/div><\/a><\/div><div class=\"gt-content\"><div class=\"gt-line\"><\/div><ul class=\"gt-date\"><li><a href=\"https:\/\/sanatyapi.com.tr\/en\/project-year\/2005\/\">2005<\/a><\/li><\/ul><h3 class=\"gt-title\"><a href=\"https:\/\/sanatyapi.com.tr\/en\/project\/p-g-gebze-fabrika\/\">P &amp; G GEBZE FACTORY<\/a><\/h3><ul class=\"gt-location\"><li><a href=\"https:\/\/sanatyapi.com.tr\/en\/project-location\/istanbul\/\">Istanbul<\/a><\/li><\/ul><ul class=\"gt-cat\"><li><a href=\"https:\/\/sanatyapi.com.tr\/en\/project-category\/sanayi-tesisleri\/\">Industrial Facilities<\/a><\/li><\/ul><\/div><\/div><div class=\"gt-item gt-col\"><div class=\"gt-img\"><a href=\"https:\/\/sanatyapi.com.tr\/en\/project\/petkim-aliaga-tesisleri\/\"><img loading=\"lazy\" decoding=\"async\" width=\"800\" height=\"800\" src=\"data:image\/svg+xml,%3Csvg%20xmlns%3D%27https:\/\/www.w3.org\/2000\/svg%27%20viewBox%3D%270%200%203%202%27%3E%3C\/svg%3E\" class=\"attachment-luxe-project-1 size-luxe-project-1 gt-lazy-load wp-post-image\" alt=\"\" data-src=\"https:\/\/sanatyapi.com.tr\/wp-content\/uploads\/2024\/07\/petkim-800x800.jpg\" data-srcset=\"https:\/\/sanatyapi.com.tr\/wp-content\/uploads\/2024\/07\/petkim-800x800.jpg 800w, https:\/\/sanatyapi.com.tr\/wp-content\/uploads\/2024\/07\/petkim-300x300.jpg 300w, https:\/\/sanatyapi.com.tr\/wp-content\/uploads\/2024\/07\/petkim-150x150.jpg 150w, https:\/\/sanatyapi.com.tr\/wp-content\/uploads\/2024\/07\/petkim-768x768.jpg 768w, https:\/\/sanatyapi.com.tr\/wp-content\/uploads\/2024\/07\/petkim-555x555.jpg 555w, https:\/\/sanatyapi.com.tr\/wp-content\/uploads\/2024\/07\/petkim-540x540.jpg 540w, https:\/\/sanatyapi.com.tr\/wp-content\/uploads\/2024\/07\/petkim-750x750.jpg 750w, https:\/\/sanatyapi.com.tr\/wp-content\/uploads\/2024\/07\/petkim-65x65.jpg 65w, https:\/\/sanatyapi.com.tr\/wp-content\/uploads\/2024\/07\/petkim-350x350.jpg 350w, https:\/\/sanatyapi.com.tr\/wp-content\/uploads\/2024\/07\/petkim-650x650.jpg 650w, https:\/\/sanatyapi.com.tr\/wp-content\/uploads\/2024\/07\/petkim.jpg 1000w\" data-sizes=\"(max-width: 800px) 100vw, 800px\" \/><div class=\"gt-overlay\"><div class=\"gt-overlay-color\"><\/div><div class=\"gt-overlay-icon\"><svg xmlns=\"https:\/\/www.w3.org\/2000\/svg\" width=\"24\" height=\"24\" viewbox=\"0 0 24 24\" fill=\"none\" stroke=\"currentColor\" stroke-width=\"1\" stroke-linecap=\"round\" stroke-linejoin=\"round\" class=\"feather feather-arrow-right\"><line x1=\"5\" y1=\"12\" x2=\"19\" y2=\"12\"><\/line><polyline points=\"12 5 19 12 12 19\"><\/polyline><\/svg><\/div><\/div><\/a><\/div><div class=\"gt-content\"><div class=\"gt-line\"><\/div><ul class=\"gt-date\"><li><a href=\"https:\/\/sanatyapi.com.tr\/en\/project-year\/2002\/\">2002<\/a><\/li><\/ul><h3 class=\"gt-title\"><a href=\"https:\/\/sanatyapi.com.tr\/en\/project\/petkim-aliaga-tesisleri\/\">PETKIM ALIAGA FACILITIES<\/a><\/h3><ul class=\"gt-location\"><li><a href=\"https:\/\/sanatyapi.com.tr\/en\/project-location\/izmir\/\">Izmir<\/a><\/li><\/ul><ul class=\"gt-cat\"><li><a href=\"https:\/\/sanatyapi.com.tr\/en\/project-category\/sanayi-tesisleri\/\">Industrial Facilities<\/a><\/li><\/ul><\/div><\/div><\/div><\/div><\/div><\/div><\/div>\n<\/div>","protected":false},"excerpt":{"rendered":"Warehouse Building PETK\u0130M AL\u0130A\u011eA FACILITIES Type Warehouse Building Work Completed Turnkey construction Year 2002 Location Alia\u011fa - \u0130zmir Construction Area 5,200 m\u00b2 Construction Duration 6 Months Completed","protected":false},"author":1,"featured_media":0,"parent":0,"menu_order":0,"comment_status":"closed","ping_status":"closed","template":"","meta":{"om_disable_all_campaigns":false,"inline_featured_image":false,"footnotes":""},"class_list":["post-3319","page","type-page","status-publish","hentry"],"aioseo_notices":[],"_links":{"self":[{"href":"https:\/\/sanatyapi.com.tr\/en\/wp-json\/wp\/v2\/pages\/3319","targetHints":{"allow":["GET"]}}],"collection":[{"href":"https:\/\/sanatyapi.com.tr\/en\/wp-json\/wp\/v2\/pages"}],"about":[{"href":"https:\/\/sanatyapi.com.tr\/en\/wp-json\/wp\/v2\/types\/page"}],"author":[{"embeddable":true,"href":"https:\/\/sanatyapi.com.tr\/en\/wp-json\/wp\/v2\/users\/1"}],"replies":[{"embeddable":true,"href":"https:\/\/sanatyapi.com.tr\/en\/wp-json\/wp\/v2\/comments?post=3319"}],"version-history":[{"count":11,"href":"https:\/\/sanatyapi.com.tr\/en\/wp-json\/wp\/v2\/pages\/3319\/revisions"}],"predecessor-version":[{"id":3342,"href":"https:\/\/sanatyapi.com.tr\/en\/wp-json\/wp\/v2\/pages\/3319\/revisions\/3342"}],"wp:attachment":[{"href":"https:\/\/sanatyapi.com.tr\/en\/wp-json\/wp\/v2\/media?parent=3319"}],"curies":[{"name":"wp","href":"https:\/\/api.w.org\/{rel}","templated":true}]}}