{"id":317,"date":"2018-09-03T12:57:57","date_gmt":"2018-09-03T12:57:57","guid":{"rendered":"https:\/\/demo.gloriathemes.com\/luxe\/demo\/?page_id=317"},"modified":"2018-09-03T12:57:57","modified_gmt":"2018-09-03T12:57:57","slug":"project-list-10","status":"publish","type":"page","link":"https:\/\/sanatyapi.com.tr\/en\/project-list-10\/","title":{"rendered":"Project List 10 \u2013 Masonry"},"content":{"rendered":"<div class=\"wpb-content-wrapper\"><div data-vc-full-width=\"true\" data-vc-full-width-init=\"false\" data-vc-stretch-content=\"true\" class=\"vc_row wpb_row vc_row-fluid vc_custom_1537373100287 gt-background-position-initial gt-background-attachment-initial gt-text-default vc_row-no-padding\"><div class=\"wpb_column vc_column_container vc_col-sm-12\"><div class=\"vc_column-inner\"><div class=\"wpb_wrapper\"><div class=\"gt-grid\"><div class=\"gt-grid-item gt-grid-item--h2\"><div class=\"gt-img gt-lazy-load\" data-bg=\"https:\/\/sanatyapi.com.tr\/wp-content\/uploads\/2018\/09\/food-5-750x750.webp\"><\/div><a href=\"https:\/\/sanatyapi.com.tr\/en\/project\/turkcell-office-park\/\" class=\"gt-content\"><span><h2>TURKCELL Office Park<\/h2><ul class=\"gt-location\"><li>Istanbul<\/li><\/ul><ul class=\"gt-cat\"><li>Business Centers \/ Offices<\/li><\/ul><\/span><\/a><\/div><div class=\"gt-grid-item gt-grid-item--h2\"><div class=\"gt-img gt-lazy-load\" data-bg=\"https:\/\/sanatyapi.com.tr\/wp-content\/uploads\/2024\/11\/Sanatyapi_ziraat-5-1-750x750.jpg\"><\/div><a href=\"https:\/\/sanatyapi.com.tr\/en\/project\/ziraat-genel-mudurlugu-executive-katlar\/\" class=\"gt-content\"><span><h2>GENERAL DIRECTORATE OF AGRICULTURE EXECUTIVE FLOORS<\/h2><ul class=\"gt-location\"><li>Istanbul<\/li><\/ul><ul class=\"gt-cat\"><li>Business Centers \/ Offices<\/li><\/ul><\/span><\/a><\/div><div class=\"gt-grid-item gt-grid-item--h2\"><div class=\"gt-img gt-lazy-load\" data-bg=\"https:\/\/sanatyapi.com.tr\/wp-content\/uploads\/2024\/06\/DSC_6859-750x750.jpg\"><\/div><a href=\"https:\/\/sanatyapi.com.tr\/en\/project\/primemall\/\" class=\"gt-content\"><span><h2>PRIMEMALL<\/h2><ul class=\"gt-location\"><li>Sivas<\/li><\/ul><ul class=\"gt-cat\"><li>Shopping Malls<\/li><\/ul><\/span><\/a><\/div><div class=\"gt-grid-item gt-grid-item--h2\"><div class=\"gt-img gt-lazy-load\" data-bg=\"https:\/\/sanatyapi.com.tr\/wp-content\/uploads\/2024\/06\/IMG_0319-750x750.webp\"><\/div><a href=\"https:\/\/sanatyapi.com.tr\/en\/project\/unifree\/\" class=\"gt-content\"><span><h2>UNIFREE INTERNATIONAL DEPARTURE<\/h2><ul class=\"gt-location\"><li>Istanbul<\/li><\/ul><ul class=\"gt-cat\"><li>Business Centers \/ Offices<\/li><\/ul><\/span><\/a><\/div><div class=\"gt-grid-item gt-grid-item--h2\"><div class=\"gt-img gt-lazy-load\" data-bg=\"https:\/\/sanatyapi.com.tr\/wp-content\/uploads\/2026\/04\/CleanShot-2026-04-26-at-16.05.40-750x750.jpg\"><\/div><a href=\"https:\/\/sanatyapi.com.tr\/en\/project\/darussafaka-cemiyeti-okul-kompleksi\/\" class=\"gt-content\"><span><h2>DAR\u00dc\u015e\u015eAFAKA SOCIETY SCHOOL COMPLEX<\/h2><ul class=\"gt-location\"><li>Istanbul<\/li><\/ul><\/span><\/a><\/div><div class=\"gt-grid-item gt-grid-item--h2\"><div class=\"gt-img gt-lazy-load\" data-bg=\"https:\/\/sanatyapi.com.tr\/wp-content\/uploads\/2026\/04\/CleanShot-2026-04-26-at-16.05.25-750x750.jpg\"><\/div><a href=\"https:\/\/sanatyapi.com.tr\/en\/project\/cevahir-avm-renovasyonu\/\" class=\"gt-content\"><span><h2>CEVAH\u0130R SHOPPING MALL RENOVATION<\/h2><ul class=\"gt-location\"><li>Istanbul<\/li><\/ul><ul class=\"gt-cat\"><li>Shopping Malls<\/li><\/ul><\/span><\/a><\/div><div class=\"gt-grid-item gt-grid-item--h2\"><div class=\"gt-img gt-lazy-load\" data-bg=\"https:\/\/sanatyapi.com.tr\/wp-content\/uploads\/2026\/04\/CleanShot-2026-04-22-at-23.44.49-750x750.jpg\"><\/div><a href=\"https:\/\/sanatyapi.com.tr\/en\/project\/qnb-bank-as-veri-merkezi\/\" class=\"gt-content\"><span><h2>QNB BANK A.\u015e. DATA CENTER<\/h2><ul class=\"gt-location\"><li>Ankara<\/li><\/ul><ul class=\"gt-cat\"><li>Business Centers \/ Offices<\/li><\/ul><\/span><\/a><\/div><div class=\"gt-grid-item gt-grid-item--h2\"><div class=\"gt-img gt-lazy-load\" data-bg=\"https:\/\/sanatyapi.com.tr\/wp-content\/uploads\/2024\/06\/2-750x750.webp\"><\/div><a href=\"https:\/\/sanatyapi.com.tr\/en\/project\/metropol-avm\/\" class=\"gt-content\"><span><h2>METROPOLITAN SHOPPING CENTER<\/h2><ul class=\"gt-location\"><li>Istanbul<\/li><\/ul><ul class=\"gt-cat\"><li>Shopping Malls<\/li><\/ul><\/span><\/a><\/div><div class=\"gt-grid-item gt-grid-item--h2\"><div class=\"gt-img gt-lazy-load\" data-bg=\"https:\/\/sanatyapi.com.tr\/wp-content\/uploads\/2024\/07\/protel-1-750x750.jpg\"><\/div><a href=\"https:\/\/sanatyapi.com.tr\/en\/project\/protel\/\" class=\"gt-content\"><span><h2>PROTEL<\/h2><ul class=\"gt-location\"><li>Istanbul<\/li><\/ul><ul class=\"gt-cat\"><li>Business Centers \/ Offices<\/li><\/ul><\/span><\/a><\/div><div class=\"gt-grid-item gt-grid-item--h2\"><div class=\"gt-img gt-lazy-load\" data-bg=\"https:\/\/sanatyapi.com.tr\/wp-content\/uploads\/2024\/11\/IMG-20230919-WA0007-750x750.jpg\"><\/div><a href=\"https:\/\/sanatyapi.com.tr\/en\/project\/istanbul-finans-merkezi-ziraat-kuleleri\/\" class=\"gt-content\"><span><h2>ISTANBUL FINANCE CENTER ZIRAAT TOWERS<\/h2><ul class=\"gt-location\"><li>Istanbul<\/li><\/ul><ul class=\"gt-cat\"><li>Business Centers \/ Offices<\/li><\/ul><\/span><\/a><\/div><div class=\"gt-grid-item gt-grid-item--h2\"><div class=\"gt-img gt-lazy-load\" data-bg=\"https:\/\/sanatyapi.com.tr\/wp-content\/uploads\/2024\/11\/WhatsApp-Image-2023-02-01-at-12.45.31.jpeg\"><\/div><a href=\"https:\/\/sanatyapi.com.tr\/en\/project\/fmv-isik-okullari\/\" class=\"gt-content\"><span><h2>FMV I\u015eIK SCHOOLS<\/h2><ul class=\"gt-location\"><li>Istanbul<\/li><\/ul><ul class=\"gt-cat\"><li>Business Centers \/ Offices<\/li><\/ul><\/span><\/a><\/div><div class=\"gt-grid-item gt-grid-item--h2\"><div class=\"gt-img gt-lazy-load\" data-bg=\"https:\/\/sanatyapi.com.tr\/wp-content\/uploads\/2024\/12\/DSC02252-750x750.jpg\"><\/div><a href=\"https:\/\/sanatyapi.com.tr\/en\/project\/intercity-piazza-ofis-binasi\/\" class=\"gt-content\"><span><h2>INTERCITY PIAZZA OFFICE BUILDING<\/h2><ul class=\"gt-location\"><li>Istanbul<\/li><\/ul><ul class=\"gt-cat\"><li>Business Centers \/ Offices<\/li><\/ul><\/span><\/a><\/div><div class=\"gt-grid-item gt-grid-item--h2\"><div class=\"gt-img gt-lazy-load\" data-bg=\"https:\/\/sanatyapi.com.tr\/wp-content\/uploads\/2024\/06\/IMG_1271-750x750.jpg\"><\/div><a href=\"https:\/\/sanatyapi.com.tr\/en\/project\/yolbulan-metal\/\" class=\"gt-content\"><span><h2>YOLBULAN METAL<\/h2><ul class=\"gt-location\"><li>Istanbul<\/li><\/ul><ul class=\"gt-cat\"><li>Business Centers \/ Offices<\/li><\/ul><\/span><\/a><\/div><div class=\"gt-grid-item gt-grid-item--h2\"><div class=\"gt-img gt-lazy-load\" data-bg=\"https:\/\/sanatyapi.com.tr\/wp-content\/uploads\/2024\/11\/image00005-750x750.jpg\"><\/div><a href=\"https:\/\/sanatyapi.com.tr\/en\/project\/migros-miget\/\" class=\"gt-content\"><span><h2>M\u0130GROS M\u0130GET<\/h2><ul class=\"gt-location\"><li>Izmir<\/li><\/ul><ul class=\"gt-cat\"><li>Industrial Facilities<\/li><\/ul><\/span><\/a><\/div><div class=\"gt-grid-item gt-grid-item--h2\"><div class=\"gt-img gt-lazy-load\" data-bg=\"https:\/\/sanatyapi.com.tr\/wp-content\/uploads\/2024\/11\/Ekran-Goruntusu-82-copy.jpg\"><\/div><a href=\"https:\/\/sanatyapi.com.tr\/en\/project\/altinay-modifikasyon-merkezi\/\" class=\"gt-content\"><span><h2>ALTINAY MODIFICATION CENTER<\/h2><ul class=\"gt-location\"><li>Kocaeli<\/li><\/ul><ul class=\"gt-cat\"><li>Industrial Facilities<\/li><\/ul><\/span><\/a><\/div><div class=\"gt-grid-item gt-grid-item--h2\"><div class=\"gt-img gt-lazy-load\" data-bg=\"https:\/\/sanatyapi.com.tr\/wp-content\/uploads\/2024\/11\/ERTN7668-750x750.jpg\"><\/div><a href=\"https:\/\/sanatyapi.com.tr\/en\/project\/ibb-kati-atik-yakma-tesisi\/\" class=\"gt-content\"><span><h2>IBB SOLID WASTE INCINERATION FACILITY<\/h2><ul class=\"gt-location\"><li>Istanbul<\/li><\/ul><ul class=\"gt-cat\"><li>Business Centers \/ Offices<\/li><\/ul><\/span><\/a><\/div><div class=\"gt-grid-item gt-grid-item--h2\"><div class=\"gt-img gt-lazy-load\" data-bg=\"https:\/\/sanatyapi.com.tr\/wp-content\/uploads\/2024\/11\/ALPET-DOLUM-TESISI.jpg\"><\/div><a href=\"https:\/\/sanatyapi.com.tr\/en\/project\/alpet-dolum-tesisleri\/\" class=\"gt-content\"><span><h2>ALPET FILLING FACILITIES<\/h2><ul class=\"gt-location\"><li>Samsun<\/li><\/ul><ul class=\"gt-cat\"><li>Fuel Stations<\/li><\/ul><\/span><\/a><\/div><div class=\"gt-grid-item gt-grid-item--h2\"><div class=\"gt-img gt-lazy-load\" data-bg=\"https:\/\/sanatyapi.com.tr\/wp-content\/uploads\/2024\/06\/oreal-2-647x658-1.webp\"><\/div><a href=\"https:\/\/sanatyapi.com.tr\/en\/project\/loreal-turkiye\/\" class=\"gt-content\"><span><h2>LOREAL T\u00fcrkiye<\/h2><ul class=\"gt-location\"><li>Istanbul<\/li><\/ul><ul class=\"gt-cat\"><li>Business Centers \/ Offices<\/li><\/ul><\/span><\/a><\/div><div class=\"gt-grid-item gt-grid-item--h2\"><div class=\"gt-img gt-lazy-load\" data-bg=\"https:\/\/sanatyapi.com.tr\/wp-content\/uploads\/2024\/11\/DSC_7017-750x750.jpg\"><\/div><a href=\"https:\/\/sanatyapi.com.tr\/en\/project\/taksim-yenikapi-metro-projesi-sishane-istasyonu\/\" class=\"gt-content\"><span><h2>TAKSIM \u2013 YEN\u0130KAPI METRO PROJECT \u015e\u0130\u015eHANE STATION<\/h2><ul class=\"gt-location\"><li>Istanbul<\/li><\/ul><ul class=\"gt-cat\"><li>Industrial Facilities<\/li><\/ul><\/span><\/a><\/div><div class=\"gt-grid-item gt-grid-item--h2\"><div class=\"gt-img gt-lazy-load\" data-bg=\"https:\/\/sanatyapi.com.tr\/wp-content\/uploads\/2024\/11\/WhatsApp-Image-2023-09-14-at-14.19.50-750x750.jpeg\"><\/div><a href=\"https:\/\/sanatyapi.com.tr\/en\/project\/ford-otosan\/\" class=\"gt-content\"><span><h2>FORD OTOSAN<\/h2><ul class=\"gt-location\"><li>Eskisehir<\/li><\/ul><ul class=\"gt-cat\"><li>Industrial Facilities<\/li><\/ul><\/span><\/a><\/div><div class=\"gt-grid-item gt-grid-item--h2\"><div class=\"gt-img gt-lazy-load\" data-bg=\"https:\/\/sanatyapi.com.tr\/wp-content\/uploads\/2024\/10\/modern-karton.jpg\"><\/div><a href=\"https:\/\/sanatyapi.com.tr\/en\/project\/pm-binasi-idari-ofis-projesi\/\" class=\"gt-content\"><span><h2>PM BUILDING ADMINISTRATIVE OFFICE PROJECT<\/h2><ul class=\"gt-location\"><li>Zonguldak<\/li><\/ul><ul class=\"gt-cat\"><li>Business Centers \/ Offices<\/li><\/ul><\/span><\/a><\/div><div class=\"gt-grid-item gt-grid-item--h2\"><div class=\"gt-img gt-lazy-load\" data-bg=\"https:\/\/sanatyapi.com.tr\/wp-content\/uploads\/2024\/11\/IMG_0338-750x750.jpg\"><\/div><a href=\"https:\/\/sanatyapi.com.tr\/en\/project\/unifree-genel-mudurluk\/\" class=\"gt-content\"><span><h2>UNIFREE HEAD OFFICE<\/h2><ul class=\"gt-location\"><li>Istanbul<\/li><\/ul><ul class=\"gt-cat\"><li>Business Centers \/ Offices<\/li><\/ul><\/span><\/a><\/div><div class=\"gt-grid-item gt-grid-item--h2\"><div class=\"gt-img gt-lazy-load\" data-bg=\"https:\/\/sanatyapi.com.tr\/wp-content\/uploads\/2024\/07\/IMG_1285-duzeltme-750x750.jpg\"><\/div><a href=\"https:\/\/sanatyapi.com.tr\/en\/project\/ilk-plaza\/\" class=\"gt-content\"><span><h2>\u0130LK PLAZA<\/h2><ul class=\"gt-location\"><li>Istanbul<\/li><\/ul><ul class=\"gt-cat\"><li>Business Centers \/ Offices<\/li><\/ul><\/span><\/a><\/div><div class=\"gt-grid-item gt-grid-item--h2\"><div class=\"gt-img gt-lazy-load\" data-bg=\"https:\/\/sanatyapi.com.tr\/wp-content\/uploads\/2024\/11\/kirikkale017-750x750.jpg\"><\/div><a href=\"https:\/\/sanatyapi.com.tr\/en\/project\/tupras\/\" class=\"gt-content\"><span><h2>TUPRAS<\/h2><ul class=\"gt-location\"><li>Kirikkale<\/li><\/ul><ul class=\"gt-cat\"><li>Industrial Facilities<\/li><\/ul><\/span><\/a><\/div><div class=\"gt-grid-item gt-grid-item--h2\"><div class=\"gt-img gt-lazy-load\" data-bg=\"https:\/\/sanatyapi.com.tr\/wp-content\/uploads\/2024\/07\/Carrefour-4-750x750.jpg\"><\/div><a href=\"https:\/\/sanatyapi.com.tr\/en\/project\/carrefour-sa-bayrampasa\/\" class=\"gt-content\"><span><h2>CARREFOUR-SA BAYRAMPASA<\/h2><ul class=\"gt-location\"><li>Istanbul<\/li><\/ul><ul class=\"gt-cat\"><li>Shopping Malls<\/li><\/ul><\/span><\/a><\/div><div class=\"gt-grid-item gt-grid-item--h2\"><div class=\"gt-img gt-lazy-load\" data-bg=\"https:\/\/sanatyapi.com.tr\/wp-content\/uploads\/2024\/11\/WhatsApp-Image-2023-07-25-at-15.53.11-750x750.jpeg\"><\/div><a href=\"https:\/\/sanatyapi.com.tr\/en\/project\/anadolu-holding-mahmut-dudu-yazici-anadolu-lisesi\/\" class=\"gt-content\"><span><h2>ANADOLU HOLDING MAHMUT-DUDU YAZICI ANATOLIAN HIGH SCHOOL<\/h2><ul class=\"gt-location\"><li>Nevsehir<\/li><\/ul><ul class=\"gt-cat\"><li>Business Centers \/ Offices<\/li><\/ul><\/span><\/a><\/div><div class=\"gt-grid-item gt-grid-item--h2\"><div class=\"gt-img gt-lazy-load\" data-bg=\"https:\/\/sanatyapi.com.tr\/wp-content\/uploads\/2024\/07\/bosch-750x750.jpg\"><\/div><a href=\"https:\/\/sanatyapi.com.tr\/en\/project\/bosch-egitim-ve-servis-merkezi\/\" class=\"gt-content\"><span><h2>BOSCH TRAINING AND SERVICE CENTER<\/h2><ul class=\"gt-location\"><li>Istanbul<\/li><\/ul><ul class=\"gt-cat\"><li>Business Centers \/ Offices<\/li><\/ul><\/span><\/a><\/div><div class=\"gt-grid-item gt-grid-item--h2\"><div class=\"gt-img gt-lazy-load\" data-bg=\"https:\/\/sanatyapi.com.tr\/wp-content\/uploads\/2024\/10\/ng-kutahya.jpg\"><\/div><a href=\"https:\/\/sanatyapi.com.tr\/en\/project\/ng-kutahya-seramik-showroom\/\" class=\"gt-content\"><span><h2>NG KUTAHYA CERAMIC SHOWROOM<\/h2><ul class=\"gt-location\"><li>Istanbul<\/li><\/ul><ul class=\"gt-cat\"><li>Business Centers \/ Offices<\/li><\/ul><\/span><\/a><\/div><div class=\"gt-grid-item gt-grid-item--h2\"><div class=\"gt-img gt-lazy-load\" data-bg=\"https:\/\/sanatyapi.com.tr\/wp-content\/uploads\/2024\/10\/ng-kutahya.jpg\"><\/div><a href=\"https:\/\/sanatyapi.com.tr\/en\/project\/ng-kutahya-seramik-ofis-binasi-renovasyon\/\" class=\"gt-content\"><span><h2>NG KUTAHYA CERAMIC OFFICE BUILDING RENOVATION<\/h2><ul class=\"gt-location\"><li>Kutahya<\/li><\/ul><ul class=\"gt-cat\"><li>Business Centers \/ Offices<\/li><\/ul><\/span><\/a><\/div><div class=\"gt-grid-item gt-grid-item--h2\"><div class=\"gt-img gt-lazy-load\" data-bg=\"https:\/\/sanatyapi.com.tr\/wp-content\/uploads\/2024\/12\/raddison.jpg\"><\/div><a href=\"https:\/\/sanatyapi.com.tr\/en\/project\/cesme-oteli-renovayonu\/\" class=\"gt-content\"><span><h2>CESME HOTEL RENOVATION<\/h2><ul class=\"gt-location\"><li>Izmir<\/li><\/ul><ul class=\"gt-cat\"><li>Tourism Facilities<\/li><\/ul><\/span><\/a><\/div><div class=\"gt-grid-item gt-grid-item--h2\"><div class=\"gt-img gt-lazy-load\" data-bg=\"https:\/\/sanatyapi.com.tr\/wp-content\/uploads\/2024\/10\/BIM.jpg\"><\/div><a href=\"https:\/\/sanatyapi.com.tr\/en\/project\/meyve-sebze-dagitim-merkezi-ve-muz-sarartma-tesisi\/\" class=\"gt-content\"><span><h2>FRUIT AND VEGETABLE DISTRIBUTION CENTER AND BANANA DETERMINATION FACILITY<\/h2><ul class=\"gt-location\"><li>Afyonkarahisar<\/li><\/ul><ul class=\"gt-cat\"><li>Industrial Facilities<\/li><\/ul><\/span><\/a><\/div><div class=\"gt-grid-item gt-grid-item--h2\"><div class=\"gt-img gt-lazy-load\" data-bg=\"https:\/\/sanatyapi.com.tr\/wp-content\/uploads\/2024\/12\/alark.webp\"><\/div><a href=\"https:\/\/sanatyapi.com.tr\/en\/project\/bodrum-hillside-hotel-projesi\/\" class=\"gt-content\"><span><h2>BODRUM HILLSIDE HOTEL PROJECT<\/h2><ul class=\"gt-location\"><li>Basement<\/li><\/ul><ul class=\"gt-cat\"><li>Tourism Facilities<\/li><\/ul><\/span><\/a><\/div><div class=\"gt-grid-item gt-grid-item--h2\"><div class=\"gt-img gt-lazy-load\" data-bg=\"https:\/\/sanatyapi.com.tr\/wp-content\/uploads\/2024\/10\/vemilac.jpg\"><\/div><a href=\"https:\/\/sanatyapi.com.tr\/en\/project\/ilac-uretim-tesisi-ve-depolama-unitesi\/\" class=\"gt-content\"><span><h2>DRUG PRODUCTION FACILITY AND STORAGE UNIT<\/h2><ul class=\"gt-location\"><li>Kirklareli<\/li><\/ul><ul class=\"gt-cat\"><li>Industrial Facilities<\/li><\/ul><\/span><\/a><\/div><div class=\"gt-grid-item gt-grid-item--h2\"><div class=\"gt-img gt-lazy-load\" data-bg=\"https:\/\/sanatyapi.com.tr\/wp-content\/uploads\/2024\/11\/goklips.jpg\"><\/div><a href=\"https:\/\/sanatyapi.com.tr\/en\/project\/go-klips-is-merkezi-projesi\/\" class=\"gt-content\"><span><h2>GO KLIPS BUSINESS CENTER PROJECT<\/h2><ul class=\"gt-location\"><li>Istanbul<\/li><\/ul><ul class=\"gt-cat\"><li>Business Centers \/ Offices<\/li><\/ul><\/span><\/a><\/div><div class=\"gt-grid-item gt-grid-item--h2\"><div class=\"gt-img gt-lazy-load\" data-bg=\"https:\/\/sanatyapi.com.tr\/wp-content\/uploads\/2024\/06\/IMG_0736-750x750.webp\"><\/div><a href=\"https:\/\/sanatyapi.com.tr\/en\/project\/aytemiz\/\" class=\"gt-content\"><span><h2>AYTEM\u0130Z<\/h2><ul class=\"gt-location\"><li>Istanbul<\/li><\/ul><ul class=\"gt-cat\"><li>Business Centers \/ Offices<\/li><\/ul><\/span><\/a><\/div><div class=\"gt-grid-item gt-grid-item--h2\"><div class=\"gt-img gt-lazy-load\" data-bg=\"https:\/\/sanatyapi.com.tr\/wp-content\/uploads\/2024\/07\/187-1-750x750.jpg\"><\/div><a href=\"https:\/\/sanatyapi.com.tr\/en\/project\/enuygun-com\/\" class=\"gt-content\"><span><h2>ENUYGUN.COM<\/h2><ul class=\"gt-location\"><li>Istanbul<\/li><\/ul><ul class=\"gt-cat\"><li>Business Centers \/ Offices<\/li><\/ul><\/span><\/a><\/div><div class=\"gt-grid-item gt-grid-item--h2\"><div class=\"gt-img gt-lazy-load\" data-bg=\"https:\/\/sanatyapi.com.tr\/wp-content\/uploads\/2024\/07\/kadoil-750x750.jpg\"><\/div><a href=\"https:\/\/sanatyapi.com.tr\/en\/project\/kadoil-urfa\/\" class=\"gt-content\"><span><h2>KADOIL URFA<\/h2><ul class=\"gt-location\"><li>Urfa<\/li><\/ul><ul class=\"gt-cat\"><li>Shopping Malls<\/li><\/ul><\/span><\/a><\/div><div class=\"gt-grid-item gt-grid-item--h2\"><div class=\"gt-img gt-lazy-load\" data-bg=\"https:\/\/sanatyapi.com.tr\/wp-content\/uploads\/2024\/07\/metro-samsun-750x750.jpg\"><\/div><a href=\"https:\/\/sanatyapi.com.tr\/en\/project\/metro-cash-carry\/\" class=\"gt-content\"><span><h2>METRO CASH &amp; CARRY<\/h2><ul class=\"gt-location\"><li>Samsun<\/li><\/ul><ul class=\"gt-cat\"><li>Shopping Malls<\/li><\/ul><\/span><\/a><\/div><div class=\"gt-grid-item gt-grid-item--h2\"><div class=\"gt-img gt-lazy-load\" data-bg=\"https:\/\/sanatyapi.com.tr\/wp-content\/uploads\/2024\/12\/DSC_0043-copy-2.jpg\"><\/div><a href=\"https:\/\/sanatyapi.com.tr\/en\/project\/otokoc-otomotiv\/\" class=\"gt-content\"><span><h2>OTOKO\u00c7 AUTOMOTIVE<\/h2><ul class=\"gt-location\"><li>Istanbul<\/li><li>Samsun<\/li><\/ul><ul class=\"gt-cat\"><li>Business Centers \/ Offices<\/li><\/ul><\/span><\/a><\/div><div class=\"gt-grid-item gt-grid-item--h2\"><div class=\"gt-img gt-lazy-load\" data-bg=\"https:\/\/sanatyapi.com.tr\/wp-content\/uploads\/2024\/12\/boranlar-copy.webp\"><\/div><a href=\"https:\/\/sanatyapi.com.tr\/en\/project\/birmot-otomotiv\/\" class=\"gt-content\"><span><h2>BIRMOT AUTOMOTIVE<\/h2><ul class=\"gt-location\"><li>Antalya<\/li><li>Istanbul<\/li><li>Samsun<\/li><\/ul><ul class=\"gt-cat\"><li>Business Centers \/ Offices<\/li><\/ul><\/span><\/a><\/div><div class=\"gt-grid-item gt-grid-item--h2\"><div class=\"gt-img gt-lazy-load\" data-bg=\"https:\/\/sanatyapi.com.tr\/wp-content\/uploads\/2024\/07\/DSC_6976-750x750.jpg\"><\/div><a href=\"https:\/\/sanatyapi.com.tr\/en\/project\/gulermak-dogus-adi-ortakligi\/\" class=\"gt-content\"><span><h2>G\u00dcLERMAK \u2013 DO\u011eU\u015e JOINT VENTURE<\/h2><ul class=\"gt-location\"><li>Istanbul<\/li><\/ul><ul class=\"gt-cat\"><li>Industrial Facilities<\/li><\/ul><\/span><\/a><\/div><div class=\"gt-grid-item gt-grid-item--h2\"><div class=\"gt-img gt-lazy-load\" data-bg=\"https:\/\/sanatyapi.com.tr\/wp-content\/uploads\/2024\/07\/IMG_0746-scaled-1-750x750.jpg\"><\/div><a href=\"https:\/\/sanatyapi.com.tr\/en\/project\/elektrik-muhendisleri-odasi\/\" class=\"gt-content\"><span><h2>CHAMBER OF ELECTRICAL ENGINEERS<\/h2><ul class=\"gt-location\"><li>Ankara<\/li><\/ul><ul class=\"gt-cat\"><li>Business Centers \/ Offices<\/li><\/ul><\/span><\/a><\/div><div class=\"gt-grid-item gt-grid-item--h2\"><div class=\"gt-img gt-lazy-load\" data-bg=\"https:\/\/sanatyapi.com.tr\/wp-content\/uploads\/2024\/12\/png.webp\"><\/div><a href=\"https:\/\/sanatyapi.com.tr\/en\/project\/p-g-gebze-fabrika\/\" class=\"gt-content\"><span><h2>P &amp; G GEBZE FACTORY<\/h2><ul class=\"gt-location\"><li>Istanbul<\/li><\/ul><ul class=\"gt-cat\"><li>Industrial Facilities<\/li><\/ul><\/span><\/a><\/div><div class=\"gt-grid-item gt-grid-item--h2\"><div class=\"gt-img gt-lazy-load\" data-bg=\"https:\/\/sanatyapi.com.tr\/wp-content\/uploads\/2024\/07\/petkim-750x750.jpg\"><\/div><a href=\"https:\/\/sanatyapi.com.tr\/en\/project\/petkim-aliaga-tesisleri\/\" class=\"gt-content\"><span><h2>PETKIM ALIAGA FACILITIES<\/h2><ul class=\"gt-location\"><li>Izmir<\/li><\/ul><ul class=\"gt-cat\"><li>Industrial Facilities<\/li><\/ul><\/span><\/a><\/div><div class=\"gt-grid-item gt-grid-item--h2\"><div class=\"gt-img gt-lazy-load\" data-bg=\"https:\/\/sanatyapi.com.tr\/wp-content\/uploads\/2024\/08\/shell.webp\"><\/div><a href=\"https:\/\/sanatyapi.com.tr\/en\/project\/shell-turcas\/\" class=\"gt-content\"><span><h2>SHELL &amp; TURCAS<\/h2><ul class=\"gt-cat\"><li>Fuel Sales Stations<\/li><\/ul><\/span><\/a><\/div><div class=\"gt-grid-item gt-grid-item--h2\"><div class=\"gt-img gt-lazy-load\" data-bg=\"https:\/\/sanatyapi.com.tr\/wp-content\/uploads\/2024\/12\/bp1-750x750.webp\"><\/div><a href=\"https:\/\/sanatyapi.com.tr\/en\/project\/bp\/\" class=\"gt-content\"><span><h2>BP<\/h2><ul class=\"gt-cat\"><li>Fuel Sales Stations<\/li><\/ul><\/span><\/a><\/div><div class=\"gt-grid-item gt-grid-item--h2\"><div class=\"gt-img gt-lazy-load\" data-bg=\"https:\/\/sanatyapi.com.tr\/wp-content\/uploads\/2024\/12\/opet-1.webp\"><\/div><a href=\"https:\/\/sanatyapi.com.tr\/en\/project\/opet\/\" class=\"gt-content\"><span><h2>OPET<\/h2><ul class=\"gt-cat\"><li>Fuel Sales Stations<\/li><\/ul><\/span><\/a><\/div><div class=\"gt-grid-item gt-grid-item--h2\"><div class=\"gt-img gt-lazy-load\" data-bg=\"https:\/\/sanatyapi.com.tr\/wp-content\/uploads\/2024\/12\/po.webp\"><\/div><a href=\"https:\/\/sanatyapi.com.tr\/en\/project\/petrol-ofisi\/\" class=\"gt-content\"><span><h2>PETROL OF\u0130S\u0130<\/h2><ul class=\"gt-cat\"><li>Fuel Sales Stations<\/li><\/ul><\/span><\/a><\/div><div class=\"gt-grid-item gt-grid-item--h2\"><div class=\"gt-img gt-lazy-load\" data-bg=\"https:\/\/sanatyapi.com.tr\/wp-content\/uploads\/2024\/12\/total.webp\"><\/div><a href=\"https:\/\/sanatyapi.com.tr\/en\/project\/total\/\" class=\"gt-content\"><span><h2>TOTAL<\/h2><ul class=\"gt-cat\"><li>Fuel Sales Stations<\/li><\/ul><\/span><\/a><\/div><div class=\"gt-grid-item gt-grid-item--h2\"><div class=\"gt-img gt-lazy-load\" data-bg=\"https:\/\/sanatyapi.com.tr\/wp-content\/uploads\/2024\/12\/AYTEMIZ.webp\"><\/div><a href=\"https:\/\/sanatyapi.com.tr\/en\/project\/aytemiz-2\/\" class=\"gt-content\"><span><h2>AYTEM\u0130Z<\/h2><ul class=\"gt-cat\"><li>Fuel Sales Stations<\/li><\/ul><\/span><\/a><\/div><\/div><div class=\"gt-pagination gt-gt-dark\"><ul class='page-numbers'>\n\t<li><span aria-current=\"page\" class=\"page-numbers current\">1<\/span><\/li>\n\t<li><a class=\"page-numbers\" href=\"https:\/\/sanatyapi.com.tr\/en\/wp-json\/wp\/v2\/pages\/317\/page\/2\/\">2<\/a><\/li>\n\t<li><a class=\"next page-numbers\" href=\"https:\/\/sanatyapi.com.tr\/en\/wp-json\/wp\/v2\/pages\/317\/page\/2\/\">Next<\/a><\/li>\n<\/ul>\n<\/div><\/div><\/div><\/div><\/div><div class=\"vc_row-full-width vc_clearfix\"><\/div>\n<\/div>","protected":false},"excerpt":{"rendered":"Akaryak\u0131t Sat\u0131\u015f \u0130stasyonlar\u0131AYTEM\u0130ZTamamland\u0131Bursa Karacabey OHT Akaryak\u0131t Sat\u0131\u015f \u0130stasyonu\u00a0 \u00a0 \u00a0 \u00a0 \u00a0 \u00a0 \u00a0 \u00a0 \u00a0 \u00a0 \u00a0 \u00a0 \u00a0 \u00a0 \u00a0 \u00a0 \u00a0 \u00a0 \u00a0 \u00a0 \u00a0 \u00a0 \u00a0...","protected":false},"author":1,"featured_media":0,"parent":0,"menu_order":0,"comment_status":"closed","ping_status":"closed","template":"","meta":{"om_disable_all_campaigns":false,"inline_featured_image":false,"footnotes":""},"class_list":["post-317","page","type-page","status-publish","hentry"],"aioseo_notices":[],"_links":{"self":[{"href":"https:\/\/sanatyapi.com.tr\/en\/wp-json\/wp\/v2\/pages\/317","targetHints":{"allow":["GET"]}}],"collection":[{"href":"https:\/\/sanatyapi.com.tr\/en\/wp-json\/wp\/v2\/pages"}],"about":[{"href":"https:\/\/sanatyapi.com.tr\/en\/wp-json\/wp\/v2\/types\/page"}],"author":[{"embeddable":true,"href":"https:\/\/sanatyapi.com.tr\/en\/wp-json\/wp\/v2\/users\/1"}],"replies":[{"embeddable":true,"href":"https:\/\/sanatyapi.com.tr\/en\/wp-json\/wp\/v2\/comments?post=317"}],"version-history":[{"count":0,"href":"https:\/\/sanatyapi.com.tr\/en\/wp-json\/wp\/v2\/pages\/317\/revisions"}],"wp:attachment":[{"href":"https:\/\/sanatyapi.com.tr\/en\/wp-json\/wp\/v2\/media?parent=317"}],"curies":[{"name":"wp","href":"https:\/\/api.w.org\/{rel}","templated":true}]}}