{"id":301,"date":"2018-09-03T12:56:25","date_gmt":"2018-09-03T12:56:25","guid":{"rendered":"https:\/\/demo.gloriathemes.com\/luxe\/demo\/?page_id=301"},"modified":"2018-09-03T12:56:25","modified_gmt":"2018-09-03T12:56:25","slug":"project-list-2","status":"publish","type":"page","link":"https:\/\/sanatyapi.com.tr\/en\/project-list-2\/","title":{"rendered":"Project List 2 \u2013 List"},"content":{"rendered":"<div class=\"wpb-content-wrapper\"><div class=\"vc_row wpb_row vc_row-fluid gt-background-position-initial gt-background-attachment-initial gt-text-default\"><div class=\"wpb_column vc_column_container vc_col-sm-12\"><div class=\"vc_column-inner\"><div class=\"wpb_wrapper\"><div class=\"gt-project-list gt-style-2 gt-columns gt-column-1 gt-opacity-effect-true\"><div class=\"gt-item gt-col\"><div class=\"gt-img\"><a href=\"https:\/\/sanatyapi.com.tr\/en\/project\/turkcell-office-park\/\"><img loading=\"lazy\" decoding=\"async\" width=\"750\" height=\"750\" src=\"data:image\/svg+xml,%3Csvg%20xmlns%3D%27https:\/\/www.w3.org\/2000\/svg%27%20viewBox%3D%270%200%203%202%27%3E%3C\/svg%3E\" class=\"attachment-luxe-project-2 size-luxe-project-2 gt-lazy-load wp-post-image\" alt=\"\" data-src=\"https:\/\/sanatyapi.com.tr\/wp-content\/uploads\/2018\/09\/food-5-750x750.webp\" data-srcset=\"https:\/\/sanatyapi.com.tr\/wp-content\/uploads\/2018\/09\/food-5-750x750.webp 750w, https:\/\/sanatyapi.com.tr\/wp-content\/uploads\/2018\/09\/food-5-150x150.webp 150w, https:\/\/sanatyapi.com.tr\/wp-content\/uploads\/2018\/09\/food-5-555x555.webp 555w, https:\/\/sanatyapi.com.tr\/wp-content\/uploads\/2018\/09\/food-5-540x540.webp 540w, https:\/\/sanatyapi.com.tr\/wp-content\/uploads\/2018\/09\/food-5-800x800.webp 800w, https:\/\/sanatyapi.com.tr\/wp-content\/uploads\/2018\/09\/food-5-65x65.webp 65w, https:\/\/sanatyapi.com.tr\/wp-content\/uploads\/2018\/09\/food-5-350x350.webp 350w, https:\/\/sanatyapi.com.tr\/wp-content\/uploads\/2018\/09\/food-5-650x650.webp 650w\" data-sizes=\"(max-width: 750px) 100vw, 750px\" \/><div class=\"gt-overlay\"><div class=\"gt-overlay-color\"><\/div><div class=\"gt-overlay-icon\"><svg xmlns=\"https:\/\/www.w3.org\/2000\/svg\" width=\"24\" height=\"24\" viewbox=\"0 0 24 24\" fill=\"none\" stroke=\"currentColor\" stroke-width=\"1\" stroke-linecap=\"round\" stroke-linejoin=\"round\" class=\"feather feather-arrow-right\"><line x1=\"5\" y1=\"12\" x2=\"19\" y2=\"12\"><\/line><polyline points=\"12 5 19 12 12 19\"><\/polyline><\/svg><\/div><\/div><\/a><\/div><div class=\"gt-content\"><div class=\"gt-line\"><\/div><ul class=\"gt-date\"><li><a href=\"https:\/\/sanatyapi.com.tr\/en\/project-year\/2015\/\">2015<\/a><\/li><\/ul><h3 class=\"gt-title\"><a href=\"https:\/\/sanatyapi.com.tr\/en\/project\/turkcell-office-park\/\">TURKCELL Office Park<\/a><\/h3><ul class=\"gt-location\"><li><a href=\"https:\/\/sanatyapi.com.tr\/en\/project-location\/istanbul\/\">Istanbul<\/a><\/li><\/ul><ul class=\"gt-cat\"><li><a href=\"https:\/\/sanatyapi.com.tr\/en\/project-category\/is-merkezleri-ofisler\/\">Business Centers \/ Offices<\/a><\/li><\/ul><\/div><\/div><div class=\"gt-item gt-col\"><div class=\"gt-img\"><a href=\"https:\/\/sanatyapi.com.tr\/en\/project\/ziraat-genel-mudurlugu-executive-katlar\/\"><img loading=\"lazy\" decoding=\"async\" width=\"750\" height=\"750\" src=\"data:image\/svg+xml,%3Csvg%20xmlns%3D%27https:\/\/www.w3.org\/2000\/svg%27%20viewBox%3D%270%200%203%202%27%3E%3C\/svg%3E\" class=\"attachment-luxe-project-2 size-luxe-project-2 gt-lazy-load wp-post-image\" alt=\"\" data-src=\"https:\/\/sanatyapi.com.tr\/wp-content\/uploads\/2024\/11\/Sanatyapi_ziraat-5-1-750x750.jpg\" data-srcset=\"https:\/\/sanatyapi.com.tr\/wp-content\/uploads\/2024\/11\/Sanatyapi_ziraat-5-1-750x750.jpg 750w, https:\/\/sanatyapi.com.tr\/wp-content\/uploads\/2024\/11\/Sanatyapi_ziraat-5-1-150x150.jpg 150w, https:\/\/sanatyapi.com.tr\/wp-content\/uploads\/2024\/11\/Sanatyapi_ziraat-5-1-555x555.jpg 555w, https:\/\/sanatyapi.com.tr\/wp-content\/uploads\/2024\/11\/Sanatyapi_ziraat-5-1-540x540.jpg 540w, https:\/\/sanatyapi.com.tr\/wp-content\/uploads\/2024\/11\/Sanatyapi_ziraat-5-1-800x800.jpg 800w, https:\/\/sanatyapi.com.tr\/wp-content\/uploads\/2024\/11\/Sanatyapi_ziraat-5-1-65x65.jpg 65w, https:\/\/sanatyapi.com.tr\/wp-content\/uploads\/2024\/11\/Sanatyapi_ziraat-5-1-350x350.jpg 350w, https:\/\/sanatyapi.com.tr\/wp-content\/uploads\/2024\/11\/Sanatyapi_ziraat-5-1-650x650.jpg 650w\" data-sizes=\"(max-width: 750px) 100vw, 750px\" \/><div class=\"gt-overlay\"><div class=\"gt-overlay-color\"><\/div><div class=\"gt-overlay-icon\"><svg xmlns=\"https:\/\/www.w3.org\/2000\/svg\" width=\"24\" height=\"24\" viewbox=\"0 0 24 24\" fill=\"none\" stroke=\"currentColor\" stroke-width=\"1\" stroke-linecap=\"round\" stroke-linejoin=\"round\" class=\"feather feather-arrow-right\"><line x1=\"5\" y1=\"12\" x2=\"19\" y2=\"12\"><\/line><polyline points=\"12 5 19 12 12 19\"><\/polyline><\/svg><\/div><\/div><\/a><\/div><div class=\"gt-content\"><div class=\"gt-line\"><\/div><ul class=\"gt-date\"><li><a href=\"https:\/\/sanatyapi.com.tr\/en\/project-year\/2024\/\">2024<\/a><\/li><\/ul><h3 class=\"gt-title\"><a href=\"https:\/\/sanatyapi.com.tr\/en\/project\/ziraat-genel-mudurlugu-executive-katlar\/\">GENERAL DIRECTORATE OF AGRICULTURE EXECUTIVE FLOORS<\/a><\/h3><ul class=\"gt-location\"><li><a href=\"https:\/\/sanatyapi.com.tr\/en\/project-location\/istanbul\/\">Istanbul<\/a><\/li><\/ul><ul class=\"gt-cat\"><li><a href=\"https:\/\/sanatyapi.com.tr\/en\/project-category\/is-merkezleri-ofisler\/\">Business Centers \/ Offices<\/a><\/li><\/ul><\/div><\/div><div class=\"gt-item gt-col\"><div class=\"gt-img\"><a href=\"https:\/\/sanatyapi.com.tr\/en\/project\/primemall\/\"><img loading=\"lazy\" decoding=\"async\" width=\"750\" height=\"750\" src=\"data:image\/svg+xml,%3Csvg%20xmlns%3D%27https:\/\/www.w3.org\/2000\/svg%27%20viewBox%3D%270%200%203%202%27%3E%3C\/svg%3E\" class=\"attachment-luxe-project-2 size-luxe-project-2 gt-lazy-load wp-post-image\" alt=\"\" data-src=\"https:\/\/sanatyapi.com.tr\/wp-content\/uploads\/2024\/06\/DSC_6859-750x750.jpg\" data-srcset=\"https:\/\/sanatyapi.com.tr\/wp-content\/uploads\/2024\/06\/DSC_6859-750x750.jpg 750w, https:\/\/sanatyapi.com.tr\/wp-content\/uploads\/2024\/06\/DSC_6859-150x150.jpg 150w, https:\/\/sanatyapi.com.tr\/wp-content\/uploads\/2024\/06\/DSC_6859-555x555.jpg 555w, https:\/\/sanatyapi.com.tr\/wp-content\/uploads\/2024\/06\/DSC_6859-540x540.jpg 540w, https:\/\/sanatyapi.com.tr\/wp-content\/uploads\/2024\/06\/DSC_6859-800x800.jpg 800w, https:\/\/sanatyapi.com.tr\/wp-content\/uploads\/2024\/06\/DSC_6859-65x65.jpg 65w, https:\/\/sanatyapi.com.tr\/wp-content\/uploads\/2024\/06\/DSC_6859-350x350.jpg 350w, https:\/\/sanatyapi.com.tr\/wp-content\/uploads\/2024\/06\/DSC_6859-650x650.jpg 650w, https:\/\/sanatyapi.com.tr\/wp-content\/uploads\/2024\/06\/DSC_6859-1200x1200.jpg 1200w\" data-sizes=\"(max-width: 750px) 100vw, 750px\" \/><div class=\"gt-overlay\"><div class=\"gt-overlay-color\"><\/div><div class=\"gt-overlay-icon\"><svg xmlns=\"https:\/\/www.w3.org\/2000\/svg\" width=\"24\" height=\"24\" viewbox=\"0 0 24 24\" fill=\"none\" stroke=\"currentColor\" stroke-width=\"1\" stroke-linecap=\"round\" stroke-linejoin=\"round\" class=\"feather feather-arrow-right\"><line x1=\"5\" y1=\"12\" x2=\"19\" y2=\"12\"><\/line><polyline points=\"12 5 19 12 12 19\"><\/polyline><\/svg><\/div><\/div><\/a><\/div><div class=\"gt-content\"><div class=\"gt-line\"><\/div><ul class=\"gt-date\"><li><a href=\"https:\/\/sanatyapi.com.tr\/en\/project-year\/2016\/\">2016<\/a><\/li><\/ul><h3 class=\"gt-title\"><a href=\"https:\/\/sanatyapi.com.tr\/en\/project\/primemall\/\">PRIMEMALL<\/a><\/h3><ul class=\"gt-location\"><li><a href=\"https:\/\/sanatyapi.com.tr\/en\/project-location\/sivas\/\">Sivas<\/a><\/li><\/ul><ul class=\"gt-cat\"><li><a href=\"https:\/\/sanatyapi.com.tr\/en\/project-category\/alisveris-merkezleri\/\">Shopping Malls<\/a><\/li><\/ul><\/div><\/div><div class=\"gt-item gt-col\"><div class=\"gt-img\"><a href=\"https:\/\/sanatyapi.com.tr\/en\/project\/unifree\/\"><img loading=\"lazy\" decoding=\"async\" width=\"750\" height=\"750\" src=\"data:image\/svg+xml,%3Csvg%20xmlns%3D%27https:\/\/www.w3.org\/2000\/svg%27%20viewBox%3D%270%200%203%202%27%3E%3C\/svg%3E\" class=\"attachment-luxe-project-2 size-luxe-project-2 gt-lazy-load wp-post-image\" alt=\"\" data-src=\"https:\/\/sanatyapi.com.tr\/wp-content\/uploads\/2024\/06\/IMG_0319-750x750.webp\" data-srcset=\"https:\/\/sanatyapi.com.tr\/wp-content\/uploads\/2024\/06\/IMG_0319-750x750.webp 750w, https:\/\/sanatyapi.com.tr\/wp-content\/uploads\/2024\/06\/IMG_0319-150x150.webp 150w, https:\/\/sanatyapi.com.tr\/wp-content\/uploads\/2024\/06\/IMG_0319-555x555.webp 555w, https:\/\/sanatyapi.com.tr\/wp-content\/uploads\/2024\/06\/IMG_0319-540x540.webp 540w, https:\/\/sanatyapi.com.tr\/wp-content\/uploads\/2024\/06\/IMG_0319-800x800.webp 800w, https:\/\/sanatyapi.com.tr\/wp-content\/uploads\/2024\/06\/IMG_0319-65x65.webp 65w, https:\/\/sanatyapi.com.tr\/wp-content\/uploads\/2024\/06\/IMG_0319-350x350.webp 350w, https:\/\/sanatyapi.com.tr\/wp-content\/uploads\/2024\/06\/IMG_0319-650x650.webp 650w\" data-sizes=\"(max-width: 750px) 100vw, 750px\" \/><div class=\"gt-overlay\"><div class=\"gt-overlay-color\"><\/div><div class=\"gt-overlay-icon\"><svg xmlns=\"https:\/\/www.w3.org\/2000\/svg\" width=\"24\" height=\"24\" viewbox=\"0 0 24 24\" fill=\"none\" stroke=\"currentColor\" stroke-width=\"1\" stroke-linecap=\"round\" stroke-linejoin=\"round\" class=\"feather feather-arrow-right\"><line x1=\"5\" y1=\"12\" x2=\"19\" y2=\"12\"><\/line><polyline points=\"12 5 19 12 12 19\"><\/polyline><\/svg><\/div><\/div><\/a><\/div><div class=\"gt-content\"><div class=\"gt-line\"><\/div><ul class=\"gt-date\"><li><a href=\"https:\/\/sanatyapi.com.tr\/en\/project-year\/2018\/\">2018<\/a><\/li><\/ul><h3 class=\"gt-title\"><a href=\"https:\/\/sanatyapi.com.tr\/en\/project\/unifree\/\">UNIFREE INTERNATIONAL DEPARTURE<\/a><\/h3><ul class=\"gt-location\"><li><a href=\"https:\/\/sanatyapi.com.tr\/en\/project-location\/istanbul\/\">Istanbul<\/a><\/li><\/ul><ul class=\"gt-cat\"><li><a href=\"https:\/\/sanatyapi.com.tr\/en\/project-category\/is-merkezleri-ofisler\/\">Business Centers \/ Offices<\/a><\/li><\/ul><\/div><\/div><div class=\"gt-item gt-col\"><div class=\"gt-img\"><a href=\"https:\/\/sanatyapi.com.tr\/en\/project\/darussafaka-cemiyeti-okul-kompleksi\/\"><img loading=\"lazy\" decoding=\"async\" width=\"750\" height=\"750\" src=\"data:image\/svg+xml,%3Csvg%20xmlns%3D%27https:\/\/www.w3.org\/2000\/svg%27%20viewBox%3D%270%200%203%202%27%3E%3C\/svg%3E\" class=\"attachment-luxe-project-2 size-luxe-project-2 gt-lazy-load wp-post-image\" alt=\"\" data-src=\"https:\/\/sanatyapi.com.tr\/wp-content\/uploads\/2026\/04\/CleanShot-2026-04-26-at-16.05.40-750x750.jpg\" data-srcset=\"https:\/\/sanatyapi.com.tr\/wp-content\/uploads\/2026\/04\/CleanShot-2026-04-26-at-16.05.40-750x750.jpg 750w, https:\/\/sanatyapi.com.tr\/wp-content\/uploads\/2026\/04\/CleanShot-2026-04-26-at-16.05.40-150x150.jpg 150w, https:\/\/sanatyapi.com.tr\/wp-content\/uploads\/2026\/04\/CleanShot-2026-04-26-at-16.05.40-555x555.jpg 555w, https:\/\/sanatyapi.com.tr\/wp-content\/uploads\/2026\/04\/CleanShot-2026-04-26-at-16.05.40-540x540.jpg 540w, https:\/\/sanatyapi.com.tr\/wp-content\/uploads\/2026\/04\/CleanShot-2026-04-26-at-16.05.40-800x800.jpg 800w, https:\/\/sanatyapi.com.tr\/wp-content\/uploads\/2026\/04\/CleanShot-2026-04-26-at-16.05.40-65x65.jpg 65w, https:\/\/sanatyapi.com.tr\/wp-content\/uploads\/2026\/04\/CleanShot-2026-04-26-at-16.05.40-350x350.jpg 350w, https:\/\/sanatyapi.com.tr\/wp-content\/uploads\/2026\/04\/CleanShot-2026-04-26-at-16.05.40-650x650.jpg 650w, https:\/\/sanatyapi.com.tr\/wp-content\/uploads\/2026\/04\/CleanShot-2026-04-26-at-16.05.40-1200x1200.jpg 1200w\" data-sizes=\"(max-width: 750px) 100vw, 750px\" \/><div class=\"gt-overlay\"><div class=\"gt-overlay-color\"><\/div><div class=\"gt-overlay-icon\"><svg xmlns=\"https:\/\/www.w3.org\/2000\/svg\" width=\"24\" height=\"24\" viewbox=\"0 0 24 24\" fill=\"none\" stroke=\"currentColor\" stroke-width=\"1\" stroke-linecap=\"round\" stroke-linejoin=\"round\" class=\"feather feather-arrow-right\"><line x1=\"5\" y1=\"12\" x2=\"19\" y2=\"12\"><\/line><polyline points=\"12 5 19 12 12 19\"><\/polyline><\/svg><\/div><\/div><\/a><\/div><div class=\"gt-content\"><div class=\"gt-line\"><\/div><h3 class=\"gt-title\"><a href=\"https:\/\/sanatyapi.com.tr\/en\/project\/darussafaka-cemiyeti-okul-kompleksi\/\">DAR\u00dc\u015e\u015eAFAKA SOCIETY SCHOOL COMPLEX<\/a><\/h3><ul class=\"gt-location\"><li><a href=\"https:\/\/sanatyapi.com.tr\/en\/project-location\/istanbul\/\">Istanbul<\/a><\/li><\/ul><\/div><\/div><div class=\"gt-item gt-col\"><div class=\"gt-img\"><a href=\"https:\/\/sanatyapi.com.tr\/en\/project\/cevahir-avm-renovasyonu\/\"><img loading=\"lazy\" decoding=\"async\" width=\"750\" height=\"750\" src=\"data:image\/svg+xml,%3Csvg%20xmlns%3D%27https:\/\/www.w3.org\/2000\/svg%27%20viewBox%3D%270%200%203%202%27%3E%3C\/svg%3E\" class=\"attachment-luxe-project-2 size-luxe-project-2 gt-lazy-load wp-post-image\" alt=\"\" data-src=\"https:\/\/sanatyapi.com.tr\/wp-content\/uploads\/2026\/04\/CleanShot-2026-04-26-at-16.05.25-750x750.jpg\" data-srcset=\"https:\/\/sanatyapi.com.tr\/wp-content\/uploads\/2026\/04\/CleanShot-2026-04-26-at-16.05.25-750x750.jpg 750w, https:\/\/sanatyapi.com.tr\/wp-content\/uploads\/2026\/04\/CleanShot-2026-04-26-at-16.05.25-150x150.jpg 150w, https:\/\/sanatyapi.com.tr\/wp-content\/uploads\/2026\/04\/CleanShot-2026-04-26-at-16.05.25-555x555.jpg 555w, https:\/\/sanatyapi.com.tr\/wp-content\/uploads\/2026\/04\/CleanShot-2026-04-26-at-16.05.25-540x540.jpg 540w, https:\/\/sanatyapi.com.tr\/wp-content\/uploads\/2026\/04\/CleanShot-2026-04-26-at-16.05.25-800x800.jpg 800w, https:\/\/sanatyapi.com.tr\/wp-content\/uploads\/2026\/04\/CleanShot-2026-04-26-at-16.05.25-65x65.jpg 65w, https:\/\/sanatyapi.com.tr\/wp-content\/uploads\/2026\/04\/CleanShot-2026-04-26-at-16.05.25-350x350.jpg 350w, https:\/\/sanatyapi.com.tr\/wp-content\/uploads\/2026\/04\/CleanShot-2026-04-26-at-16.05.25-650x650.jpg 650w\" data-sizes=\"(max-width: 750px) 100vw, 750px\" \/><div class=\"gt-overlay\"><div class=\"gt-overlay-color\"><\/div><div class=\"gt-overlay-icon\"><svg xmlns=\"https:\/\/www.w3.org\/2000\/svg\" width=\"24\" height=\"24\" viewbox=\"0 0 24 24\" fill=\"none\" stroke=\"currentColor\" stroke-width=\"1\" stroke-linecap=\"round\" stroke-linejoin=\"round\" class=\"feather feather-arrow-right\"><line x1=\"5\" y1=\"12\" x2=\"19\" y2=\"12\"><\/line><polyline points=\"12 5 19 12 12 19\"><\/polyline><\/svg><\/div><\/div><\/a><\/div><div class=\"gt-content\"><div class=\"gt-line\"><\/div><h3 class=\"gt-title\"><a href=\"https:\/\/sanatyapi.com.tr\/en\/project\/cevahir-avm-renovasyonu\/\">CEVAH\u0130R SHOPPING MALL RENOVATION<\/a><\/h3><ul class=\"gt-location\"><li><a href=\"https:\/\/sanatyapi.com.tr\/en\/project-location\/istanbul\/\">Istanbul<\/a><\/li><\/ul><ul class=\"gt-cat\"><li><a href=\"https:\/\/sanatyapi.com.tr\/en\/project-category\/alisveris-merkezleri\/\">Shopping Malls<\/a><\/li><\/ul><\/div><\/div><div class=\"gt-item gt-col\"><div class=\"gt-img\"><a href=\"https:\/\/sanatyapi.com.tr\/en\/project\/qnb-bank-as-veri-merkezi\/\"><img loading=\"lazy\" decoding=\"async\" width=\"750\" height=\"750\" src=\"data:image\/svg+xml,%3Csvg%20xmlns%3D%27https:\/\/www.w3.org\/2000\/svg%27%20viewBox%3D%270%200%203%202%27%3E%3C\/svg%3E\" class=\"attachment-luxe-project-2 size-luxe-project-2 gt-lazy-load wp-post-image\" alt=\"\" data-src=\"https:\/\/sanatyapi.com.tr\/wp-content\/uploads\/2026\/04\/CleanShot-2026-04-22-at-23.44.49-750x750.jpg\" data-srcset=\"https:\/\/sanatyapi.com.tr\/wp-content\/uploads\/2026\/04\/CleanShot-2026-04-22-at-23.44.49-750x750.jpg 750w, https:\/\/sanatyapi.com.tr\/wp-content\/uploads\/2026\/04\/CleanShot-2026-04-22-at-23.44.49-150x150.jpg 150w, https:\/\/sanatyapi.com.tr\/wp-content\/uploads\/2026\/04\/CleanShot-2026-04-22-at-23.44.49-555x555.jpg 555w, https:\/\/sanatyapi.com.tr\/wp-content\/uploads\/2026\/04\/CleanShot-2026-04-22-at-23.44.49-540x540.jpg 540w, https:\/\/sanatyapi.com.tr\/wp-content\/uploads\/2026\/04\/CleanShot-2026-04-22-at-23.44.49-800x800.jpg 800w, https:\/\/sanatyapi.com.tr\/wp-content\/uploads\/2026\/04\/CleanShot-2026-04-22-at-23.44.49-65x65.jpg 65w, https:\/\/sanatyapi.com.tr\/wp-content\/uploads\/2026\/04\/CleanShot-2026-04-22-at-23.44.49-350x350.jpg 350w, https:\/\/sanatyapi.com.tr\/wp-content\/uploads\/2026\/04\/CleanShot-2026-04-22-at-23.44.49-650x650.jpg 650w, https:\/\/sanatyapi.com.tr\/wp-content\/uploads\/2026\/04\/CleanShot-2026-04-22-at-23.44.49-1200x1200.jpg 1200w\" data-sizes=\"(max-width: 750px) 100vw, 750px\" \/><div class=\"gt-overlay\"><div class=\"gt-overlay-color\"><\/div><div class=\"gt-overlay-icon\"><svg xmlns=\"https:\/\/www.w3.org\/2000\/svg\" width=\"24\" height=\"24\" viewbox=\"0 0 24 24\" fill=\"none\" stroke=\"currentColor\" stroke-width=\"1\" stroke-linecap=\"round\" stroke-linejoin=\"round\" class=\"feather feather-arrow-right\"><line x1=\"5\" y1=\"12\" x2=\"19\" y2=\"12\"><\/line><polyline points=\"12 5 19 12 12 19\"><\/polyline><\/svg><\/div><\/div><\/a><\/div><div class=\"gt-content\"><div class=\"gt-line\"><\/div><h3 class=\"gt-title\"><a href=\"https:\/\/sanatyapi.com.tr\/en\/project\/qnb-bank-as-veri-merkezi\/\">QNB BANK A.\u015e. DATA CENTER<\/a><\/h3><ul class=\"gt-location\"><li><a href=\"https:\/\/sanatyapi.com.tr\/en\/project-location\/ankara\/\">Ankara<\/a><\/li><\/ul><ul class=\"gt-cat\"><li><a href=\"https:\/\/sanatyapi.com.tr\/en\/project-category\/is-merkezleri-ofisler\/\">Business Centers \/ Offices<\/a><\/li><\/ul><\/div><\/div><div class=\"gt-item gt-col\"><div class=\"gt-img\"><a href=\"https:\/\/sanatyapi.com.tr\/en\/project\/metropol-avm\/\"><img loading=\"lazy\" decoding=\"async\" width=\"750\" height=\"750\" src=\"data:image\/svg+xml,%3Csvg%20xmlns%3D%27https:\/\/www.w3.org\/2000\/svg%27%20viewBox%3D%270%200%203%202%27%3E%3C\/svg%3E\" class=\"attachment-luxe-project-2 size-luxe-project-2 gt-lazy-load wp-post-image\" alt=\"\" data-src=\"https:\/\/sanatyapi.com.tr\/wp-content\/uploads\/2024\/06\/2-750x750.webp\" data-srcset=\"https:\/\/sanatyapi.com.tr\/wp-content\/uploads\/2024\/06\/2-750x750.webp 750w, https:\/\/sanatyapi.com.tr\/wp-content\/uploads\/2024\/06\/2-150x150.webp 150w, https:\/\/sanatyapi.com.tr\/wp-content\/uploads\/2024\/06\/2-555x555.webp 555w, https:\/\/sanatyapi.com.tr\/wp-content\/uploads\/2024\/06\/2-540x540.webp 540w, https:\/\/sanatyapi.com.tr\/wp-content\/uploads\/2024\/06\/2-800x800.webp 800w, https:\/\/sanatyapi.com.tr\/wp-content\/uploads\/2024\/06\/2-65x65.webp 65w, https:\/\/sanatyapi.com.tr\/wp-content\/uploads\/2024\/06\/2-350x350.webp 350w, https:\/\/sanatyapi.com.tr\/wp-content\/uploads\/2024\/06\/2-650x650.webp 650w\" data-sizes=\"(max-width: 750px) 100vw, 750px\" \/><div class=\"gt-overlay\"><div class=\"gt-overlay-color\"><\/div><div class=\"gt-overlay-icon\"><svg xmlns=\"https:\/\/www.w3.org\/2000\/svg\" width=\"24\" height=\"24\" viewbox=\"0 0 24 24\" fill=\"none\" stroke=\"currentColor\" stroke-width=\"1\" stroke-linecap=\"round\" stroke-linejoin=\"round\" class=\"feather feather-arrow-right\"><line x1=\"5\" y1=\"12\" x2=\"19\" y2=\"12\"><\/line><polyline points=\"12 5 19 12 12 19\"><\/polyline><\/svg><\/div><\/div><\/a><\/div><div class=\"gt-content\"><div class=\"gt-line\"><\/div><ul class=\"gt-date\"><li><a href=\"https:\/\/sanatyapi.com.tr\/en\/project-year\/2018\/\">2018<\/a><\/li><li><a href=\"https:\/\/sanatyapi.com.tr\/en\/project-year\/2019\/\">2019<\/a><\/li><\/ul><h3 class=\"gt-title\"><a href=\"https:\/\/sanatyapi.com.tr\/en\/project\/metropol-avm\/\">METROPOLITAN SHOPPING CENTER<\/a><\/h3><ul class=\"gt-location\"><li><a href=\"https:\/\/sanatyapi.com.tr\/en\/project-location\/istanbul\/\">Istanbul<\/a><\/li><\/ul><ul class=\"gt-cat\"><li><a href=\"https:\/\/sanatyapi.com.tr\/en\/project-category\/alisveris-merkezleri\/\">Shopping Malls<\/a><\/li><\/ul><\/div><\/div><div class=\"gt-item gt-col\"><div class=\"gt-img\"><a href=\"https:\/\/sanatyapi.com.tr\/en\/project\/protel\/\"><img loading=\"lazy\" decoding=\"async\" width=\"750\" height=\"750\" src=\"data:image\/svg+xml,%3Csvg%20xmlns%3D%27https:\/\/www.w3.org\/2000\/svg%27%20viewBox%3D%270%200%203%202%27%3E%3C\/svg%3E\" class=\"attachment-luxe-project-2 size-luxe-project-2 gt-lazy-load wp-post-image\" alt=\"\" data-src=\"https:\/\/sanatyapi.com.tr\/wp-content\/uploads\/2024\/07\/protel-1-750x750.jpg\" data-srcset=\"https:\/\/sanatyapi.com.tr\/wp-content\/uploads\/2024\/07\/protel-1-750x750.jpg 750w, https:\/\/sanatyapi.com.tr\/wp-content\/uploads\/2024\/07\/protel-1-150x150.jpg 150w, https:\/\/sanatyapi.com.tr\/wp-content\/uploads\/2024\/07\/protel-1-555x555.jpg 555w, https:\/\/sanatyapi.com.tr\/wp-content\/uploads\/2024\/07\/protel-1-540x540.jpg 540w, https:\/\/sanatyapi.com.tr\/wp-content\/uploads\/2024\/07\/protel-1-800x800.jpg 800w, https:\/\/sanatyapi.com.tr\/wp-content\/uploads\/2024\/07\/protel-1-65x65.jpg 65w, https:\/\/sanatyapi.com.tr\/wp-content\/uploads\/2024\/07\/protel-1-350x350.jpg 350w, https:\/\/sanatyapi.com.tr\/wp-content\/uploads\/2024\/07\/protel-1-650x650.jpg 650w, https:\/\/sanatyapi.com.tr\/wp-content\/uploads\/2024\/07\/protel-1-1200x1200.jpg 1200w\" data-sizes=\"(max-width: 750px) 100vw, 750px\" \/><div class=\"gt-overlay\"><div class=\"gt-overlay-color\"><\/div><div class=\"gt-overlay-icon\"><svg xmlns=\"https:\/\/www.w3.org\/2000\/svg\" width=\"24\" height=\"24\" viewbox=\"0 0 24 24\" fill=\"none\" stroke=\"currentColor\" stroke-width=\"1\" stroke-linecap=\"round\" stroke-linejoin=\"round\" class=\"feather feather-arrow-right\"><line x1=\"5\" y1=\"12\" x2=\"19\" y2=\"12\"><\/line><polyline points=\"12 5 19 12 12 19\"><\/polyline><\/svg><\/div><\/div><\/a><\/div><div class=\"gt-content\"><div class=\"gt-line\"><\/div><ul class=\"gt-date\"><li><a href=\"https:\/\/sanatyapi.com.tr\/en\/project-year\/2014\/\">2014<\/a><\/li><\/ul><h3 class=\"gt-title\"><a href=\"https:\/\/sanatyapi.com.tr\/en\/project\/protel\/\">PROTEL<\/a><\/h3><ul class=\"gt-location\"><li><a href=\"https:\/\/sanatyapi.com.tr\/en\/project-location\/istanbul\/\">Istanbul<\/a><\/li><\/ul><ul class=\"gt-cat\"><li><a href=\"https:\/\/sanatyapi.com.tr\/en\/project-category\/is-merkezleri-ofisler\/\">Business Centers \/ Offices<\/a><\/li><\/ul><\/div><\/div><\/div><div class=\"gt-pagination gt-gt-dark\"><ul class='page-numbers'>\n\t<li><span aria-current=\"page\" class=\"page-numbers current\">1<\/span><\/li>\n\t<li><a class=\"page-numbers\" href=\"https:\/\/sanatyapi.com.tr\/en\/wp-json\/wp\/v2\/pages\/301\/page\/2\/\">2<\/a><\/li>\n\t<li><a class=\"page-numbers\" href=\"https:\/\/sanatyapi.com.tr\/en\/wp-json\/wp\/v2\/pages\/301\/page\/3\/\">3<\/a><\/li>\n\t<li><span class=\"page-numbers dots\">&hellip;<\/span><\/li>\n\t<li><a class=\"page-numbers\" href=\"https:\/\/sanatyapi.com.tr\/en\/wp-json\/wp\/v2\/pages\/301\/page\/6\/\">6<\/a><\/li>\n\t<li><a class=\"next page-numbers\" href=\"https:\/\/sanatyapi.com.tr\/en\/wp-json\/wp\/v2\/pages\/301\/page\/2\/\">Next<\/a><\/li>\n<\/ul>\n<\/div><\/div><\/div><\/div><\/div>\n<\/div>","protected":false},"excerpt":{"rendered":"Ofis Binas\u0131PROTEL Protel, i\u00e7 bah\u00e7eleri ve \u00e7evre d\u00fczenlemesiyle \u00e7al\u0131\u015fanlar\u0131n verimlili\u011fini art\u0131ran bir A+ ofis kompleksidir\u00e7. Proje mimari detaylar bak\u0131m\u0131ndan olduk\u00e7a zengin bir projedir. T\u00fcr\u00fcOfis Binas\u0131Yap\u0131lan \u0130\u015fKaba in\u015faat, ince in\u015faat, dekorasyon,...","protected":false},"author":1,"featured_media":0,"parent":0,"menu_order":0,"comment_status":"closed","ping_status":"closed","template":"","meta":{"om_disable_all_campaigns":false,"inline_featured_image":false,"footnotes":""},"class_list":["post-301","page","type-page","status-publish","hentry"],"aioseo_notices":[],"_links":{"self":[{"href":"https:\/\/sanatyapi.com.tr\/en\/wp-json\/wp\/v2\/pages\/301","targetHints":{"allow":["GET"]}}],"collection":[{"href":"https:\/\/sanatyapi.com.tr\/en\/wp-json\/wp\/v2\/pages"}],"about":[{"href":"https:\/\/sanatyapi.com.tr\/en\/wp-json\/wp\/v2\/types\/page"}],"author":[{"embeddable":true,"href":"https:\/\/sanatyapi.com.tr\/en\/wp-json\/wp\/v2\/users\/1"}],"replies":[{"embeddable":true,"href":"https:\/\/sanatyapi.com.tr\/en\/wp-json\/wp\/v2\/comments?post=301"}],"version-history":[{"count":0,"href":"https:\/\/sanatyapi.com.tr\/en\/wp-json\/wp\/v2\/pages\/301\/revisions"}],"wp:attachment":[{"href":"https:\/\/sanatyapi.com.tr\/en\/wp-json\/wp\/v2\/media?parent=301"}],"curies":[{"name":"wp","href":"https:\/\/api.w.org\/{rel}","templated":true}]}}