{"id":2909,"date":"2024-07-23T12:19:38","date_gmt":"2024-07-23T12:19:38","guid":{"rendered":"http:\/\/wmatest.com\/sanatyapi\/?page_id=2909"},"modified":"2024-12-12T10:59:00","modified_gmt":"2024-12-12T10:59:00","slug":"grup-sirketleri","status":"publish","type":"page","link":"https:\/\/sanatyapi.com.tr\/en\/grup-sirketleri\/","title":{"rendered":"Group Companies"},"content":{"rendered":"<div class=\"wpb-content-wrapper\"><div data-vc-full-width=\"true\" data-vc-full-width-init=\"false\" data-vc-stretch-content=\"true\" class=\"vc_row wpb_row vc_row-fluid gt-background-position-initial gt-background-attachment-initial gt-text-default vc_row-no-padding\"><div class=\"wpb_column vc_column_container vc_col-sm-12\"><div class=\"vc_column-inner\"><div class=\"wpb_wrapper\"><div class=\"vc_empty_space\"   style=\"height: 120px\"><span class=\"vc_empty_space_inner\"><\/span><\/div>\n\t<div class=\"wpb_text_column wpb_content_element\" >\n\t\t<div class=\"wpb_wrapper\">\n\t\t\t<p style=\"text-align: center;\">Sanat Yap\u0131 A.\u015e. has subsidiaries serving in many different sectors with years of experience.<\/p>\n<p style=\"text-align: center;\">Our subsidiaries include areas such as family entertainment center management, e-commerce, distribution of products for the entertainment sector and supply of technological products for the fuel sector.<\/p>\n\n\t\t<\/div>\n\t<\/div>\n<div class=\"vc_empty_space\"   style=\"height: 80px\"><span class=\"vc_empty_space_inner\"><\/span><\/div><\/div><\/div><\/div><\/div><div class=\"vc_row-full-width vc_clearfix\"><\/div><div class=\"vc_row wpb_row vc_row-fluid gt-background-position-initial gt-background-attachment-initial gt-text-default\"><div class=\"wpb_column vc_column_container vc_col-sm-3\"><div class=\"vc_column-inner\"><div class=\"wpb_wrapper\"><div class=\"gt-image gt-align-left\"><img loading=\"lazy\" decoding=\"async\" width=\"500\" height=\"500\" src=\"data:image\/svg+xml,%3Csvg%20xmlns%3D%27https:\/\/www.w3.org\/2000\/svg%27%20viewBox%3D%270%200%203%202%27%3E%3C\/svg%3E\" class=\"attachment-full size-full gt-lazy-load\" alt=\"\" data-src=\"https:\/\/sanatyapi.com.tr\/wp-content\/uploads\/2024\/11\/ivapark.webp\" data-srcset=\"https:\/\/sanatyapi.com.tr\/wp-content\/uploads\/2024\/11\/ivapark.webp 500w, https:\/\/sanatyapi.com.tr\/wp-content\/uploads\/2024\/11\/ivapark-300x300.webp 300w, https:\/\/sanatyapi.com.tr\/wp-content\/uploads\/2024\/11\/ivapark-150x150.webp 150w, https:\/\/sanatyapi.com.tr\/wp-content\/uploads\/2024\/11\/ivapark-65x65.webp 65w, https:\/\/sanatyapi.com.tr\/wp-content\/uploads\/2024\/11\/ivapark-350x350.webp 350w\" data-sizes=\"(max-width: 500px) 100vw, 500px\" \/><\/div><\/div><\/div><\/div><div class=\"wpb_column vc_column_container vc_col-sm-3\"><div class=\"vc_column-inner\"><div class=\"wpb_wrapper\"><div class=\"gt-image gt-align-left\"><img loading=\"lazy\" decoding=\"async\" width=\"500\" height=\"500\" src=\"data:image\/svg+xml,%3Csvg%20xmlns%3D%27https:\/\/www.w3.org\/2000\/svg%27%20viewBox%3D%270%200%203%202%27%3E%3C\/svg%3E\" class=\"attachment-full size-full gt-lazy-load\" alt=\"\" data-src=\"https:\/\/sanatyapi.com.tr\/wp-content\/uploads\/2024\/07\/macera-adasi.jpg\" data-srcset=\"https:\/\/sanatyapi.com.tr\/wp-content\/uploads\/2024\/07\/macera-adasi.jpg 500w, https:\/\/sanatyapi.com.tr\/wp-content\/uploads\/2024\/07\/macera-adasi-300x300.jpg 300w, https:\/\/sanatyapi.com.tr\/wp-content\/uploads\/2024\/07\/macera-adasi-150x150.jpg 150w, https:\/\/sanatyapi.com.tr\/wp-content\/uploads\/2024\/07\/macera-adasi-65x65.jpg 65w, https:\/\/sanatyapi.com.tr\/wp-content\/uploads\/2024\/07\/macera-adasi-350x350.jpg 350w\" data-sizes=\"(max-width: 500px) 100vw, 500px\" \/><\/div><\/div><\/div><\/div><div class=\"wpb_column vc_column_container vc_col-sm-3\"><div class=\"vc_column-inner\"><div class=\"wpb_wrapper\"><div class=\"gt-image gt-align-left\"><img loading=\"lazy\" decoding=\"async\" width=\"500\" height=\"500\" src=\"data:image\/svg+xml,%3Csvg%20xmlns%3D%27https:\/\/www.w3.org\/2000\/svg%27%20viewBox%3D%270%200%203%202%27%3E%3C\/svg%3E\" class=\"attachment-full size-full gt-lazy-load\" alt=\"\" data-src=\"https:\/\/sanatyapi.com.tr\/wp-content\/uploads\/2024\/07\/konsept.jpg\" data-srcset=\"https:\/\/sanatyapi.com.tr\/wp-content\/uploads\/2024\/07\/konsept.jpg 500w, https:\/\/sanatyapi.com.tr\/wp-content\/uploads\/2024\/07\/konsept-300x300.jpg 300w, https:\/\/sanatyapi.com.tr\/wp-content\/uploads\/2024\/07\/konsept-150x150.jpg 150w, https:\/\/sanatyapi.com.tr\/wp-content\/uploads\/2024\/07\/konsept-65x65.jpg 65w, https:\/\/sanatyapi.com.tr\/wp-content\/uploads\/2024\/07\/konsept-350x350.jpg 350w\" data-sizes=\"(max-width: 500px) 100vw, 500px\" \/><\/div><\/div><\/div><\/div><div class=\"wpb_column vc_column_container vc_col-sm-3\"><div class=\"vc_column-inner\"><div class=\"wpb_wrapper\"><div class=\"gt-image gt-align-left\"><img loading=\"lazy\" decoding=\"async\" width=\"500\" height=\"500\" src=\"data:image\/svg+xml,%3Csvg%20xmlns%3D%27https:\/\/www.w3.org\/2000\/svg%27%20viewBox%3D%270%200%203%202%27%3E%3C\/svg%3E\" class=\"attachment-full size-full gt-lazy-load\" alt=\"\" data-src=\"https:\/\/sanatyapi.com.tr\/wp-content\/uploads\/2024\/07\/selecta.jpg\" data-srcset=\"https:\/\/sanatyapi.com.tr\/wp-content\/uploads\/2024\/07\/selecta.jpg 500w, https:\/\/sanatyapi.com.tr\/wp-content\/uploads\/2024\/07\/selecta-300x300.jpg 300w, https:\/\/sanatyapi.com.tr\/wp-content\/uploads\/2024\/07\/selecta-150x150.jpg 150w, https:\/\/sanatyapi.com.tr\/wp-content\/uploads\/2024\/07\/selecta-65x65.jpg 65w, https:\/\/sanatyapi.com.tr\/wp-content\/uploads\/2024\/07\/selecta-350x350.jpg 350w\" data-sizes=\"(max-width: 500px) 100vw, 500px\" \/><\/div><\/div><\/div><\/div><\/div><div data-vc-full-width=\"true\" data-vc-full-width-init=\"false\" class=\"vc_row wpb_row vc_row-fluid gt-background-position-initial gt-background-attachment-initial gt-text-default\"><div class=\"wpb_column vc_column_container vc_col-sm-12\"><div class=\"vc_column-inner\"><div class=\"wpb_wrapper\"><div class=\"vc_row wpb_row vc_inner vc_row-fluid\"><div class=\"wpb_column vc_column_container vc_col-sm-12 vc_col-lg-1\/5 vc_col-md-1\/5 vc_hidden-sm vc_hidden-xs\"><div class=\"vc_column-inner\"><div class=\"wpb_wrapper\"><\/div><\/div><\/div><div class=\"wpb_column vc_column_container vc_col-sm-12 vc_col-lg-3\/5 vc_col-md-3\/5\"><div class=\"vc_column-inner\"><div class=\"wpb_wrapper\"><div class=\"vc_empty_space\"   style=\"height: 120px\"><span class=\"vc_empty_space_inner\"><\/span><\/div><div class=\"gt-page-heading gt-dark gt-center\"><div class=\"gt-line\"><\/div><span>S\u0130VAS INVESTMENT INC.<\/span><\/div><div class=\"vc_empty_space\"   style=\"height: 80px\"><span class=\"vc_empty_space_inner\"><\/span><\/div><\/div><\/div><\/div><div class=\"wpb_column vc_column_container vc_col-sm-12 vc_col-lg-1\/5 vc_col-md-1\/5 vc_hidden-sm vc_hidden-xs\"><div class=\"vc_column-inner\"><div class=\"wpb_wrapper\"><\/div><\/div><\/div><\/div><\/div><\/div><\/div><\/div><div class=\"vc_row-full-width vc_clearfix\"><\/div><div class=\"vc_row wpb_row vc_row-fluid gt-background-position-initial gt-background-attachment-initial gt-text-default\"><div class=\"wpb_column vc_column_container vc_col-sm-12\"><div class=\"vc_column-inner\"><div class=\"wpb_wrapper\">\n\t<div class=\"wpb_text_column wpb_content_element\" >\n\t\t<div class=\"wpb_wrapper\">\n\t\t\t<p style=\"text-align: center;\">Iva Park AVM, 14 Aral\u0131k 2016 tarihinde kap\u0131lar\u0131n\u0131 ziyaret\u00e7ilere a\u00e7arak b\u00f6lgedeki al\u0131\u015fveri\u015f ve sosyal ya\u015fam\u0131n vazge\u00e7ilmez bir merkezi haline gelmi\u015ftir. 81.529 m\u00b2&#8217;lik kapal\u0131 in\u015faat alan\u0131na sahip olan AVM, y\u0131lda 7,5 milyon ziyaret\u00e7iye ev sahipli\u011fi yaparak geni\u015f bir kitleye hitap etmektedir. 750 ara\u00e7 kapasiteli otopark\u0131yla ziyaret\u00e7ilerine park kolayl\u0131\u011f\u0131 sunarken, 33.126 m\u00b2\u2019lik kiralanabilir alanda 119 ma\u011fazas\u0131yla al\u0131\u015fveri\u015f deneyimini \u00e7e\u015fitlendirmektedir. %97 doluluk oran\u0131na sahip olan AVM&#8217;de Av\u015far Sinemalar\u0131 keyifli film g\u00f6sterimleri sunarken, Migros s\u00fcpermarketiyle ziyaret\u00e7ilerin t\u00fcm g\u00fcnl\u00fck ihtiya\u00e7lar\u0131n\u0131 kar\u015f\u0131lamaktad\u0131r. (<a href=\"https:\/\/ivaparkavm.com.tr\/\">www.ivaparkavm.com.tr<\/a>)<\/p>\n\n\t\t<\/div>\n\t<\/div>\n<\/div><\/div><\/div><div class=\"wpb_column vc_column_container vc_col-sm-3\"><div class=\"vc_column-inner\"><div class=\"wpb_wrapper\"><\/div><\/div><\/div><div class=\"wpb_column vc_column_container vc_col-sm-6\"><div class=\"vc_column-inner vc_custom_1731529244911\"><div class=\"wpb_wrapper\">\n\t<div  class=\"wpb_single_image wpb_content_element vc_align_center\">\n\t\t\n\t\t<figure class=\"wpb_wrapper vc_figure\">\n\t\t\t<div class=\"vc_single_image-wrapper   vc_box_border_grey\"><img loading=\"lazy\" decoding=\"async\" width=\"2000\" height=\"1124\" src=\"data:image\/svg+xml,%3Csvg%20xmlns%3D%27https:\/\/www.w3.org\/2000\/svg%27%20viewBox%3D%270%200%203%202%27%3E%3C\/svg%3E\" class=\"vc_single_image-img attachment-full gt-lazy-load\" alt=\"\" title=\"DJI_0586 copy\" data-src=\"https:\/\/sanatyapi.com.tr\/wp-content\/uploads\/2024\/11\/DJI_0586-copy.webp\" data-srcset=\"https:\/\/sanatyapi.com.tr\/wp-content\/uploads\/2024\/11\/DJI_0586-copy.webp 2000w, https:\/\/sanatyapi.com.tr\/wp-content\/uploads\/2024\/11\/DJI_0586-copy-300x169.webp 300w, https:\/\/sanatyapi.com.tr\/wp-content\/uploads\/2024\/11\/DJI_0586-copy-1024x575.webp 1024w, https:\/\/sanatyapi.com.tr\/wp-content\/uploads\/2024\/11\/DJI_0586-copy-768x432.webp 768w, https:\/\/sanatyapi.com.tr\/wp-content\/uploads\/2024\/11\/DJI_0586-copy-1536x863.webp 1536w\" data-sizes=\"(max-width: 2000px) 100vw, 2000px\" \/><\/div>\n\t\t<\/figure>\n\t<\/div>\n<\/div><\/div><\/div><div class=\"wpb_column vc_column_container vc_col-sm-3\"><div class=\"vc_column-inner\"><div class=\"wpb_wrapper\"><\/div><\/div><\/div><\/div><div data-vc-full-width=\"true\" data-vc-full-width-init=\"false\" class=\"vc_row wpb_row vc_row-fluid gt-background-position-initial gt-background-attachment-initial gt-text-default\"><div class=\"wpb_column vc_column_container vc_col-sm-12\"><div class=\"vc_column-inner\"><div class=\"wpb_wrapper\"><div class=\"vc_row wpb_row vc_inner vc_row-fluid\"><div class=\"wpb_column vc_column_container vc_col-sm-12 vc_col-lg-1\/5 vc_col-md-1\/5 vc_hidden-sm vc_hidden-xs\"><div class=\"vc_column-inner\"><div class=\"wpb_wrapper\"><\/div><\/div><\/div><div class=\"wpb_column vc_column_container vc_col-sm-12 vc_col-lg-3\/5 vc_col-md-3\/5\"><div class=\"vc_column-inner\"><div class=\"wpb_wrapper\"><div class=\"vc_empty_space\"   style=\"height: 120px\"><span class=\"vc_empty_space_inner\"><\/span><\/div><div class=\"gt-page-heading gt-dark gt-center\"><div class=\"gt-line\"><\/div><span>CONCEPT ISTANBUL FOOD AND ENTERTAINMENT CENTERS INVESTMENT BUSINESS TRADE CO. LTD.<\/span><\/div><div class=\"vc_empty_space\"   style=\"height: 80px\"><span class=\"vc_empty_space_inner\"><\/span><\/div><\/div><\/div><\/div><div class=\"wpb_column vc_column_container vc_col-sm-12 vc_col-lg-1\/5 vc_col-md-1\/5 vc_hidden-sm vc_hidden-xs\"><div class=\"vc_column-inner\"><div class=\"wpb_wrapper\"><\/div><\/div><\/div><\/div><\/div><\/div><\/div><\/div><div class=\"vc_row-full-width vc_clearfix\"><\/div><div class=\"vc_row wpb_row vc_row-fluid gt-background-position-initial gt-background-attachment-initial gt-text-default\"><div class=\"wpb_column vc_column_container vc_col-sm-12\"><div class=\"vc_column-inner\"><div class=\"wpb_wrapper\">\n\t<div class=\"wpb_text_column wpb_content_element\" >\n\t\t<div class=\"wpb_wrapper\">\n\t\t\t<div class=\"wpb_column vc_column_container vc_col-sm-6 et-dark-column\">\n<div class=\"vc_column-inner\">\n<div class=\"wpb_wrapper\">\n<div class=\"wpb_text_column wpb_content_element\">\n<div class=\"wpb_wrapper\">\n<p>\u201cAdventure Island\u201d was established as a brand under Konsept Istanbul Ltd. \u015eti., which was established in May 2010 as a company specialized in the gaming and family entertainment sectors, aiming to provide unforgettable experiences to its guests by creating gaming entertainment centers consisting of different concept playgrounds that appeal to all ages. (<a href=\"https:\/\/www.maceraadasi.com\/\"><strong>www.maceraadasi.com<\/strong><\/a>)<\/p>\n<p>Adventure Island aims to support children and young people&#039;s cognitive and psychomotor development, as well as having fun with activities that will add color to their daily lives. At the same time, considering that playgrounds are a social living space, they also play an important role in developing communication skills.<\/p>\n<\/div>\n<\/div>\n<\/div>\n<\/div>\n<\/div>\n<div class=\"wpb_column vc_column_container vc_col-sm-6 et-dark-column\">\n<div class=\"vc_column-inner\">\n<div class=\"wpb_wrapper\">\n<div class=\"wpb_text_column wpb_content_element\">\n<div class=\"wpb_wrapper\">\n<p>With its specially imported playgrounds and creative team, Adventure Island aims to be an indispensable place for everyone who loves to have fun and learn, with its educational institution events and birthday parties held throughout the academic year, in addition to bringing together many different fun, exciting and adrenaline-filled activities.<\/p>\n<\/div>\n<\/div>\n<\/div>\n<\/div>\n<\/div>\n\n\t\t<\/div>\n\t<\/div>\n<\/div><\/div><\/div><\/div><div data-vc-full-width=\"true\" data-vc-full-width-init=\"false\" class=\"vc_row wpb_row vc_row-fluid gt-background-position-initial gt-background-attachment-initial gt-text-default\"><div class=\"wpb_column vc_column_container vc_col-sm-12\"><div class=\"vc_column-inner\"><div class=\"wpb_wrapper\"><div class=\"vc_row wpb_row vc_inner vc_row-fluid\"><div class=\"wpb_column vc_column_container vc_col-sm-12 vc_col-lg-1\/5 vc_col-md-1\/5 vc_hidden-sm vc_hidden-xs\"><div class=\"vc_column-inner\"><div class=\"wpb_wrapper\"><\/div><\/div><\/div><div class=\"wpb_column vc_column_container vc_col-sm-12 vc_col-lg-3\/5 vc_col-md-3\/5\"><div class=\"vc_column-inner\"><div class=\"wpb_wrapper\"><div class=\"vc_empty_space\"   style=\"height: 120px\"><span class=\"vc_empty_space_inner\"><\/span><\/div><div class=\"gt-page-heading gt-dark gt-center\"><div class=\"gt-line\"><\/div><span>SELECTA GLOBAL INC.<\/span><\/div><div class=\"vc_empty_space\"   style=\"height: 80px\"><span class=\"vc_empty_space_inner\"><\/span><\/div><\/div><\/div><\/div><div class=\"wpb_column vc_column_container vc_col-sm-12 vc_col-lg-1\/5 vc_col-md-1\/5 vc_hidden-sm vc_hidden-xs\"><div class=\"vc_column-inner\"><div class=\"wpb_wrapper\"><\/div><\/div><\/div><\/div><\/div><\/div><\/div><\/div><div class=\"vc_row-full-width vc_clearfix\"><\/div><div class=\"vc_row wpb_row vc_row-fluid gt-background-position-initial gt-background-attachment-initial gt-text-default\"><div class=\"wpb_column vc_column_container vc_col-sm-12\"><div class=\"vc_column-inner\"><div class=\"wpb_wrapper\">\n\t<div class=\"wpb_text_column wpb_content_element\" >\n\t\t<div class=\"wpb_wrapper\">\n\t\t\t<p>Selecta Global is an international independent consultancy company providing Data Analytics services to the Oil&amp;Gas and Energy sectors. Our areas of expertise are Fuel Leak Monitoring and Systematic Tank Calibration; with their sub-specialties. In this context, we assist Fuel Main Distribution companies in minimizing environmental risks, meeting HSE-G requirements and preventing potential financial losses.<\/p>\n<p>Thanks to our expert team\u2019s more than ten years of operational experience in the relevant fields, we have established reliable and long-term relationships with Fuel Distribution companies and contractor companies. The consultancy we provide to multinational companies on the commissioning of professional stock tracking systems returns to them as a reduction in their environmental exposure and an increase in dealer business volumes.<\/p>\n<p>We integrate our academic and professional knowledge to design innovative fuel stock management systems and benefit our industry. Our technology solutions are designed to make life easier for fuel companies and their dealer networks by saving them time, energy and money. We are happy to contribute to the change towards a more sustainable and fair future by establishing partnerships with companies that want to make a positive impact in the energy industry. We aim to be the best environmental solution partner for our customers.<\/p>\n<p style=\"text-align: center;\"><a href=\"https:\/\/selectaglobal.com\/\">www.selectaglobal.com<\/a><\/p>\n\n\t\t<\/div>\n\t<\/div>\n<\/div><\/div><\/div><\/div>\n<\/div>","protected":false},"excerpt":{"rendered":"Sanat Yap\u0131 A.\u015e., with its years of experience, has subsidiaries serving a wide range of sectors. Our subsidiaries include family entertainment center management, e-commerce, entertainment product distribution, and fuel industry services.","protected":false},"author":1,"featured_media":0,"parent":0,"menu_order":0,"comment_status":"closed","ping_status":"closed","template":"","meta":{"om_disable_all_campaigns":false,"inline_featured_image":false,"footnotes":""},"class_list":["post-2909","page","type-page","status-publish","hentry"],"aioseo_notices":[],"_links":{"self":[{"href":"https:\/\/sanatyapi.com.tr\/en\/wp-json\/wp\/v2\/pages\/2909","targetHints":{"allow":["GET"]}}],"collection":[{"href":"https:\/\/sanatyapi.com.tr\/en\/wp-json\/wp\/v2\/pages"}],"about":[{"href":"https:\/\/sanatyapi.com.tr\/en\/wp-json\/wp\/v2\/types\/page"}],"author":[{"embeddable":true,"href":"https:\/\/sanatyapi.com.tr\/en\/wp-json\/wp\/v2\/users\/1"}],"replies":[{"embeddable":true,"href":"https:\/\/sanatyapi.com.tr\/en\/wp-json\/wp\/v2\/comments?post=2909"}],"version-history":[{"count":18,"href":"https:\/\/sanatyapi.com.tr\/en\/wp-json\/wp\/v2\/pages\/2909\/revisions"}],"predecessor-version":[{"id":2915,"href":"https:\/\/sanatyapi.com.tr\/en\/wp-json\/wp\/v2\/pages\/2909\/revisions\/2915"}],"wp:attachment":[{"href":"https:\/\/sanatyapi.com.tr\/en\/wp-json\/wp\/v2\/media?parent=2909"}],"curies":[{"name":"wp","href":"https:\/\/api.w.org\/{rel}","templated":true}]}}