{"id":279,"date":"2018-09-03T12:38:02","date_gmt":"2018-09-03T12:38:02","guid":{"rendered":"https:\/\/demo.gloriathemes.com\/luxe\/demo\/?page_id=279"},"modified":"2025-03-27T14:17:23","modified_gmt":"2025-03-27T14:17:23","slug":"hakkimizda","status":"publish","type":"page","link":"https:\/\/sanatyapi.com.tr\/en\/hakkimizda\/","title":{"rendered":"About Us"},"content":{"rendered":"<div class=\"wpb-content-wrapper\"><div data-vc-full-width=\"true\" data-vc-full-width-init=\"false\" data-vc-stretch-content=\"true\" class=\"vc_row wpb_row vc_row-fluid gt-background-position-initial gt-background-attachment-initial gt-text-default vc_row-no-padding\"><div class=\"wpb_column vc_column_container vc_col-sm-12\"><div class=\"vc_column-inner\"><div class=\"wpb_wrapper\"><div class=\"gt-info-box gt-style-1 gt-align-right\"><div class=\"gt-img gt-lazy-load\" data-bg=\"https:\/\/sanatyapi.com.tr\/wp-content\/uploads\/2018\/09\/food-5-765x825.webp\"><div class=\"gt-overlay gt-opacity-effect-true\"><\/div><\/div><div class=\"gt-container\"><div class=\"gt-content\"><div class=\"gt-line\"><\/div><span class=\"gt-subtitle\">About Us<\/span><h3 class=\"gt-title\">Quality is not a coincidence, but the result of intelligent effort.<\/h3><div class=\"gt-excerpt\"><p>Sanat Yap\u0131 \u0130n\u015faat A.\u015e. has an organization that follows technology and constantly improves itself in the field of construction contracting services since 2001.<\/p>\n<p>During this period, dozens of industrial facilities, technological structures, shopping malls, hotels and offices were completed and opened for use. In addition, hundreds of turnkey fuel sales and service stations were built and service was provided as a solution partner to national and international distribution companies in the fuel sector.<\/p>\n<\/div><\/div><\/div><\/div><\/div><\/div><\/div><\/div><div class=\"vc_row-full-width vc_clearfix\"><\/div><div data-vc-full-width=\"true\" data-vc-full-width-init=\"false\" class=\"vc_row wpb_row vc_row-fluid gt-background-position-initial gt-background-attachment-initial gt-text-default\"><div class=\"wpb_column vc_column_container vc_col-sm-12\"><div class=\"vc_column-inner\"><div class=\"wpb_wrapper\"><div class=\"vc_row wpb_row vc_inner vc_row-fluid\"><div class=\"wpb_column vc_column_container vc_col-sm-12 vc_col-lg-1\/5 vc_col-md-1\/5 vc_hidden-sm vc_hidden-xs\"><div class=\"vc_column-inner\"><div class=\"wpb_wrapper\"><\/div><\/div><\/div><div class=\"wpb_column vc_column_container vc_col-sm-12 vc_col-lg-3\/5 vc_col-md-3\/5\"><div class=\"vc_column-inner\"><div class=\"wpb_wrapper\"><div class=\"vc_empty_space\"   style=\"height: 120px\"><span class=\"vc_empty_space_inner\"><\/span><\/div><div class=\"gt-page-heading gt-dark gt-center\"><div class=\"gt-line\"><\/div><span>Our QUALITY and HSE Policy<\/span><h1>Unique solutions for your project with a personalized process.<\/h1><\/div><div class=\"vc_empty_space\"   style=\"height: 80px\"><span class=\"vc_empty_space_inner\"><\/span><\/div><\/div><\/div><\/div><div class=\"wpb_column vc_column_container vc_col-sm-12 vc_col-lg-1\/5 vc_col-md-1\/5 vc_hidden-sm vc_hidden-xs\"><div class=\"vc_column-inner\"><div class=\"wpb_wrapper\"><\/div><\/div><\/div><\/div><\/div><\/div><\/div><\/div><div class=\"vc_row-full-width vc_clearfix\"><\/div><div class=\"vc_row wpb_row vc_row-fluid gt-background-position-initial gt-background-attachment-initial gt-text-default\"><div class=\"wpb_column vc_column_container vc_col-sm-12 vc_col-lg-2 vc_col-md-2 vc_hidden-sm vc_hidden-xs\"><div class=\"vc_column-inner\"><div class=\"wpb_wrapper\"><\/div><\/div><\/div><div class=\"wpb_column vc_column_container vc_col-sm-12 vc_col-lg-8 vc_col-md-8\"><div class=\"vc_column-inner\"><div class=\"wpb_wrapper\">\n\t<div class=\"wpb_text_column wpb_content_element\" >\n\t\t<div class=\"wpb_wrapper\">\n\t\t\t<p style=\"text-align: center;\">We believe that quality is not a goal to be achieved but rather a process that requires continuous development and continuity. We will continue our work as an institution that observes ethical values and adherence to laws in the places we work and in the environments we live in. In this context, we continue to invest in the development of our employees, our work processes and our equipment.<\/p>\n\n\t\t<\/div>\n\t<\/div>\n<div class=\"vc_empty_space\"   style=\"height: 70px\"><span class=\"vc_empty_space_inner\"><\/span><\/div><\/div><\/div><\/div><div class=\"wpb_column vc_column_container vc_col-sm-12 vc_col-lg-2 vc_col-md-2 vc_hidden-sm vc_hidden-xs\"><div class=\"vc_column-inner\"><div class=\"wpb_wrapper\"><\/div><\/div><\/div><\/div><div data-vc-full-width=\"true\" data-vc-full-width-init=\"false\" data-vc-stretch-content=\"true\" class=\"vc_row wpb_row vc_row-fluid gt-background-position-initial gt-background-attachment-initial gt-text-default vc_row-no-padding\"><div class=\"wpb_column vc_column_container vc_col-sm-12\"><div class=\"vc_column-inner\"><div class=\"wpb_wrapper\"><div class=\"vc_empty_space\"   style=\"height: 55px\"><span class=\"vc_empty_space_inner\"><\/span><\/div><div class=\"gt-video-bg\" style=\"height:60vh;\"><div class=\"gt-video-poster gt-scroll-effect-true gt-background-position-default gt-background-attachment-default gt-background-size-default gt-background-repeat-default gt-lazy-load\" data-bg=\"https:\/\/sanatyapi.com.tr\/wp-content\/uploads\/2024\/11\/ERTN7662.jpg\"><\/div><div class=\"gt-container\"><div class=\"gt-page-heading\"><\/div><a href=\"https:\/\/sanatyapi.com.tr\/wp-content\/uploads\/2024\/12\/ibb-kati-atik-tesisleri_1920-x-1080-1dakika_3.mp4?amp;controls=0&\" data-fancybox data-controls=\"0\" class=\"gt-video-btn\"><svg xmlns=\"https:\/\/www.w3.org\/2000\/svg\" viewbox=\"0 0 24 24\" fill=\"none\" stroke=\"currentColor\" stroke-width=\"2\" stroke-linecap=\"round\" stroke-linejoin=\"round\"><polygon points=\"5 3 19 12 5 21 5 3\"><\/polygon><\/svg><\/a><\/div><\/div><\/div><\/div><\/div><\/div><div class=\"vc_row-full-width vc_clearfix\"><\/div><div data-vc-full-width=\"true\" data-vc-full-width-init=\"false\" class=\"vc_row wpb_row vc_row-fluid gt-background-position-initial gt-background-attachment-initial gt-text-default\"><div class=\"wpb_column vc_column_container vc_col-sm-12\"><div class=\"vc_column-inner\"><div class=\"wpb_wrapper\"><div class=\"vc_row wpb_row vc_inner vc_row-fluid\"><div class=\"wpb_column vc_column_container vc_col-sm-12 vc_col-lg-1\/5 vc_col-md-1\/5 vc_hidden-sm vc_hidden-xs\"><div class=\"vc_column-inner\"><div class=\"wpb_wrapper\"><\/div><\/div><\/div><div class=\"wpb_column vc_column_container vc_col-sm-12 vc_col-lg-3\/5 vc_col-md-3\/5\"><div class=\"vc_column-inner\"><div class=\"wpb_wrapper\"><div class=\"vc_empty_space\"   style=\"height: 120px\"><span class=\"vc_empty_space_inner\"><\/span><\/div><div class=\"gt-page-heading gt-dark gt-center\"><div class=\"gt-line\"><\/div><span>Fields of Activity<\/span><h1>Our Projects<\/h1><\/div><div class=\"vc_empty_space\"   style=\"height: 85px\"><span class=\"vc_empty_space_inner\"><\/span><\/div><\/div><\/div><\/div><div class=\"wpb_column vc_column_container vc_col-sm-12 vc_col-lg-1\/5 vc_col-md-1\/5 vc_hidden-sm vc_hidden-xs\"><div class=\"vc_column-inner\"><div class=\"wpb_wrapper\"><\/div><\/div><\/div><\/div><\/div><\/div><\/div><\/div><div class=\"vc_row-full-width vc_clearfix\"><\/div><div class=\"vc_row wpb_row vc_row-fluid gt-background-position-initial gt-background-attachment-initial gt-text-default\"><div class=\"wpb_column vc_column_container vc_col-sm-12 vc_col-lg-6 vc_col-md-6\"><div class=\"vc_column-inner\"><div class=\"wpb_wrapper\"><div class=\"gt-feature-box gt-align-right gt-style-4\"><div class=\"gt-img gt-lazy-load\" data-bg=\"https:\/\/sanatyapi.com.tr\/wp-content\/uploads\/2024\/08\/ofis.webp\"><\/div><div class=\"gt-content\"><div class=\"gt-subtitle\">Sanat Yap\u0131<\/div><h3 class=\"gt-title\">Business Center and Office Projects<\/h3><div class=\"gt-excerpt\"><p>Sanat Yap\u0131 brings together modern workspaces with efficiency and aesthetics in business center and office projects. With our innovative designs and high-quality structures, we create functional and prestigious office environments that suit the dynamic needs of the business world.<\/p>\n<\/div><\/div><\/div><div class=\"vc_empty_space\"   style=\"height: 30px\"><span class=\"vc_empty_space_inner\"><\/span><\/div><div class=\"gt-feature-box gt-align-right gt-style-4\"><div class=\"gt-img gt-lazy-load\" data-bg=\"https:\/\/sanatyapi.com.tr\/wp-content\/uploads\/2024\/08\/otel.webp\"><\/div><div class=\"gt-content\"><div class=\"gt-subtitle\">Sanat Yap\u0131<\/div><h3 class=\"gt-title\">Tourism Facilities<\/h3><div class=\"gt-excerpt\"><p>We build structures that bring together aesthetics and functionality in hotel projects and offer guests a comfortable and unforgettable experience. With our modern design approach and quality material selection, we aim to make a difference in hotel projects and leave a permanent mark on the sector.<\/p>\n<\/div><\/div><\/div><div class=\"vc_empty_space\"   style=\"height: 30px\"><span class=\"vc_empty_space_inner\"><\/span><\/div><\/div><\/div><\/div><div class=\"wpb_column vc_column_container vc_col-sm-12 vc_col-lg-6 vc_col-md-6\"><div class=\"vc_column-inner\"><div class=\"wpb_wrapper\"><div class=\"gt-feature-box gt-align-left gt-style-4\"><div class=\"gt-img gt-lazy-load\" data-bg=\"https:\/\/sanatyapi.com.tr\/wp-content\/uploads\/2024\/08\/avm.webp\"><\/div><div class=\"gt-content\"><div class=\"gt-subtitle\">Sanat Yap\u0131<\/div><h3 class=\"gt-title\">Shopping Mall Projects<\/h3><div class=\"gt-excerpt\"><p>By combining modern architecture and user-friendly solutions in shopping malls, Sanat Yap\u0131 offers visitors enjoyable and functional spaces. With our high quality standards and innovative approaches, we build sustainable and aesthetic structures in commercial projects.<\/p>\n<\/div><\/div><\/div><div class=\"vc_empty_space\"   style=\"height: 30px\"><span class=\"vc_empty_space_inner\"><\/span><\/div><div class=\"gt-feature-box gt-align-left gt-style-4\"><div class=\"gt-img gt-lazy-load\" data-bg=\"https:\/\/sanatyapi.com.tr\/wp-content\/uploads\/2024\/08\/sanayi.webp\"><\/div><div class=\"gt-content\"><div class=\"gt-subtitle\">Sanat Yap\u0131<\/div><h3 class=\"gt-title\">Industrial Facilities and Fuel Stations<\/h3><div class=\"gt-excerpt\"><p>Sanat Yap\u0131 builds modern structures in line with the needs of the sector, prioritizing durability, safety and efficiency in industrial facilities and gas station projects.<\/p>\n<\/div><\/div><\/div><div class=\"vc_empty_space\"   style=\"height: 30px\"><span class=\"vc_empty_space_inner\"><\/span><\/div><\/div><\/div><\/div><div class=\"wpb_column vc_column_container vc_col-sm-12\"><div class=\"vc_column-inner\"><div class=\"wpb_wrapper\"><div class=\"vc_btn3-container  wpb_animate_when_almost_visible wpb_fadeInDown fadeInDown vc_btn3-center\" ><a onmouseleave=\"this.style.borderColor='#666666'; this.style.backgroundColor='transparent'; this.style.color='#666666'\" onmouseenter=\"this.style.borderColor='#f36d25'; this.style.backgroundColor='#f36d25'; this.style.color='#ffffff';\" style=\"border-color:#666666; color:#666666;\" class=\"vc_general vc_btn3 vc_btn3-size-lg vc_btn3-shape-rounded vc_btn3-style-outline-custom vc_btn3-icon-left\" href=\"https:\/\/sanatyapi.com.tr\/en\/projeler\/\" title=\"\"><i class=\"vc_btn3-icon fas fa-angle-right\"><\/i> All Projects<\/a><\/div><\/div><\/div><\/div><\/div><div data-vc-full-width=\"true\" data-vc-full-width-init=\"false\" class=\"vc_row wpb_row vc_row-fluid gt-background-position-initial gt-background-attachment-initial gt-text-default\"><div class=\"wpb_column vc_column_container vc_col-sm-12\"><div class=\"vc_column-inner\"><div class=\"wpb_wrapper\"><div class=\"vc_row wpb_row vc_inner vc_row-fluid\"><div class=\"wpb_column vc_column_container vc_col-sm-12 vc_col-lg-1\/5 vc_col-md-1\/5 vc_hidden-sm vc_hidden-xs\"><div class=\"vc_column-inner\"><div class=\"wpb_wrapper\"><\/div><\/div><\/div><div class=\"wpb_column vc_column_container vc_col-sm-12 vc_col-lg-3\/5 vc_col-md-3\/5\"><div class=\"vc_column-inner\"><div class=\"wpb_wrapper\"><div class=\"vc_empty_space\"   style=\"height: 120px\"><span class=\"vc_empty_space_inner\"><\/span><\/div><div class=\"gt-page-heading gt-dark gt-center\"><div class=\"gt-line\"><\/div><span>Sanat Yap\u0131<\/span><h1>Our Certificates<\/h1><\/div><div class=\"vc_empty_space\"   style=\"height: 85px\"><span class=\"vc_empty_space_inner\"><\/span><\/div><\/div><\/div><\/div><div class=\"wpb_column vc_column_container vc_col-sm-12 vc_col-lg-1\/5 vc_col-md-1\/5 vc_hidden-sm vc_hidden-xs\"><div class=\"vc_column-inner\"><div class=\"wpb_wrapper\"><\/div><\/div><\/div><\/div><\/div><\/div><\/div><\/div><div class=\"vc_row-full-width vc_clearfix\"><\/div><div class=\"vc_row wpb_row vc_row-fluid gt-background-position-initial gt-background-attachment-initial gt-text-default\"><div class=\"wpb_column vc_column_container vc_col-sm-4\"><div class=\"vc_column-inner\"><div class=\"wpb_wrapper\"><div class=\"gt-image gt-align-left\"><img loading=\"lazy\" decoding=\"async\" width=\"1472\" height=\"2000\" src=\"data:image\/svg+xml,%3Csvg%20xmlns%3D%27https:\/\/www.w3.org\/2000\/svg%27%20viewBox%3D%270%200%203%202%27%3E%3C\/svg%3E\" class=\"attachment-full size-full gt-lazy-load\" alt=\"\" data-src=\"https:\/\/sanatyapi.com.tr\/wp-content\/uploads\/2024\/11\/3.webp\" data-srcset=\"https:\/\/sanatyapi.com.tr\/wp-content\/uploads\/2024\/11\/3.webp 1472w, https:\/\/sanatyapi.com.tr\/wp-content\/uploads\/2024\/11\/3-221x300.webp 221w, https:\/\/sanatyapi.com.tr\/wp-content\/uploads\/2024\/11\/3-754x1024.webp 754w, https:\/\/sanatyapi.com.tr\/wp-content\/uploads\/2024\/11\/3-768x1043.webp 768w, https:\/\/sanatyapi.com.tr\/wp-content\/uploads\/2024\/11\/3-1130x1536.webp 1130w\" data-sizes=\"(max-width: 1472px) 100vw, 1472px\" \/><\/div><\/div><\/div><\/div><div class=\"wpb_column vc_column_container vc_col-sm-4\"><div class=\"vc_column-inner\"><div class=\"wpb_wrapper\"><div class=\"gt-image gt-align-left\"><img loading=\"lazy\" decoding=\"async\" width=\"1472\" height=\"2000\" src=\"data:image\/svg+xml,%3Csvg%20xmlns%3D%27https:\/\/www.w3.org\/2000\/svg%27%20viewBox%3D%270%200%203%202%27%3E%3C\/svg%3E\" class=\"attachment-full size-full gt-lazy-load\" alt=\"\" data-src=\"https:\/\/sanatyapi.com.tr\/wp-content\/uploads\/2024\/11\/2.webp\" data-srcset=\"https:\/\/sanatyapi.com.tr\/wp-content\/uploads\/2024\/11\/2.webp 1472w, https:\/\/sanatyapi.com.tr\/wp-content\/uploads\/2024\/11\/2-221x300.webp 221w, https:\/\/sanatyapi.com.tr\/wp-content\/uploads\/2024\/11\/2-754x1024.webp 754w, https:\/\/sanatyapi.com.tr\/wp-content\/uploads\/2024\/11\/2-768x1043.webp 768w, https:\/\/sanatyapi.com.tr\/wp-content\/uploads\/2024\/11\/2-1130x1536.webp 1130w\" data-sizes=\"(max-width: 1472px) 100vw, 1472px\" \/><\/div><\/div><\/div><\/div><div class=\"wpb_column vc_column_container vc_col-sm-4\"><div class=\"vc_column-inner\"><div class=\"wpb_wrapper\"><div class=\"gt-image gt-align-left\"><img loading=\"lazy\" decoding=\"async\" width=\"1472\" height=\"2000\" src=\"data:image\/svg+xml,%3Csvg%20xmlns%3D%27https:\/\/www.w3.org\/2000\/svg%27%20viewBox%3D%270%200%203%202%27%3E%3C\/svg%3E\" class=\"attachment-full size-full gt-lazy-load\" alt=\"\" data-src=\"https:\/\/sanatyapi.com.tr\/wp-content\/uploads\/2024\/11\/1.webp\" data-srcset=\"https:\/\/sanatyapi.com.tr\/wp-content\/uploads\/2024\/11\/1.webp 1472w, https:\/\/sanatyapi.com.tr\/wp-content\/uploads\/2024\/11\/1-221x300.webp 221w, https:\/\/sanatyapi.com.tr\/wp-content\/uploads\/2024\/11\/1-754x1024.webp 754w, https:\/\/sanatyapi.com.tr\/wp-content\/uploads\/2024\/11\/1-768x1043.webp 768w, https:\/\/sanatyapi.com.tr\/wp-content\/uploads\/2024\/11\/1-1130x1536.webp 1130w\" data-sizes=\"(max-width: 1472px) 100vw, 1472px\" \/><\/div><\/div><\/div><\/div><\/div><div data-vc-full-width=\"true\" data-vc-full-width-init=\"false\" class=\"vc_row wpb_row vc_row-fluid vc_custom_1743084918257 gt-background-position-initial gt-background-attachment-initial gt-text-default\"><div class=\"wpb_column vc_column_container vc_col-sm-12\"><div class=\"vc_column-inner\"><div class=\"wpb_wrapper\"><div class=\"vc_row wpb_row vc_inner vc_row-fluid\"><div class=\"wpb_column vc_column_container vc_col-sm-12 vc_col-lg-1\/5 vc_col-md-1\/5 vc_hidden-sm vc_hidden-xs\"><div class=\"vc_column-inner\"><div class=\"wpb_wrapper\"><\/div><\/div><\/div><div class=\"wpb_column vc_column_container vc_col-sm-12 vc_col-lg-3\/5 vc_col-md-3\/5\"><div class=\"vc_column-inner\"><div class=\"wpb_wrapper\"><div class=\"vc_empty_space\"   style=\"height: 120px\"><span class=\"vc_empty_space_inner\"><\/span><\/div><div class=\"gt-page-heading gt-dark gt-center\"><div class=\"gt-line\"><\/div><span>Sanat Yap\u0131<\/span><h1>Our Policies<\/h1><\/div><div class=\"vc_empty_space\"   style=\"height: 85px\"><span class=\"vc_empty_space_inner\"><\/span><\/div><\/div><\/div><\/div><div class=\"wpb_column vc_column_container vc_col-sm-12 vc_col-lg-1\/5 vc_col-md-1\/5 vc_hidden-sm vc_hidden-xs\"><div class=\"vc_column-inner\"><div class=\"wpb_wrapper\"><\/div><\/div><\/div><\/div><\/div><\/div><\/div><\/div><div class=\"vc_row-full-width vc_clearfix\"><\/div><div class=\"vc_row wpb_row vc_row-fluid gt-background-position-initial gt-background-attachment-initial gt-text-default\"><div class=\"wpb_column vc_column_container vc_col-sm-4\"><div class=\"vc_column-inner\"><div class=\"wpb_wrapper\"><div class=\"gt-image gt-align-left\"><img loading=\"lazy\" decoding=\"async\" width=\"1973\" height=\"2560\" src=\"data:image\/svg+xml,%3Csvg%20xmlns%3D%27https:\/\/www.w3.org\/2000\/svg%27%20viewBox%3D%270%200%203%202%27%3E%3C\/svg%3E\" class=\"attachment-full size-full gt-lazy-load\" alt=\"\" data-src=\"https:\/\/sanatyapi.com.tr\/wp-content\/uploads\/2025\/03\/politika1-scaled.webp\" data-srcset=\"https:\/\/sanatyapi.com.tr\/wp-content\/uploads\/2025\/03\/politika1-scaled.webp 1973w, https:\/\/sanatyapi.com.tr\/wp-content\/uploads\/2025\/03\/politika1-231x300.webp 231w, https:\/\/sanatyapi.com.tr\/wp-content\/uploads\/2025\/03\/politika1-789x1024.webp 789w, https:\/\/sanatyapi.com.tr\/wp-content\/uploads\/2025\/03\/politika1-768x997.webp 768w, https:\/\/sanatyapi.com.tr\/wp-content\/uploads\/2025\/03\/politika1-1184x1536.webp 1184w, https:\/\/sanatyapi.com.tr\/wp-content\/uploads\/2025\/03\/politika1-1578x2048.webp 1578w, https:\/\/sanatyapi.com.tr\/wp-content\/uploads\/2025\/03\/politika1-9x12.webp 9w\" data-sizes=\"(max-width: 1973px) 100vw, 1973px\" \/><\/div><\/div><\/div><\/div><div class=\"wpb_column vc_column_container vc_col-sm-4\"><div class=\"vc_column-inner\"><div class=\"wpb_wrapper\"><div class=\"gt-image gt-align-left\"><img loading=\"lazy\" decoding=\"async\" width=\"1973\" height=\"2560\" src=\"data:image\/svg+xml,%3Csvg%20xmlns%3D%27https:\/\/www.w3.org\/2000\/svg%27%20viewBox%3D%270%200%203%202%27%3E%3C\/svg%3E\" class=\"attachment-full size-full gt-lazy-load\" alt=\"\" data-src=\"https:\/\/sanatyapi.com.tr\/wp-content\/uploads\/2025\/03\/politika2-scaled.webp\" data-srcset=\"https:\/\/sanatyapi.com.tr\/wp-content\/uploads\/2025\/03\/politika2-scaled.webp 1973w, https:\/\/sanatyapi.com.tr\/wp-content\/uploads\/2025\/03\/politika2-231x300.webp 231w, https:\/\/sanatyapi.com.tr\/wp-content\/uploads\/2025\/03\/politika2-789x1024.webp 789w, https:\/\/sanatyapi.com.tr\/wp-content\/uploads\/2025\/03\/politika2-768x997.webp 768w, https:\/\/sanatyapi.com.tr\/wp-content\/uploads\/2025\/03\/politika2-1184x1536.webp 1184w, https:\/\/sanatyapi.com.tr\/wp-content\/uploads\/2025\/03\/politika2-1578x2048.webp 1578w, https:\/\/sanatyapi.com.tr\/wp-content\/uploads\/2025\/03\/politika2-9x12.webp 9w\" data-sizes=\"(max-width: 1973px) 100vw, 1973px\" \/><\/div><\/div><\/div><\/div><div class=\"wpb_column vc_column_container vc_col-sm-4\"><div class=\"vc_column-inner\"><div class=\"wpb_wrapper\"><div class=\"gt-image gt-align-left\"><img loading=\"lazy\" decoding=\"async\" width=\"1973\" height=\"2560\" src=\"data:image\/svg+xml,%3Csvg%20xmlns%3D%27https:\/\/www.w3.org\/2000\/svg%27%20viewBox%3D%270%200%203%202%27%3E%3C\/svg%3E\" class=\"attachment-full size-full gt-lazy-load\" alt=\"\" data-src=\"https:\/\/sanatyapi.com.tr\/wp-content\/uploads\/2025\/03\/politika3-scaled.webp\" data-srcset=\"https:\/\/sanatyapi.com.tr\/wp-content\/uploads\/2025\/03\/politika3-scaled.webp 1973w, https:\/\/sanatyapi.com.tr\/wp-content\/uploads\/2025\/03\/politika3-231x300.webp 231w, https:\/\/sanatyapi.com.tr\/wp-content\/uploads\/2025\/03\/politika3-789x1024.webp 789w, https:\/\/sanatyapi.com.tr\/wp-content\/uploads\/2025\/03\/politika3-768x997.webp 768w, https:\/\/sanatyapi.com.tr\/wp-content\/uploads\/2025\/03\/politika3-1184x1536.webp 1184w, https:\/\/sanatyapi.com.tr\/wp-content\/uploads\/2025\/03\/politika3-1578x2048.webp 1578w, https:\/\/sanatyapi.com.tr\/wp-content\/uploads\/2025\/03\/politika3-9x12.webp 9w\" data-sizes=\"(max-width: 1973px) 100vw, 1973px\" \/><\/div><\/div><\/div><\/div><\/div>\n<\/div>","protected":false},"excerpt":{"rendered":"About UsQuality is not a coincidence; it is the result of intelligent effort.Sanat Yap\u0131 \u0130n\u015faat A.\u015e. has been an organization that has been following technological advancements and continuously improving itself in the field of construction contracting services since 2001. This...","protected":false},"author":1,"featured_media":0,"parent":0,"menu_order":0,"comment_status":"closed","ping_status":"closed","template":"","meta":{"om_disable_all_campaigns":false,"inline_featured_image":false,"footnotes":""},"class_list":["post-279","page","type-page","status-publish","hentry"],"aioseo_notices":[],"_links":{"self":[{"href":"https:\/\/sanatyapi.com.tr\/en\/wp-json\/wp\/v2\/pages\/279","targetHints":{"allow":["GET"]}}],"collection":[{"href":"https:\/\/sanatyapi.com.tr\/en\/wp-json\/wp\/v2\/pages"}],"about":[{"href":"https:\/\/sanatyapi.com.tr\/en\/wp-json\/wp\/v2\/types\/page"}],"author":[{"embeddable":true,"href":"https:\/\/sanatyapi.com.tr\/en\/wp-json\/wp\/v2\/users\/1"}],"replies":[{"embeddable":true,"href":"https:\/\/sanatyapi.com.tr\/en\/wp-json\/wp\/v2\/comments?post=279"}],"version-history":[{"count":29,"href":"https:\/\/sanatyapi.com.tr\/en\/wp-json\/wp\/v2\/pages\/279\/revisions"}],"predecessor-version":[{"id":3857,"href":"https:\/\/sanatyapi.com.tr\/en\/wp-json\/wp\/v2\/pages\/279\/revisions\/3857"}],"wp:attachment":[{"href":"https:\/\/sanatyapi.com.tr\/en\/wp-json\/wp\/v2\/media?parent=279"}],"curies":[{"name":"wp","href":"https:\/\/api.w.org\/{rel}","templated":true}]}}