{"id":253,"date":"2018-09-03T12:31:53","date_gmt":"2018-09-03T12:31:53","guid":{"rendered":"https:\/\/demo.gloriathemes.com\/luxe\/demo\/?page_id=253"},"modified":"2018-09-03T12:31:53","modified_gmt":"2018-09-03T12:31:53","slug":"masonry","status":"publish","type":"page","link":"https:\/\/sanatyapi.com.tr\/en\/masonry\/","title":{"rendered":"Home \u2013 Masonry"},"content":{"rendered":"<div class=\"wpb-content-wrapper\"><div data-vc-full-width=\"true\" data-vc-full-width-init=\"false\" data-vc-stretch-content=\"true\" class=\"vc_row wpb_row vc_row-fluid vc_custom_1537355243816 gt-background-position-initial gt-background-attachment-initial gt-text-default vc_row-no-padding\"><div class=\"wpb_column vc_column_container vc_col-sm-12\"><div class=\"vc_column-inner\"><div class=\"wpb_wrapper\"><div class=\"gt-grid\"><div class=\"gt-grid-item gt-grid-item--h2\"><div class=\"gt-img gt-lazy-load\" data-bg=\"https:\/\/sanatyapi.com.tr\/wp-content\/uploads\/2018\/09\/food-5-750x750.webp\"><\/div><a href=\"https:\/\/sanatyapi.com.tr\/en\/project\/turkcell-office-park\/\" class=\"gt-content\"><span><h2>TURKCELL Office Park<\/h2><ul class=\"gt-location\"><li>Istanbul<\/li><\/ul><ul class=\"gt-cat\"><li>Business Centers \/ Offices<\/li><\/ul><\/span><\/a><\/div><div class=\"gt-grid-item gt-grid-item--h2\"><div class=\"gt-img gt-lazy-load\" data-bg=\"https:\/\/sanatyapi.com.tr\/wp-content\/uploads\/2024\/11\/Sanatyapi_ziraat-5-1-750x750.jpg\"><\/div><a href=\"https:\/\/sanatyapi.com.tr\/en\/project\/ziraat-genel-mudurlugu-executive-katlar\/\" class=\"gt-content\"><span><h2>GENERAL DIRECTORATE OF AGRICULTURE EXECUTIVE FLOORS<\/h2><ul class=\"gt-location\"><li>Istanbul<\/li><\/ul><ul class=\"gt-cat\"><li>Business Centers \/ Offices<\/li><\/ul><\/span><\/a><\/div><div class=\"gt-grid-item gt-grid-item--h2\"><div class=\"gt-img gt-lazy-load\" data-bg=\"https:\/\/sanatyapi.com.tr\/wp-content\/uploads\/2024\/06\/DSC_6859-750x750.jpg\"><\/div><a href=\"https:\/\/sanatyapi.com.tr\/en\/project\/primemall\/\" class=\"gt-content\"><span><h2>PRIMEMALL<\/h2><ul class=\"gt-location\"><li>Sivas<\/li><\/ul><ul class=\"gt-cat\"><li>Shopping Malls<\/li><\/ul><\/span><\/a><\/div><div class=\"gt-grid-item gt-grid-item--h2\"><div class=\"gt-img gt-lazy-load\" data-bg=\"https:\/\/sanatyapi.com.tr\/wp-content\/uploads\/2024\/06\/IMG_0319-750x750.webp\"><\/div><a href=\"https:\/\/sanatyapi.com.tr\/en\/project\/unifree\/\" class=\"gt-content\"><span><h2>UNIFREE INTERNATIONAL DEPARTURE<\/h2><ul class=\"gt-location\"><li>Istanbul<\/li><\/ul><ul class=\"gt-cat\"><li>Business Centers \/ Offices<\/li><\/ul><\/span><\/a><\/div><div class=\"gt-grid-item gt-grid-item--h2\"><div class=\"gt-img gt-lazy-load\" data-bg=\"https:\/\/sanatyapi.com.tr\/wp-content\/uploads\/2024\/06\/2-750x750.webp\"><\/div><a href=\"https:\/\/sanatyapi.com.tr\/en\/project\/metropol-avm\/\" class=\"gt-content\"><span><h2>METROPOLITAN SHOPPING CENTER<\/h2><ul class=\"gt-location\"><li>Istanbul<\/li><\/ul><ul class=\"gt-cat\"><li>Shopping Malls<\/li><\/ul><\/span><\/a><\/div><div class=\"gt-grid-item gt-grid-item--h2\"><div class=\"gt-img gt-lazy-load\" data-bg=\"https:\/\/sanatyapi.com.tr\/wp-content\/uploads\/2024\/07\/protel-1-750x750.jpg\"><\/div><a href=\"https:\/\/sanatyapi.com.tr\/en\/project\/protel\/\" class=\"gt-content\"><span><h2>PROTEL<\/h2><ul class=\"gt-location\"><li>Istanbul<\/li><\/ul><ul class=\"gt-cat\"><li>Business Centers \/ Offices<\/li><\/ul><\/span><\/a><\/div><div class=\"gt-grid-item gt-grid-item--h2\"><div class=\"gt-img gt-lazy-load\" data-bg=\"https:\/\/sanatyapi.com.tr\/wp-content\/uploads\/2024\/11\/IMG-20230919-WA0007-750x750.jpg\"><\/div><a href=\"https:\/\/sanatyapi.com.tr\/en\/project\/istanbul-finans-merkezi-ziraat-kuleleri\/\" class=\"gt-content\"><span><h2>ISTANBUL FINANCE CENTER ZIRAAT TOWERS<\/h2><ul class=\"gt-location\"><li>Istanbul<\/li><\/ul><ul class=\"gt-cat\"><li>Business Centers \/ Offices<\/li><\/ul><\/span><\/a><\/div><div class=\"gt-grid-item gt-grid-item--h2\"><div class=\"gt-img gt-lazy-load\" data-bg=\"https:\/\/sanatyapi.com.tr\/wp-content\/uploads\/2024\/11\/WhatsApp-Image-2023-02-01-at-12.45.31.jpeg\"><\/div><a href=\"https:\/\/sanatyapi.com.tr\/en\/project\/fmv-isik-okullari\/\" class=\"gt-content\"><span><h2>FMV I\u015eIK SCHOOLS<\/h2><ul class=\"gt-location\"><li>Istanbul<\/li><\/ul><ul class=\"gt-cat\"><li>Business Centers \/ Offices<\/li><\/ul><\/span><\/a><\/div><div class=\"gt-grid-item gt-grid-item--h2\"><div class=\"gt-img gt-lazy-load\" data-bg=\"https:\/\/sanatyapi.com.tr\/wp-content\/uploads\/2024\/12\/DSC02252-750x750.jpg\"><\/div><a href=\"https:\/\/sanatyapi.com.tr\/en\/project\/intercity-piazza-ofis-binasi\/\" class=\"gt-content\"><span><h2>INTERCITY PIAZZA OFFICE BUILDING<\/h2><ul class=\"gt-location\"><li>Istanbul<\/li><\/ul><ul class=\"gt-cat\"><li>Business Centers \/ Offices<\/li><\/ul><\/span><\/a><\/div><div class=\"gt-grid-item gt-grid-item--h2\"><div class=\"gt-img gt-lazy-load\" data-bg=\"https:\/\/sanatyapi.com.tr\/wp-content\/uploads\/2024\/06\/IMG_1271-750x750.jpg\"><\/div><a href=\"https:\/\/sanatyapi.com.tr\/en\/project\/yolbulan-metal\/\" class=\"gt-content\"><span><h2>YOLBULAN METAL<\/h2><ul class=\"gt-location\"><li>Istanbul<\/li><\/ul><ul class=\"gt-cat\"><li>Business Centers \/ Offices<\/li><\/ul><\/span><\/a><\/div><div class=\"gt-grid-item gt-grid-item--h2\"><div class=\"gt-img gt-lazy-load\" data-bg=\"https:\/\/sanatyapi.com.tr\/wp-content\/uploads\/2024\/11\/image00005-750x750.jpg\"><\/div><a href=\"https:\/\/sanatyapi.com.tr\/en\/project\/migros-miget\/\" class=\"gt-content\"><span><h2>M\u0130GROS M\u0130GET<\/h2><ul class=\"gt-location\"><li>Izmir<\/li><\/ul><ul class=\"gt-cat\"><li>Industrial Facilities<\/li><\/ul><\/span><\/a><\/div><div class=\"gt-grid-item gt-grid-item--h2\"><div class=\"gt-img gt-lazy-load\" data-bg=\"https:\/\/sanatyapi.com.tr\/wp-content\/uploads\/2024\/11\/Ekran-Goruntusu-82-copy.jpg\"><\/div><a href=\"https:\/\/sanatyapi.com.tr\/en\/project\/altinay-modifikasyon-merkezi\/\" class=\"gt-content\"><span><h2>ALTINAY MODIFICATION CENTER<\/h2><ul class=\"gt-location\"><li>Kocaeli<\/li><\/ul><ul class=\"gt-cat\"><li>Industrial Facilities<\/li><\/ul><\/span><\/a><\/div><div class=\"gt-grid-item gt-grid-item--h2\"><div class=\"gt-img gt-lazy-load\" data-bg=\"https:\/\/sanatyapi.com.tr\/wp-content\/uploads\/2024\/11\/ERTN7668-750x750.jpg\"><\/div><a href=\"https:\/\/sanatyapi.com.tr\/en\/project\/ibb-kati-atik-yakma-tesisi\/\" class=\"gt-content\"><span><h2>IBB SOLID WASTE INCINERATION FACILITY<\/h2><ul class=\"gt-location\"><li>Istanbul<\/li><\/ul><ul class=\"gt-cat\"><li>Business Centers \/ Offices<\/li><\/ul><\/span><\/a><\/div><div class=\"gt-grid-item gt-grid-item--h2\"><div class=\"gt-img gt-lazy-load\" data-bg=\"https:\/\/sanatyapi.com.tr\/wp-content\/uploads\/2024\/11\/ALPET-DOLUM-TESISI.jpg\"><\/div><a href=\"https:\/\/sanatyapi.com.tr\/en\/project\/alpet-dolum-tesisleri\/\" class=\"gt-content\"><span><h2>ALPET FILLING FACILITIES<\/h2><ul class=\"gt-location\"><li>Samsun<\/li><\/ul><ul class=\"gt-cat\"><li>Fuel Stations<\/li><\/ul><\/span><\/a><\/div><div class=\"gt-grid-item gt-grid-item--h2\"><div class=\"gt-img gt-lazy-load\" data-bg=\"https:\/\/sanatyapi.com.tr\/wp-content\/uploads\/2024\/06\/oreal-2-647x658-1.webp\"><\/div><a href=\"https:\/\/sanatyapi.com.tr\/en\/project\/loreal-turkiye\/\" class=\"gt-content\"><span><h2>LOREAL T\u00fcrkiye<\/h2><ul class=\"gt-location\"><li>Istanbul<\/li><\/ul><ul class=\"gt-cat\"><li>Business Centers \/ Offices<\/li><\/ul><\/span><\/a><\/div><div class=\"gt-grid-item gt-grid-item--h2\"><div class=\"gt-img gt-lazy-load\" data-bg=\"https:\/\/sanatyapi.com.tr\/wp-content\/uploads\/2024\/11\/DSC_7017-750x750.jpg\"><\/div><a href=\"https:\/\/sanatyapi.com.tr\/en\/project\/taksim-yenikapi-metro-projesi-sishane-istasyonu\/\" class=\"gt-content\"><span><h2>TAKSIM \u2013 YEN\u0130KAPI METRO PROJECT \u015e\u0130\u015eHANE STATION<\/h2><ul class=\"gt-location\"><li>Istanbul<\/li><\/ul><ul class=\"gt-cat\"><li>Industrial Facilities<\/li><\/ul><\/span><\/a><\/div><\/div><\/div><\/div><\/div><\/div><div class=\"vc_row-full-width vc_clearfix\"><\/div>\n<\/div>","protected":false},"excerpt":{"rendered":"Metro Station TAKS\u0130M - YEN\u0130KAPI METRO PROJECT \u015e\u0130\u015eHANE STATION Type Metro Station Work Done Civil, Electrical and Mechanical Works Year 2008 Location Istanbul Construction Area 15,000 m\u00b2 Construction Duration 9 Months Completed","protected":false},"author":1,"featured_media":0,"parent":0,"menu_order":0,"comment_status":"closed","ping_status":"closed","template":"","meta":{"om_disable_all_campaigns":false,"inline_featured_image":false,"footnotes":""},"class_list":["post-253","page","type-page","status-publish","hentry"],"aioseo_notices":[],"_links":{"self":[{"href":"https:\/\/sanatyapi.com.tr\/en\/wp-json\/wp\/v2\/pages\/253","targetHints":{"allow":["GET"]}}],"collection":[{"href":"https:\/\/sanatyapi.com.tr\/en\/wp-json\/wp\/v2\/pages"}],"about":[{"href":"https:\/\/sanatyapi.com.tr\/en\/wp-json\/wp\/v2\/types\/page"}],"author":[{"embeddable":true,"href":"https:\/\/sanatyapi.com.tr\/en\/wp-json\/wp\/v2\/users\/1"}],"replies":[{"embeddable":true,"href":"https:\/\/sanatyapi.com.tr\/en\/wp-json\/wp\/v2\/comments?post=253"}],"version-history":[{"count":0,"href":"https:\/\/sanatyapi.com.tr\/en\/wp-json\/wp\/v2\/pages\/253\/revisions"}],"wp:attachment":[{"href":"https:\/\/sanatyapi.com.tr\/en\/wp-json\/wp\/v2\/media?parent=253"}],"curies":[{"name":"wp","href":"https:\/\/api.w.org\/{rel}","templated":true}]}}