{"id":242,"date":"2018-09-03T12:30:33","date_gmt":"2018-09-03T12:30:33","guid":{"rendered":"https:\/\/demo.gloriathemes.com\/luxe\/demo\/?page_id=242"},"modified":"2018-09-03T12:30:33","modified_gmt":"2018-09-03T12:30:33","slug":"timeline","status":"publish","type":"page","link":"https:\/\/sanatyapi.com.tr\/en\/timeline\/","title":{"rendered":"Home \u2013 Timeline"},"content":{"rendered":"<div class=\"wpb-content-wrapper\"><div data-vc-full-width=\"true\" data-vc-full-width-init=\"false\" data-vc-stretch-content=\"true\" class=\"vc_row wpb_row vc_row-fluid gt-background-position-initial gt-background-attachment-initial gt-text-default vc_row-no-padding\"><div class=\"wpb_column vc_column_container vc_col-sm-12\"><div class=\"vc_column-inner\"><div class=\"wpb_wrapper\"><div class=\"gt-slider\" style=\"height: 100vh;\"><div class=\"swiper-container gt-swiper-slider\" data-gt-direction=\"vertical\" data-gt-item=\"1\" data-gt-item-space=\"0\" data-gt-effect=\"slide\" data-gt-speed=\"1000\" data-gt-loop=\"true\" data-gt-centered-slides=\"false\" data-gt-free-mode=\"false\" data-gt-mousewheel=\"false\" data-gt-lazy-loading=\"true\"><div class=\"swiper-wrapper\"><div class=\"swiper-slide\"><div class=\"gt-img swiper-lazy gt-opacity-effect-true gt-background-position-default gt-background-attachment-default gt-background-size-default gt-background-repeat-default\" data-background=\"https:\/\/sanatyapi.com.tr\/wp-content\/uploads\/2018\/09\/project-50-1920x1130.jpg\"><div class=\"swiper-lazy-preloader\"><\/div><\/div><div class=\"gt-container\"><div class=\"gt-page-heading gt-center\"><div class=\"gt-line\"><\/div><span>The Avenue<\/span><h1>Cloud Avenue &amp; Fashion Street in New York<\/h1><a href=\"https:\/\/demo.gloriathemes.com\/luxe\/demo\/project\/cloud-avenue\/\" target=\"_parent\" class=\"gt-btn gt-btn-slider\">View Project<\/a><\/div><\/div><\/div><div class=\"swiper-slide\"><div class=\"gt-img swiper-lazy gt-opacity-effect-true gt-background-position-default gt-background-attachment-default gt-background-size-default gt-background-repeat-default\" data-background=\"https:\/\/sanatyapi.com.tr\/wp-content\/uploads\/2018\/09\/project-49-1920x1128.jpg\"><div class=\"swiper-lazy-preloader\"><\/div><\/div><div class=\"gt-container\"><div class=\"gt-page-heading gt-center\"><div class=\"gt-line\"><\/div><span>Hotel<\/span><h1>Natural Life Hotel &amp; Spa in Rio de Janeiro<\/h1><a href=\"https:\/\/demo.gloriathemes.com\/luxe\/demo\/project\/natural-life-hotel\/\" target=\"_parent\" class=\"gt-btn gt-btn-slider\">View Project<\/a><\/div><\/div><\/div><div class=\"swiper-slide\"><div class=\"gt-img swiper-lazy gt-opacity-effect-true gt-background-position-default gt-background-attachment-default gt-background-size-default gt-background-repeat-default\" data-background=\"https:\/\/sanatyapi.com.tr\/wp-content\/uploads\/2018\/09\/project-51-1920x1200.jpg\"><div class=\"swiper-lazy-preloader\"><\/div><\/div><div class=\"gt-container\"><div class=\"gt-page-heading gt-center\"><div class=\"gt-line\"><\/div><span>House<\/span><h1>Luxury Villa of John Doe in Madrid, Spain<\/h1><a href=\"https:\/\/demo.gloriathemes.com\/luxe\/demo\/project\/luxury-villa\/\" target=\"_parent\" class=\"gt-btn gt-btn-slider\">View Project<\/a><\/div><\/div><\/div><\/div><div class=\"gt-slider-controls\"><div class=\"gt-slider-button gt-slider-prev\"><svg xmlns=\"https:\/\/www.w3.org\/2000\/svg\" viewbox=\"0 0 24 24\" fill=\"none\" stroke=\"currentColor\" stroke-width=\"2\" stroke-linecap=\"round\" stroke-linejoin=\"round\"><polyline points=\"15 18 9 12 15 6\"><\/polyline><\/svg><\/div><div class=\"gt-slider-button gt-slider-next\"><svg xmlns=\"https:\/\/www.w3.org\/2000\/svg\" viewbox=\"0 0 24 24\" fill=\"none\" stroke=\"currentColor\" stroke-width=\"2\" stroke-linecap=\"round\" stroke-linejoin=\"round\"><polyline points=\"9 18 15 12 9 6\"><\/polyline><\/svg><\/div><\/div><\/div><\/div><\/div><\/div><\/div><\/div><div class=\"vc_row-full-width vc_clearfix\"><\/div><div class=\"vc_row wpb_row vc_row-fluid gt-background-position-initial gt-background-attachment-initial gt-text-default\"><div class=\"wpb_column vc_column_container vc_col-sm-12 vc_col-lg-1\/5 vc_col-md-1\/5 vc_hidden-sm vc_hidden-xs\"><div class=\"vc_column-inner\"><div class=\"wpb_wrapper\"><\/div><\/div><\/div><div class=\"wpb_column vc_column_container vc_col-sm-12 vc_col-lg-3\/5 vc_col-md-3\/5\"><div class=\"vc_column-inner\"><div class=\"wpb_wrapper\"><div class=\"vc_empty_space\"   style=\"height: 120px\"><span class=\"vc_empty_space_inner\"><\/span><\/div><div class=\"gt-page-heading gt-dark gt-center\"><div class=\"gt-line\"><\/div><span>Latest Projects<\/span><h1>Touch modern concepts and designs with Luxe Architecture.<\/h1><\/div><div class=\"vc_empty_space\"   style=\"height: 85px\"><span class=\"vc_empty_space_inner\"><\/span><\/div><\/div><\/div><\/div><div class=\"wpb_column vc_column_container vc_col-sm-12 vc_col-lg-1\/5 vc_col-md-1\/5 vc_hidden-sm vc_hidden-xs\"><div class=\"vc_column-inner\"><div class=\"wpb_wrapper\"><\/div><\/div><\/div><\/div><div data-vc-full-width=\"true\" data-vc-full-width-init=\"false\" data-vc-stretch-content=\"true\" class=\"vc_row wpb_row vc_row-fluid gt-background-position-initial gt-background-attachment-initial gt-text-default vc_row-no-padding\"><div class=\"wpb_column vc_column_container vc_col-sm-12\"><div class=\"vc_column-inner\"><div class=\"wpb_wrapper\"><div class=\"gt-project-list gt-style-6 gt-columns gt-column-1 gt-opacity-effect-false\"><div class=\"gt-item gt-col\"><div class=\"gt-container\"><div class=\"gt-content\"><h3 class=\"gt-title\"><a href=\"https:\/\/sanatyapi.com.tr\/en\/project\/turkcell-office-park\/\">TURKCELL Office Park<\/a><\/h3><ul class=\"gt-location\"><li><a href=\"https:\/\/sanatyapi.com.tr\/en\/project-location\/istanbul\/\">Istanbul<\/a><\/li><\/ul><ul class=\"gt-cat\"><li><a href=\"https:\/\/sanatyapi.com.tr\/en\/project-category\/is-merkezleri-ofisler\/\">Business Centers \/ Offices<\/a><\/li><\/ul><ul class=\"gt-date\"><li><a href=\"https:\/\/sanatyapi.com.tr\/en\/project-year\/2015\/\">2015<\/a><\/li><\/ul><\/div><\/div><\/div><div class=\"gt-item gt-col\"><div class=\"gt-container\"><div class=\"gt-content\"><h3 class=\"gt-title\"><a href=\"https:\/\/sanatyapi.com.tr\/en\/project\/ziraat-genel-mudurlugu-executive-katlar\/\">GENERAL DIRECTORATE OF AGRICULTURE EXECUTIVE FLOORS<\/a><\/h3><ul class=\"gt-location\"><li><a href=\"https:\/\/sanatyapi.com.tr\/en\/project-location\/istanbul\/\">Istanbul<\/a><\/li><\/ul><ul class=\"gt-cat\"><li><a href=\"https:\/\/sanatyapi.com.tr\/en\/project-category\/is-merkezleri-ofisler\/\">Business Centers \/ Offices<\/a><\/li><\/ul><ul class=\"gt-date\"><li><a href=\"https:\/\/sanatyapi.com.tr\/en\/project-year\/2024\/\">2024<\/a><\/li><\/ul><\/div><\/div><\/div><div class=\"gt-item gt-col\"><div class=\"gt-container\"><div class=\"gt-content\"><h3 class=\"gt-title\"><a href=\"https:\/\/sanatyapi.com.tr\/en\/project\/primemall\/\">PRIMEMALL<\/a><\/h3><ul class=\"gt-location\"><li><a href=\"https:\/\/sanatyapi.com.tr\/en\/project-location\/sivas\/\">Sivas<\/a><\/li><\/ul><ul class=\"gt-cat\"><li><a href=\"https:\/\/sanatyapi.com.tr\/en\/project-category\/alisveris-merkezleri\/\">Shopping Malls<\/a><\/li><\/ul><ul class=\"gt-date\"><li><a href=\"https:\/\/sanatyapi.com.tr\/en\/project-year\/2016\/\">2016<\/a><\/li><\/ul><\/div><\/div><\/div><div class=\"gt-item gt-col\"><div class=\"gt-container\"><div class=\"gt-content\"><h3 class=\"gt-title\"><a href=\"https:\/\/sanatyapi.com.tr\/en\/project\/unifree\/\">UNIFREE INTERNATIONAL DEPARTURE<\/a><\/h3><ul class=\"gt-location\"><li><a href=\"https:\/\/sanatyapi.com.tr\/en\/project-location\/istanbul\/\">Istanbul<\/a><\/li><\/ul><ul class=\"gt-cat\"><li><a href=\"https:\/\/sanatyapi.com.tr\/en\/project-category\/is-merkezleri-ofisler\/\">Business Centers \/ Offices<\/a><\/li><\/ul><ul class=\"gt-date\"><li><a href=\"https:\/\/sanatyapi.com.tr\/en\/project-year\/2018\/\">2018<\/a><\/li><\/ul><\/div><\/div><\/div><div class=\"gt-item gt-col\"><div class=\"gt-container\"><div class=\"gt-content\"><h3 class=\"gt-title\"><a href=\"https:\/\/sanatyapi.com.tr\/en\/project\/darussafaka-cemiyeti-okul-kompleksi\/\">DAR\u00dc\u015e\u015eAFAKA SOCIETY SCHOOL COMPLEX<\/a><\/h3><ul class=\"gt-location\"><li><a href=\"https:\/\/sanatyapi.com.tr\/en\/project-location\/istanbul\/\">Istanbul<\/a><\/li><\/ul><\/div><\/div><\/div><div class=\"gt-item gt-col\"><div class=\"gt-container\"><div class=\"gt-content\"><h3 class=\"gt-title\"><a href=\"https:\/\/sanatyapi.com.tr\/en\/project\/cevahir-avm-renovasyonu\/\">CEVAH\u0130R SHOPPING MALL RENOVATION<\/a><\/h3><ul class=\"gt-location\"><li><a href=\"https:\/\/sanatyapi.com.tr\/en\/project-location\/istanbul\/\">Istanbul<\/a><\/li><\/ul><ul class=\"gt-cat\"><li><a href=\"https:\/\/sanatyapi.com.tr\/en\/project-category\/alisveris-merkezleri\/\">Shopping Malls<\/a><\/li><\/ul><\/div><\/div><\/div><div class=\"gt-item gt-col\"><div class=\"gt-container\"><div class=\"gt-content\"><h3 class=\"gt-title\"><a href=\"https:\/\/sanatyapi.com.tr\/en\/project\/qnb-bank-as-veri-merkezi\/\">QNB BANK A.\u015e. DATA CENTER<\/a><\/h3><ul class=\"gt-location\"><li><a href=\"https:\/\/sanatyapi.com.tr\/en\/project-location\/ankara\/\">Ankara<\/a><\/li><\/ul><ul class=\"gt-cat\"><li><a href=\"https:\/\/sanatyapi.com.tr\/en\/project-category\/is-merkezleri-ofisler\/\">Business Centers \/ Offices<\/a><\/li><\/ul><\/div><\/div><\/div><div class=\"gt-item gt-col\"><div class=\"gt-container\"><div class=\"gt-content\"><h3 class=\"gt-title\"><a href=\"https:\/\/sanatyapi.com.tr\/en\/project\/metropol-avm\/\">METROPOLITAN SHOPPING CENTER<\/a><\/h3><ul class=\"gt-location\"><li><a href=\"https:\/\/sanatyapi.com.tr\/en\/project-location\/istanbul\/\">Istanbul<\/a><\/li><\/ul><ul class=\"gt-cat\"><li><a href=\"https:\/\/sanatyapi.com.tr\/en\/project-category\/alisveris-merkezleri\/\">Shopping Malls<\/a><\/li><\/ul><ul class=\"gt-date\"><li><a href=\"https:\/\/sanatyapi.com.tr\/en\/project-year\/2018\/\">2018<\/a><\/li><li><a href=\"https:\/\/sanatyapi.com.tr\/en\/project-year\/2019\/\">2019<\/a><\/li><\/ul><\/div><\/div><\/div><div class=\"gt-item gt-col\"><div class=\"gt-container\"><div class=\"gt-content\"><h3 class=\"gt-title\"><a href=\"https:\/\/sanatyapi.com.tr\/en\/project\/protel\/\">PROTEL<\/a><\/h3><ul class=\"gt-location\"><li><a href=\"https:\/\/sanatyapi.com.tr\/en\/project-location\/istanbul\/\">Istanbul<\/a><\/li><\/ul><ul class=\"gt-cat\"><li><a href=\"https:\/\/sanatyapi.com.tr\/en\/project-category\/is-merkezleri-ofisler\/\">Business Centers \/ Offices<\/a><\/li><\/ul><ul class=\"gt-date\"><li><a href=\"https:\/\/sanatyapi.com.tr\/en\/project-year\/2014\/\">2014<\/a><\/li><\/ul><\/div><\/div><\/div><div class=\"gt-item gt-col\"><div class=\"gt-container\"><div class=\"gt-content\"><h3 class=\"gt-title\"><a href=\"https:\/\/sanatyapi.com.tr\/en\/project\/istanbul-finans-merkezi-ziraat-kuleleri\/\">ISTANBUL FINANCE CENTER ZIRAAT TOWERS<\/a><\/h3><ul class=\"gt-location\"><li><a href=\"https:\/\/sanatyapi.com.tr\/en\/project-location\/istanbul\/\">Istanbul<\/a><\/li><\/ul><ul class=\"gt-cat\"><li><a href=\"https:\/\/sanatyapi.com.tr\/en\/project-category\/is-merkezleri-ofisler\/\">Business Centers \/ Offices<\/a><\/li><\/ul><ul class=\"gt-date\"><li><a href=\"https:\/\/sanatyapi.com.tr\/en\/project-year\/2024\/\">2024<\/a><\/li><\/ul><\/div><\/div><\/div><div class=\"gt-item gt-col\"><div class=\"gt-container\"><div class=\"gt-content\"><h3 class=\"gt-title\"><a href=\"https:\/\/sanatyapi.com.tr\/en\/project\/fmv-isik-okullari\/\">FMV I\u015eIK SCHOOLS<\/a><\/h3><ul class=\"gt-location\"><li><a href=\"https:\/\/sanatyapi.com.tr\/en\/project-location\/istanbul\/\">Istanbul<\/a><\/li><\/ul><ul class=\"gt-cat\"><li><a href=\"https:\/\/sanatyapi.com.tr\/en\/project-category\/is-merkezleri-ofisler\/\">Business Centers \/ Offices<\/a><\/li><\/ul><ul class=\"gt-date\"><li><a href=\"https:\/\/sanatyapi.com.tr\/en\/project-year\/2022\/\">2022<\/a><\/li><\/ul><\/div><\/div><\/div><div class=\"gt-item gt-col\"><div class=\"gt-container\"><div class=\"gt-content\"><h3 class=\"gt-title\"><a href=\"https:\/\/sanatyapi.com.tr\/en\/project\/intercity-piazza-ofis-binasi\/\">INTERCITY PIAZZA OFFICE BUILDING<\/a><\/h3><ul class=\"gt-location\"><li><a href=\"https:\/\/sanatyapi.com.tr\/en\/project-location\/istanbul\/\">Istanbul<\/a><\/li><\/ul><ul class=\"gt-cat\"><li><a href=\"https:\/\/sanatyapi.com.tr\/en\/project-category\/is-merkezleri-ofisler\/\">Business Centers \/ Offices<\/a><\/li><\/ul><ul class=\"gt-date\"><li><a href=\"https:\/\/sanatyapi.com.tr\/en\/project-year\/2024\/\">2024<\/a><\/li><\/ul><\/div><\/div><\/div><div class=\"gt-item gt-col\"><div class=\"gt-container\"><div class=\"gt-content\"><h3 class=\"gt-title\"><a href=\"https:\/\/sanatyapi.com.tr\/en\/project\/yolbulan-metal\/\">YOLBULAN METAL<\/a><\/h3><ul class=\"gt-location\"><li><a href=\"https:\/\/sanatyapi.com.tr\/en\/project-location\/istanbul\/\">Istanbul<\/a><\/li><\/ul><ul class=\"gt-cat\"><li><a href=\"https:\/\/sanatyapi.com.tr\/en\/project-category\/is-merkezleri-ofisler\/\">Business Centers \/ Offices<\/a><\/li><\/ul><ul class=\"gt-date\"><li><a href=\"https:\/\/sanatyapi.com.tr\/en\/project-year\/2009\/\">2009<\/a><\/li><\/ul><\/div><\/div><\/div><div class=\"gt-item gt-col\"><div class=\"gt-container\"><div class=\"gt-content\"><h3 class=\"gt-title\"><a href=\"https:\/\/sanatyapi.com.tr\/en\/project\/migros-miget\/\">M\u0130GROS M\u0130GET<\/a><\/h3><ul class=\"gt-location\"><li><a href=\"https:\/\/sanatyapi.com.tr\/en\/project-location\/izmir\/\">Izmir<\/a><\/li><\/ul><ul class=\"gt-cat\"><li><a href=\"https:\/\/sanatyapi.com.tr\/en\/project-category\/sanayi-tesisleri\/\">Industrial Facilities<\/a><\/li><\/ul><ul class=\"gt-date\"><li><a href=\"https:\/\/sanatyapi.com.tr\/en\/project-year\/2021\/\">2021<\/a><\/li><\/ul><\/div><\/div><\/div><div class=\"gt-item gt-col\"><div class=\"gt-container\"><div class=\"gt-content\"><h3 class=\"gt-title\"><a href=\"https:\/\/sanatyapi.com.tr\/en\/project\/altinay-modifikasyon-merkezi\/\">ALTINAY MODIFICATION CENTER<\/a><\/h3><ul class=\"gt-location\"><li><a href=\"https:\/\/sanatyapi.com.tr\/en\/project-location\/kocaeli\/\">Kocaeli<\/a><\/li><\/ul><ul class=\"gt-cat\"><li><a href=\"https:\/\/sanatyapi.com.tr\/en\/project-category\/sanayi-tesisleri\/\">Industrial Facilities<\/a><\/li><\/ul><ul class=\"gt-date\"><li><a href=\"https:\/\/sanatyapi.com.tr\/en\/project-year\/2021\/\">2021<\/a><\/li><\/ul><\/div><\/div><\/div><\/div><div class=\"vc_empty_space\"   style=\"height: 90px\"><span class=\"vc_empty_space_inner\"><\/span><\/div><\/div><\/div><\/div><\/div><div class=\"vc_row-full-width vc_clearfix\"><\/div>\n<\/div>","protected":false},"excerpt":{"rendered":"FabrikaALTINAY MOD\u0130F\u0130KASYON MERKEZ\u0130T\u00fcr\u00fcFabrikaYap\u0131lan \u0130\u015fKaba \u0130n\u015faat \u0130\u015fleri, Cephe, \u0130nce \u0130\u015fler, Elektrik ve Mekanik \u0130\u015flerY\u0131l2021KonumKocaeli\u0130n\u015faat Alan\u0131-- m\u00b2\u0130n\u015faat S\u00fcresi-- AyTamamland\u0131","protected":false},"author":1,"featured_media":0,"parent":0,"menu_order":0,"comment_status":"closed","ping_status":"closed","template":"","meta":{"om_disable_all_campaigns":false,"inline_featured_image":false,"footnotes":""},"class_list":["post-242","page","type-page","status-publish","hentry"],"aioseo_notices":[],"_links":{"self":[{"href":"https:\/\/sanatyapi.com.tr\/en\/wp-json\/wp\/v2\/pages\/242","targetHints":{"allow":["GET"]}}],"collection":[{"href":"https:\/\/sanatyapi.com.tr\/en\/wp-json\/wp\/v2\/pages"}],"about":[{"href":"https:\/\/sanatyapi.com.tr\/en\/wp-json\/wp\/v2\/types\/page"}],"author":[{"embeddable":true,"href":"https:\/\/sanatyapi.com.tr\/en\/wp-json\/wp\/v2\/users\/1"}],"replies":[{"embeddable":true,"href":"https:\/\/sanatyapi.com.tr\/en\/wp-json\/wp\/v2\/comments?post=242"}],"version-history":[{"count":0,"href":"https:\/\/sanatyapi.com.tr\/en\/wp-json\/wp\/v2\/pages\/242\/revisions"}],"wp:attachment":[{"href":"https:\/\/sanatyapi.com.tr\/en\/wp-json\/wp\/v2\/media?parent=242"}],"curies":[{"name":"wp","href":"https:\/\/api.w.org\/{rel}","templated":true}]}}