{"id":1629,"date":"2018-09-23T13:13:20","date_gmt":"2018-09-23T13:13:20","guid":{"rendered":"https:\/\/demo.gloriathemes.com\/luxe\/demo\/?page_id=1629"},"modified":"2018-09-23T13:13:20","modified_gmt":"2018-09-23T13:13:20","slug":"project-filtering","status":"publish","type":"page","link":"https:\/\/sanatyapi.com.tr\/en\/project-filtering\/","title":{"rendered":"Project Filtering"},"content":{"rendered":"<div class=\"wpb-content-wrapper\"><div class=\"vc_row wpb_row vc_row-fluid gt-background-position-initial gt-background-attachment-initial gt-text-default\"><div class=\"wpb_column vc_column_container vc_col-sm-12\"><div class=\"vc_column-inner\"><div class=\"wpb_wrapper\"><div class=\"gt-filter gt-style-2\"><form method=\"get\" action=\"https:\/\/sanatyapi.com.tr\/en\/projeler\/\" data-trp-original-action=\"https:\/\/sanatyapi.com.tr\/en\/projeler\/\"><div class=\"gt-filter-content collapse show\" id=\"gt-filter-collapse\"><div class=\"gt-inner\"><div class=\"gt-box-list gt-columns gt-column-6 gt-column-space-20\"><div class=\"gt-box gt-col\"><select name=\"category\" class=\"selectpicker\"><option value=\"\">Category<\/option><option value=\"193\">Fuel Sales Stations<\/option><option value=\"18\">Business Centers \/ Offices<\/option><option value=\"115\">Tourism Facilities<\/option><option value=\"17\">Shopping Malls<\/option><option value=\"19\">Industrial Facilities<\/option><option value=\"20\">Fuel Stations<\/option><\/select><\/div><div class=\"gt-box gt-col\"><select name=\"location\" class=\"selectpicker\"><option value=\"\">Location<\/option><option value=\"148\">Kirikkale<\/option><option value=\"154\">Eskisehir<\/option><option value=\"157\">Nevsehir<\/option><option value=\"160\">Kocaeli<\/option><option value=\"167\">Afyonkarahisar<\/option><option value=\"169\">Basement<\/option><option value=\"172\">Kirklareli<\/option><option value=\"174\">Zonguldak<\/option><option value=\"182\">Antalya<\/option><option value=\"192\">Kutahya<\/option><option value=\"105\">Istanbul<\/option><option value=\"125\">Ankara<\/option><option value=\"134\">Izmir<\/option><option value=\"129\">Samsun<\/option><option value=\"107\">Sivas<\/option><option value=\"137\">Urfa<\/option><\/select><\/div><div class=\"gt-box gt-col\"><select name=\"status\" class=\"selectpicker\"><option value=\"\">Status<\/option><option value=\"36\">Completed<\/option><option value=\"47\">Ongoing<\/option><\/select><\/div><div class=\"gt-box gt-col\"><select name=\"client\" class=\"selectpicker\"><option value=\"\">Client<\/option><option value=\"179\">INTERCITY<\/option><option value=\"159\">ANATOLIAN HOLDING<\/option><option value=\"161\">ALTINAY HOLDING<\/option><option value=\"163\">ISTANBUL METROPOLITAN MUNICIPALITY<\/option><option value=\"165\">ALPET<\/option><option value=\"168\">B\u0130M UNITED STORES INC.<\/option><option value=\"171\">ALARKO GYO. A.\u015e<\/option><option value=\"173\">VEM MEDICINE IND. AND TRADE INC.<\/option><option value=\"175\">MODERN CARTON INDUSTRY AND TRADE INC.<\/option><option value=\"176\">GO KLIPS TEXTILE AND MACHINERY INDUSTRY FOREIGN TRADE CO. LTD.<\/option><option value=\"177\">TAKSIM HOTEL INC.<\/option><option value=\"178\">PROCTER &amp; GAMBLE<\/option><option value=\"156\">FORD OTOSAN<\/option><option value=\"181\">OTOKO\u00c7 AUTOMOTIVE<\/option><option value=\"183\">BIRMOT AUTOMOTIVE<\/option><option value=\"188\">BP<\/option><option value=\"189\">NG KUTAHYA CERAMIC<\/option><option value=\"194\">TURKPETROL<\/option><option value=\"195\">OPET<\/option><option value=\"196\">PETROL OF\u0130S\u0130<\/option><option value=\"197\">TOTAL<\/option><option value=\"198\">SOCAR<\/option><option value=\"199\">LUKOIL<\/option><option value=\"152\">ZIRAAT BANK<\/option><option value=\"143\">M\u0130GROS M\u0130GET<\/option><option value=\"146\">FMV I\u015eIK SCHOOLS<\/option><option value=\"150\">TUPRAS<\/option><option value=\"99\">TURKCELL<\/option><option value=\"103\">UNIFREE<\/option><option value=\"109\">PRIMEMALL<\/option><option value=\"116\">PROTEL<\/option><option value=\"119\">ENUYGUN.COM<\/option><option value=\"128\">G\u00dcLERMAK - DO\u011eU\u015e ORDINARY PARTNERSHIP<\/option><option value=\"120\">CARREFOUR-SA BAYRAMPASA<\/option><option value=\"131\">METRO CASH &amp; CARRY<\/option><option value=\"106\">LOREAL T\u00fcrkiye<\/option><option value=\"136\">PETKIM ALIAGA FACILITIES<\/option><option value=\"113\">METROPOLITAN SHOPPING CENTER<\/option><option value=\"112\">AYTEM\u0130Z<\/option><option value=\"123\">BOSCH TRAINING AND SERVICE CENTER<\/option><option value=\"110\">YOLBULAN METAL<\/option><option value=\"126\">CHAMBER OF ELECTRICAL ENGINEERS<\/option><option value=\"118\">\u0130LK PLAZA<\/option><option value=\"139\">KADOIL URFA<\/option><option value=\"141\">SHELL &amp; TURCAS<\/option><\/select><\/div><div class=\"gt-box gt-col\"><select name=\"project-year\" class=\"selectpicker\"><option value=\"\">Year<\/option><option value=\"190\">2023<\/option><option value=\"166\">2005<\/option><option value=\"164\">2008<\/option><option value=\"153\">2024<\/option><option value=\"144\">2021<\/option><option value=\"145\">2022<\/option><option value=\"122\">2002<\/option><option value=\"121\">2003<\/option><option value=\"127\">2006<\/option><option value=\"124\">2007<\/option><option value=\"111\">2009<\/option><option value=\"132\">2012<\/option><option value=\"117\">2014<\/option><option value=\"26\">2015<\/option><option value=\"27\">2016<\/option><option value=\"29\">2018<\/option><option value=\"114\">2019<\/option><\/select><\/div><div class=\"gt-box gt-col\"><button type=\"submit\">Filter<\/button><input type=\"hidden\" name=\"project-filtering\" value=\"true\" \/><\/div><\/div><\/div><\/div><input type=\"hidden\" name=\"trp-form-language\" value=\"en\"\/><\/form><\/div><div class=\"vc_empty_space\"   style=\"height: 20px\"><span class=\"vc_empty_space_inner\"><\/span><\/div>\n\t<div class=\"wpb_text_column wpb_content_element\" >\n\t\t<div class=\"wpb_wrapper\">\n\t\t\t<p style=\"text-align: center;\"><span style=\"color: #b1b1b1;\">This page is just an example, you can use project filtering and filtering results with all project styles on any page\/home.<\/span><\/p>\n\n\t\t<\/div>\n\t<\/div>\n<\/div><\/div><\/div><\/div><div class=\"vc_row wpb_row vc_row-fluid gt-background-position-initial gt-background-attachment-initial gt-text-default\"><div class=\"wpb_column vc_column_container vc_col-sm-12 vc_col-lg-1\/5 vc_col-md-1\/5 vc_hidden-sm vc_hidden-xs\"><div class=\"vc_column-inner\"><div class=\"wpb_wrapper\"><\/div><\/div><\/div><div class=\"wpb_column vc_column_container vc_col-sm-12 vc_col-lg-3\/5 vc_col-md-3\/5\"><div class=\"vc_column-inner\"><div class=\"wpb_wrapper\"><div class=\"vc_empty_space\"   style=\"height: 120px\"><span class=\"vc_empty_space_inner\"><\/span><\/div><div class=\"gt-page-heading gt-dark gt-center\"><div class=\"gt-line\"><\/div><span>Latest Projects<\/span><h1>Touch modern concepts and designs with Luxe Architecture.<\/h1><\/div><div class=\"vc_empty_space\"   style=\"height: 85px\"><span class=\"vc_empty_space_inner\"><\/span><\/div><\/div><\/div><\/div><div class=\"wpb_column vc_column_container vc_col-sm-12 vc_col-lg-1\/5 vc_col-md-1\/5 vc_hidden-sm vc_hidden-xs\"><div class=\"vc_column-inner\"><div class=\"wpb_wrapper\"><\/div><\/div><\/div><\/div><div class=\"vc_row wpb_row vc_row-fluid gt-background-position-initial gt-background-attachment-initial gt-text-default\"><div class=\"wpb_column vc_column_container vc_col-sm-12\"><div class=\"vc_column-inner\"><div class=\"wpb_wrapper\"><div class=\"gt-project-list gt-style-2 gt-columns gt-column-1 gt-opacity-effect-true\"><div class=\"gt-item gt-col\"><div class=\"gt-img\"><a href=\"https:\/\/sanatyapi.com.tr\/en\/project\/turkcell-office-park\/\"><img loading=\"lazy\" decoding=\"async\" width=\"750\" height=\"750\" src=\"data:image\/svg+xml,%3Csvg%20xmlns%3D%27https:\/\/www.w3.org\/2000\/svg%27%20viewBox%3D%270%200%203%202%27%3E%3C\/svg%3E\" class=\"attachment-luxe-project-2 size-luxe-project-2 gt-lazy-load wp-post-image\" alt=\"\" data-src=\"https:\/\/sanatyapi.com.tr\/wp-content\/uploads\/2018\/09\/food-5-750x750.webp\" data-srcset=\"https:\/\/sanatyapi.com.tr\/wp-content\/uploads\/2018\/09\/food-5-750x750.webp 750w, https:\/\/sanatyapi.com.tr\/wp-content\/uploads\/2018\/09\/food-5-150x150.webp 150w, https:\/\/sanatyapi.com.tr\/wp-content\/uploads\/2018\/09\/food-5-555x555.webp 555w, https:\/\/sanatyapi.com.tr\/wp-content\/uploads\/2018\/09\/food-5-540x540.webp 540w, https:\/\/sanatyapi.com.tr\/wp-content\/uploads\/2018\/09\/food-5-800x800.webp 800w, https:\/\/sanatyapi.com.tr\/wp-content\/uploads\/2018\/09\/food-5-65x65.webp 65w, https:\/\/sanatyapi.com.tr\/wp-content\/uploads\/2018\/09\/food-5-350x350.webp 350w, https:\/\/sanatyapi.com.tr\/wp-content\/uploads\/2018\/09\/food-5-650x650.webp 650w\" data-sizes=\"(max-width: 750px) 100vw, 750px\" \/><div class=\"gt-overlay\"><div class=\"gt-overlay-color\"><\/div><div class=\"gt-overlay-icon\"><svg xmlns=\"https:\/\/www.w3.org\/2000\/svg\" width=\"24\" height=\"24\" viewbox=\"0 0 24 24\" fill=\"none\" stroke=\"currentColor\" stroke-width=\"1\" stroke-linecap=\"round\" stroke-linejoin=\"round\" class=\"feather feather-arrow-right\"><line x1=\"5\" y1=\"12\" x2=\"19\" y2=\"12\"><\/line><polyline points=\"12 5 19 12 12 19\"><\/polyline><\/svg><\/div><\/div><\/a><\/div><div class=\"gt-content\"><div class=\"gt-line\"><\/div><ul class=\"gt-date\"><li><a href=\"https:\/\/sanatyapi.com.tr\/en\/project-year\/2015\/\">2015<\/a><\/li><\/ul><h3 class=\"gt-title\"><a href=\"https:\/\/sanatyapi.com.tr\/en\/project\/turkcell-office-park\/\">TURKCELL Office Park<\/a><\/h3><ul class=\"gt-location\"><li><a href=\"https:\/\/sanatyapi.com.tr\/en\/project-location\/istanbul\/\">Istanbul<\/a><\/li><\/ul><ul class=\"gt-cat\"><li><a href=\"https:\/\/sanatyapi.com.tr\/en\/project-category\/is-merkezleri-ofisler\/\">Business Centers \/ Offices<\/a><\/li><\/ul><\/div><\/div><div class=\"gt-item gt-col\"><div class=\"gt-img\"><a href=\"https:\/\/sanatyapi.com.tr\/en\/project\/ziraat-genel-mudurlugu-executive-katlar\/\"><img loading=\"lazy\" decoding=\"async\" width=\"750\" height=\"750\" src=\"data:image\/svg+xml,%3Csvg%20xmlns%3D%27https:\/\/www.w3.org\/2000\/svg%27%20viewBox%3D%270%200%203%202%27%3E%3C\/svg%3E\" class=\"attachment-luxe-project-2 size-luxe-project-2 gt-lazy-load wp-post-image\" alt=\"\" data-src=\"https:\/\/sanatyapi.com.tr\/wp-content\/uploads\/2024\/11\/Sanatyapi_ziraat-5-1-750x750.jpg\" data-srcset=\"https:\/\/sanatyapi.com.tr\/wp-content\/uploads\/2024\/11\/Sanatyapi_ziraat-5-1-750x750.jpg 750w, https:\/\/sanatyapi.com.tr\/wp-content\/uploads\/2024\/11\/Sanatyapi_ziraat-5-1-150x150.jpg 150w, https:\/\/sanatyapi.com.tr\/wp-content\/uploads\/2024\/11\/Sanatyapi_ziraat-5-1-555x555.jpg 555w, https:\/\/sanatyapi.com.tr\/wp-content\/uploads\/2024\/11\/Sanatyapi_ziraat-5-1-540x540.jpg 540w, https:\/\/sanatyapi.com.tr\/wp-content\/uploads\/2024\/11\/Sanatyapi_ziraat-5-1-800x800.jpg 800w, https:\/\/sanatyapi.com.tr\/wp-content\/uploads\/2024\/11\/Sanatyapi_ziraat-5-1-65x65.jpg 65w, https:\/\/sanatyapi.com.tr\/wp-content\/uploads\/2024\/11\/Sanatyapi_ziraat-5-1-350x350.jpg 350w, https:\/\/sanatyapi.com.tr\/wp-content\/uploads\/2024\/11\/Sanatyapi_ziraat-5-1-650x650.jpg 650w\" data-sizes=\"(max-width: 750px) 100vw, 750px\" \/><div class=\"gt-overlay\"><div class=\"gt-overlay-color\"><\/div><div class=\"gt-overlay-icon\"><svg xmlns=\"https:\/\/www.w3.org\/2000\/svg\" width=\"24\" height=\"24\" viewbox=\"0 0 24 24\" fill=\"none\" stroke=\"currentColor\" stroke-width=\"1\" stroke-linecap=\"round\" stroke-linejoin=\"round\" class=\"feather feather-arrow-right\"><line x1=\"5\" y1=\"12\" x2=\"19\" y2=\"12\"><\/line><polyline points=\"12 5 19 12 12 19\"><\/polyline><\/svg><\/div><\/div><\/a><\/div><div class=\"gt-content\"><div class=\"gt-line\"><\/div><ul class=\"gt-date\"><li><a href=\"https:\/\/sanatyapi.com.tr\/en\/project-year\/2024\/\">2024<\/a><\/li><\/ul><h3 class=\"gt-title\"><a href=\"https:\/\/sanatyapi.com.tr\/en\/project\/ziraat-genel-mudurlugu-executive-katlar\/\">GENERAL DIRECTORATE OF AGRICULTURE EXECUTIVE FLOORS<\/a><\/h3><ul class=\"gt-location\"><li><a href=\"https:\/\/sanatyapi.com.tr\/en\/project-location\/istanbul\/\">Istanbul<\/a><\/li><\/ul><ul class=\"gt-cat\"><li><a href=\"https:\/\/sanatyapi.com.tr\/en\/project-category\/is-merkezleri-ofisler\/\">Business Centers \/ Offices<\/a><\/li><\/ul><\/div><\/div><div class=\"gt-item gt-col\"><div class=\"gt-img\"><a href=\"https:\/\/sanatyapi.com.tr\/en\/project\/primemall\/\"><img loading=\"lazy\" decoding=\"async\" width=\"750\" height=\"750\" src=\"data:image\/svg+xml,%3Csvg%20xmlns%3D%27https:\/\/www.w3.org\/2000\/svg%27%20viewBox%3D%270%200%203%202%27%3E%3C\/svg%3E\" class=\"attachment-luxe-project-2 size-luxe-project-2 gt-lazy-load wp-post-image\" alt=\"\" data-src=\"https:\/\/sanatyapi.com.tr\/wp-content\/uploads\/2024\/06\/DSC_6859-750x750.jpg\" data-srcset=\"https:\/\/sanatyapi.com.tr\/wp-content\/uploads\/2024\/06\/DSC_6859-750x750.jpg 750w, https:\/\/sanatyapi.com.tr\/wp-content\/uploads\/2024\/06\/DSC_6859-150x150.jpg 150w, https:\/\/sanatyapi.com.tr\/wp-content\/uploads\/2024\/06\/DSC_6859-555x555.jpg 555w, https:\/\/sanatyapi.com.tr\/wp-content\/uploads\/2024\/06\/DSC_6859-540x540.jpg 540w, https:\/\/sanatyapi.com.tr\/wp-content\/uploads\/2024\/06\/DSC_6859-800x800.jpg 800w, https:\/\/sanatyapi.com.tr\/wp-content\/uploads\/2024\/06\/DSC_6859-65x65.jpg 65w, https:\/\/sanatyapi.com.tr\/wp-content\/uploads\/2024\/06\/DSC_6859-350x350.jpg 350w, https:\/\/sanatyapi.com.tr\/wp-content\/uploads\/2024\/06\/DSC_6859-650x650.jpg 650w, https:\/\/sanatyapi.com.tr\/wp-content\/uploads\/2024\/06\/DSC_6859-1200x1200.jpg 1200w\" data-sizes=\"(max-width: 750px) 100vw, 750px\" \/><div class=\"gt-overlay\"><div class=\"gt-overlay-color\"><\/div><div class=\"gt-overlay-icon\"><svg xmlns=\"https:\/\/www.w3.org\/2000\/svg\" width=\"24\" height=\"24\" viewbox=\"0 0 24 24\" fill=\"none\" stroke=\"currentColor\" stroke-width=\"1\" stroke-linecap=\"round\" stroke-linejoin=\"round\" class=\"feather feather-arrow-right\"><line x1=\"5\" y1=\"12\" x2=\"19\" y2=\"12\"><\/line><polyline points=\"12 5 19 12 12 19\"><\/polyline><\/svg><\/div><\/div><\/a><\/div><div class=\"gt-content\"><div class=\"gt-line\"><\/div><ul class=\"gt-date\"><li><a href=\"https:\/\/sanatyapi.com.tr\/en\/project-year\/2016\/\">2016<\/a><\/li><\/ul><h3 class=\"gt-title\"><a href=\"https:\/\/sanatyapi.com.tr\/en\/project\/primemall\/\">PRIMEMALL<\/a><\/h3><ul class=\"gt-location\"><li><a href=\"https:\/\/sanatyapi.com.tr\/en\/project-location\/sivas\/\">Sivas<\/a><\/li><\/ul><ul class=\"gt-cat\"><li><a href=\"https:\/\/sanatyapi.com.tr\/en\/project-category\/alisveris-merkezleri\/\">Shopping Malls<\/a><\/li><\/ul><\/div><\/div><div class=\"gt-item gt-col\"><div class=\"gt-img\"><a href=\"https:\/\/sanatyapi.com.tr\/en\/project\/unifree\/\"><img loading=\"lazy\" decoding=\"async\" width=\"750\" height=\"750\" src=\"data:image\/svg+xml,%3Csvg%20xmlns%3D%27https:\/\/www.w3.org\/2000\/svg%27%20viewBox%3D%270%200%203%202%27%3E%3C\/svg%3E\" class=\"attachment-luxe-project-2 size-luxe-project-2 gt-lazy-load wp-post-image\" alt=\"\" data-src=\"https:\/\/sanatyapi.com.tr\/wp-content\/uploads\/2024\/06\/IMG_0319-750x750.webp\" data-srcset=\"https:\/\/sanatyapi.com.tr\/wp-content\/uploads\/2024\/06\/IMG_0319-750x750.webp 750w, https:\/\/sanatyapi.com.tr\/wp-content\/uploads\/2024\/06\/IMG_0319-150x150.webp 150w, https:\/\/sanatyapi.com.tr\/wp-content\/uploads\/2024\/06\/IMG_0319-555x555.webp 555w, https:\/\/sanatyapi.com.tr\/wp-content\/uploads\/2024\/06\/IMG_0319-540x540.webp 540w, https:\/\/sanatyapi.com.tr\/wp-content\/uploads\/2024\/06\/IMG_0319-800x800.webp 800w, https:\/\/sanatyapi.com.tr\/wp-content\/uploads\/2024\/06\/IMG_0319-65x65.webp 65w, https:\/\/sanatyapi.com.tr\/wp-content\/uploads\/2024\/06\/IMG_0319-350x350.webp 350w, https:\/\/sanatyapi.com.tr\/wp-content\/uploads\/2024\/06\/IMG_0319-650x650.webp 650w\" data-sizes=\"(max-width: 750px) 100vw, 750px\" \/><div class=\"gt-overlay\"><div class=\"gt-overlay-color\"><\/div><div class=\"gt-overlay-icon\"><svg xmlns=\"https:\/\/www.w3.org\/2000\/svg\" width=\"24\" height=\"24\" viewbox=\"0 0 24 24\" fill=\"none\" stroke=\"currentColor\" stroke-width=\"1\" stroke-linecap=\"round\" stroke-linejoin=\"round\" class=\"feather feather-arrow-right\"><line x1=\"5\" y1=\"12\" x2=\"19\" y2=\"12\"><\/line><polyline points=\"12 5 19 12 12 19\"><\/polyline><\/svg><\/div><\/div><\/a><\/div><div class=\"gt-content\"><div class=\"gt-line\"><\/div><ul class=\"gt-date\"><li><a href=\"https:\/\/sanatyapi.com.tr\/en\/project-year\/2018\/\">2018<\/a><\/li><\/ul><h3 class=\"gt-title\"><a href=\"https:\/\/sanatyapi.com.tr\/en\/project\/unifree\/\">UNIFREE INTERNATIONAL DEPARTURE<\/a><\/h3><ul class=\"gt-location\"><li><a href=\"https:\/\/sanatyapi.com.tr\/en\/project-location\/istanbul\/\">Istanbul<\/a><\/li><\/ul><ul class=\"gt-cat\"><li><a href=\"https:\/\/sanatyapi.com.tr\/en\/project-category\/is-merkezleri-ofisler\/\">Business Centers \/ Offices<\/a><\/li><\/ul><\/div><\/div><\/div><div class=\"gt-pagination gt-gt-light\"><ul class='page-numbers'>\n\t<li><span aria-current=\"page\" class=\"page-numbers current\">1<\/span><\/li>\n\t<li><a class=\"page-numbers\" href=\"https:\/\/sanatyapi.com.tr\/en\/wp-json\/wp\/v2\/pages\/1629\/page\/2\/\">2<\/a><\/li>\n\t<li><a class=\"page-numbers\" href=\"https:\/\/sanatyapi.com.tr\/en\/wp-json\/wp\/v2\/pages\/1629\/page\/3\/\">3<\/a><\/li>\n\t<li><span class=\"page-numbers dots\">&hellip;<\/span><\/li>\n\t<li><a class=\"page-numbers\" href=\"https:\/\/sanatyapi.com.tr\/en\/wp-json\/wp\/v2\/pages\/1629\/page\/13\/\">13<\/a><\/li>\n\t<li><a class=\"next page-numbers\" href=\"https:\/\/sanatyapi.com.tr\/en\/wp-json\/wp\/v2\/pages\/1629\/page\/2\/\">Next<\/a><\/li>\n<\/ul>\n<\/div><\/div><\/div><\/div><\/div>\n<\/div>","protected":false},"excerpt":{"rendered":"Havaalan\u0131UNIFREE DI\u015e HATLAR G\u0130D\u0130\u015e Tasar\u0131m\u0131 Tabanl\u0131o\u011flu firmas\u0131 taraf\u0131ndan yap\u0131lan projede 3. Havaliman\u0131 d\u0131\u015f hatlar duty free alan\u0131nda 30.000 metrekarelik alana yay\u0131l\u0131 olan Ortak Alan ve Ma\u011fazarlar ve Pazar Yeri An\u0131tsal...","protected":false},"author":1,"featured_media":0,"parent":0,"menu_order":0,"comment_status":"closed","ping_status":"closed","template":"","meta":{"om_disable_all_campaigns":false,"inline_featured_image":false,"footnotes":""},"class_list":["post-1629","page","type-page","status-publish","hentry"],"aioseo_notices":[],"_links":{"self":[{"href":"https:\/\/sanatyapi.com.tr\/en\/wp-json\/wp\/v2\/pages\/1629","targetHints":{"allow":["GET"]}}],"collection":[{"href":"https:\/\/sanatyapi.com.tr\/en\/wp-json\/wp\/v2\/pages"}],"about":[{"href":"https:\/\/sanatyapi.com.tr\/en\/wp-json\/wp\/v2\/types\/page"}],"author":[{"embeddable":true,"href":"https:\/\/sanatyapi.com.tr\/en\/wp-json\/wp\/v2\/users\/1"}],"replies":[{"embeddable":true,"href":"https:\/\/sanatyapi.com.tr\/en\/wp-json\/wp\/v2\/comments?post=1629"}],"version-history":[{"count":0,"href":"https:\/\/sanatyapi.com.tr\/en\/wp-json\/wp\/v2\/pages\/1629\/revisions"}],"wp:attachment":[{"href":"https:\/\/sanatyapi.com.tr\/en\/wp-json\/wp\/v2\/media?parent=1629"}],"curies":[{"name":"wp","href":"https:\/\/api.w.org\/{rel}","templated":true}]}}